{"id":113,"date":"2015-04-29T12:15:01","date_gmt":"2015-04-29T11:15:01","guid":{"rendered":"http:\/\/2015.ostravskamuzejninoc.cz\/?page_id=113"},"modified":"2015-05-26T16:48:51","modified_gmt":"2015-05-26T15:48:51","slug":"cesky-antikvariat-a-klub-fiducia","status":"publish","type":"page","link":"https:\/\/2015.ostravskamuzejninoc.cz\/en\/cesky-antikvariat-a-klub-fiducia\/","title":{"rendered":"Antiquarian bookshop and club Fiducia"},"content":{"rendered":"<p><\/p>\n<table class=\"alignleft\" border=\"0\" width=\"700\" cellspacing=\"0\" cellpadding=\"0\">\n<tbody>\n<tr>\n<td valign=\"top\" width=\"380\">\n<h1>Antiquarian bookshop and club Fiducia<\/h1>\n<h5>17.00\u201319.00<\/h5>\n<h3>From V\u00fd\u0161kovice to Z\u00e1b\u0159eh<\/h3>\n<p>A walk through housing estates with Martin Strako\u0161, an art historian, and Jakub Iv\u00e1nek, a documenter of Ostrava\u2019s statues. This time we are departing on a journey along the street car rails from V\u00fd\u0161kovice to Z\u00e1b\u0159eh or also from the terminal street car station to the centre of the South Town, how this satellite situated in the southern part of Ostrava in registry of municipality Z\u00e1b\u0159eh nad Odrou used to be called. First we\u2019ll walk through the younger parts of estates in V\u00fd\u0161kovice land registry. Then we\u2019ll head to the core of the satellite along V\u00fd\u0161kovick\u00e1 street with the cinema Luna, a hotel, shopping centre Kotva, and various types of blocks of flats. The mentioned housing estates are still perceived as new parts of Ostrava, so they do not get much attention from museums. The last year we walked through housing estate Fifejdy on the border of Mari\u00e1nsk\u00e9 Hory and Moravian Ostrava. This time we will also walk through city suburbia, which is connected to its surroundings and a vast recreation area of B\u011blsk\u00fd les in a fascinating manner.<\/p>\n<p>Modifications and reconstructions of the houses and whole blocks of houses, changes in the demography of population and lifestyle changes do have serious impact on the character of the quarters. Only people\u2019s memories, photos, and plans can keep what gradually becomes history of the place.<\/p>\n<p>17.00 Meeting at the terminal station of V\u00fd\u0161kovice street car, no. 2, 6, 7, and 15 in Ostrava-V\u00fd\u0161kovice on V\u00fd\u0161kovick\u00e1 street.<\/p>\n<h5>18.00\u201322.00<\/h5>\n<h3>Ostrava museum night in Fiducia<\/h3>\n<p>The entire Fiducia including the second-hand bookshop will be open and a traditional literature competition for valuable prizes will be awaiting you.<\/p>\n<h5>18.00\u201320.00<\/h5>\n<h3>Special museum workshops for kids and their parents<\/h3>\n<p>Artists Marcela Lys\u00e1\u010dkov\u00e1 and Max Lys\u00e1\u010dek will assist you during the workshop.<\/td>\n<td width=\"20\"><\/td>\n<td valign=\"top\" width=\"300\"><img loading=\"lazy\" class=\"aligncenter size-full wp-image-166\" src=\"https:\/\/2013.ostravskamuzejninoc.cz\/wp-content\/uploads\/2013\/04\/lofgo_cerny_podklad.jpg\" alt=\"lofgo_cerny_podklad\" width=\"300\" height=\"116\" \/><img loading=\"lazy\" class=\"size-full wp-image-163 alignnone\" src=\"https:\/\/2013.ostravskamuzejninoc.cz\/wp-content\/uploads\/2013\/04\/fiducia3.jpg\" alt=\"fiducia3\" width=\"300\" height=\"188\" \/><\/p>\n<h2>Contact:<\/h2>\n<p>Antiquarian bookshop and club Fiducia,<br \/>\nN\u00e1dra\u017en\u00ed 30 (entrance from the Ml\u00fdnsk\u00e1 street),<br \/>\n702 00 Ostrava<\/p>\n<p><a href=\"mailto:akce@antikfiducia.cz\" target=\"_blank\">akce@antikfiducia.cz<\/a><br \/>\n<a href=\"https:\/\/www.antikfiducia.com\" target=\"_blank\">www.antikfiducia.com<\/a><br \/>\nPhone number: 596 117 312<\/td>\n<\/tr>\n<\/tbody>\n<\/table>\n<p><\/p>","protected":false},"excerpt":{"rendered":"<p>Antiquarian bookshop and club Fiducia 17.00\u201319.00 From V\u00fd\u0161kovice to Z\u00e1b\u0159eh A walk through housing estates with Martin Strako\u0161, an art historian, and Jakub Iv\u00e1nek, a documenter of Ostrava\u2019s statues. This time we are departing on a journey along the street car rails from V\u00fd\u0161kovice to Z\u00e1b\u0159eh or also from the terminal street car station to [&hellip;]<\/p>\n","protected":false},"author":1,"featured_media":0,"parent":0,"menu_order":0,"comment_status":"closed","ping_status":"closed","template":"","meta":[],"_links":{"self":[{"href":"https:\/\/2015.ostravskamuzejninoc.cz\/en\/wp-json\/wp\/v2\/pages\/113"}],"collection":[{"href":"https:\/\/2015.ostravskamuzejninoc.cz\/en\/wp-json\/wp\/v2\/pages"}],"about":[{"href":"https:\/\/2015.ostravskamuzejninoc.cz\/en\/wp-json\/wp\/v2\/types\/page"}],"author":[{"embeddable":true,"href":"https:\/\/2015.ostravskamuzejninoc.cz\/en\/wp-json\/wp\/v2\/users\/1"}],"replies":[{"embeddable":true,"href":"https:\/\/2015.ostravskamuzejninoc.cz\/en\/wp-json\/wp\/v2\/comments?post=113"}],"version-history":[{"count":13,"href":"https:\/\/2015.ostravskamuzejninoc.cz\/en\/wp-json\/wp\/v2\/pages\/113\/revisions"}],"predecessor-version":[{"id":704,"href":"https:\/\/2015.ostravskamuzejninoc.cz\/en\/wp-json\/wp\/v2\/pages\/113\/revisions\/704"}],"wp:attachment":[{"href":"https:\/\/2015.ostravskamuzejninoc.cz\/en\/wp-json\/wp\/v2\/media?parent=113"}],"curies":[{"name":"wp","href":"https:\/\/api.w.org\/{rel}","templated":true}]}}