{"id":119,"date":"2015-04-29T12:19:04","date_gmt":"2015-04-29T11:19:04","guid":{"rendered":"http:\/\/2015.ostravskamuzejninoc.cz\/?page_id=119"},"modified":"2015-05-26T16:53:06","modified_gmt":"2015-05-26T15:53:06","slug":"cesky-plato-platforma-pro-soucasne-umeni-ostrava","status":"publish","type":"page","link":"https:\/\/2015.ostravskamuzejninoc.cz\/en\/cesky-plato-platforma-pro-soucasne-umeni-ostrava\/","title":{"rendered":"PLATO \/ The Gallery of Ostrava"},"content":{"rendered":"<p><\/p>\n<table class=\"alignleft\" border=\"0\" width=\"700\" cellspacing=\"0\" cellpadding=\"0\">\n<tbody>\n<tr>\n<td valign=\"top\" width=\"380\">\n<h1>PLATO \u2013 Platform (for the contemporary art) Ostrava<\/h1>\n<h1>The Gallery of Ostrava<\/h1>\n<p>PLATO is a way to meet the contemporary art in various forms and places. PLATO represents works of contemporary Czech and foreign artists and in its supporting programme Parallel Mission it sets the contemporary art into a broader context of contemporary culture in a widened field of other artistic genres such as literature, music, theatre, and dance. It also offers educational programmes for schools and teachers and programmes for families with children.<\/p>\n<h3>I don\u2019t give a bubble about it<\/h3>\n<h5>18.00\u201321.00<\/h5>\n<h3>Master bubble-maker Ond\u0159ej Holba<\/h3>\n<p>Giant bubbles, bubble tennis and a bubble fly-fap.<\/p>\n<h5>18.00\u201323.00<\/h5>\n<h3>Bubble workshops<\/h3>\n<p>Making bubbles traditionally and non-traditionally, painting with bubbles, making an original blower, or using bubble foil as a painting canvas.<\/p>\n<h5>22.00<\/h5>\n<h3>Blowing bubbles from the Gong\u2019s balcony<\/h3>\n<p>Trying to break a record with the highest number of bubbles in the objects of ex-gas containers.<\/p>\n<h3>Art group Record<\/h3>\n<h5>18.00\u201323.00<\/h5>\n<h3>\u00a0Remember Remembrances<\/h3>\n<p>The group Record will most probably refresh you by unusual cocktails, drive you around in a luxurious confessional and will generally do anything to mess up the weather. One thing is for sure \u2013 You are not going to leave empty-handed. Group Record: Petr Pavl\u00e1n, Martin Egert, Milan Kutina.<\/p>\n<h3>Guided tours to the current exhibitions<\/h3>\n<h5>19.30<\/h5>\n<h3>\u00a0Stano Filko: 5.D. (Gallery Gong)<\/h3>\n<h5>20.30<\/h5>\n<h3>\u00a0Exhibition (Vestibule of Gong)<\/h3>\n<\/td>\n<td width=\"20\"><\/td>\n<td valign=\"top\" width=\"300\"><img loading=\"lazy\" src=\"https:\/\/2014.ostravskamuzejninoc.cz\/wp-content\/uploads\/2014\/05\/plato_logo.png\" alt=\"plato_logo\" width=\"250\" height=\"126\" \/><\/p>\n<h2>Contact:<\/h2>\n<p>PLATO \u2013 Platform (for the contemporary art) Ostrava, The Gallery of Ostrava<br \/>\nMultifunctional auditorium Gong, The Lower Area of V\u00edtkovice, Rusk\u00e1 2993, Ostrava-V\u00edtkovice<br \/>\n<a href=\"mailto:plato@plato-ostrava.cz\">plato@plato-ostrava.cz<\/a><\/p>\n<p><a href=\"https:\/\/www.plato-ostrava.cz\">www.plato-ostrava.cz<\/a><\/p>\n<p>Phone number: 702 093 950, 595 953 211<\/td>\n<\/tr>\n<\/tbody>\n<\/table>\n<p><\/p>","protected":false},"excerpt":{"rendered":"<p>PLATO \u2013 Platform (for the contemporary art) Ostrava The Gallery of Ostrava PLATO is a way to meet the contemporary art in various forms and places. PLATO represents works of contemporary Czech and foreign artists and in its supporting programme Parallel Mission it sets the contemporary art into a broader context of contemporary culture in [&hellip;]<\/p>\n","protected":false},"author":1,"featured_media":0,"parent":0,"menu_order":0,"comment_status":"closed","ping_status":"closed","template":"","meta":[],"_links":{"self":[{"href":"https:\/\/2015.ostravskamuzejninoc.cz\/en\/wp-json\/wp\/v2\/pages\/119"}],"collection":[{"href":"https:\/\/2015.ostravskamuzejninoc.cz\/en\/wp-json\/wp\/v2\/pages"}],"about":[{"href":"https:\/\/2015.ostravskamuzejninoc.cz\/en\/wp-json\/wp\/v2\/types\/page"}],"author":[{"embeddable":true,"href":"https:\/\/2015.ostravskamuzejninoc.cz\/en\/wp-json\/wp\/v2\/users\/1"}],"replies":[{"embeddable":true,"href":"https:\/\/2015.ostravskamuzejninoc.cz\/en\/wp-json\/wp\/v2\/comments?post=119"}],"version-history":[{"count":28,"href":"https:\/\/2015.ostravskamuzejninoc.cz\/en\/wp-json\/wp\/v2\/pages\/119\/revisions"}],"predecessor-version":[{"id":707,"href":"https:\/\/2015.ostravskamuzejninoc.cz\/en\/wp-json\/wp\/v2\/pages\/119\/revisions\/707"}],"wp:attachment":[{"href":"https:\/\/2015.ostravskamuzejninoc.cz\/en\/wp-json\/wp\/v2\/media?parent=119"}],"curies":[{"name":"wp","href":"https:\/\/api.w.org\/{rel}","templated":true}]}}