{"id":13,"date":"2015-04-21T16:26:25","date_gmt":"2015-04-21T15:26:25","guid":{"rendered":"http:\/\/2015.ostravskamuzejninoc.cz\/?page_id=13"},"modified":"2015-05-28T11:37:12","modified_gmt":"2015-05-28T10:37:12","slug":"partneri","status":"publish","type":"page","link":"https:\/\/2015.ostravskamuzejninoc.cz\/en\/partneri\/","title":{"rendered":"Partners"},"content":{"rendered":"<p><\/p>\n<h1>Partners<\/h1>\n<h3>The Ostrava Museum Night is held under the auspices of the Governor of the Moravian-Silesian Region Miroslav Nov\u00e1k and the Mayor of the City of Ostrava Tom\u00e1\u0161 Macura.<\/h3>\n<h3><\/h3>\n<p><img loading=\"lazy\" src=\"https:\/\/2014.ostravskamuzejninoc.cz\/wp-content\/uploads\/2014\/05\/asociace_muzeji_logo_2014.png\" alt=\"asociace_muzeji_logo_2014\" width=\"136\" height=\"71\" \/><\/p>\n<h3><\/h3>\n<h3>\u00a0<img loading=\"lazy\" class=\"alignnone size-full wp-image-798\" src=\"https:\/\/2015.ostravskamuzejninoc.cz\/wp-content\/uploads\/2015\/04\/2015_parneri.png\" alt=\"2015_parneri\" width=\"600\" height=\"443\" srcset=\"https:\/\/2015.ostravskamuzejninoc.cz\/wp-content\/uploads\/2015\/04\/2015_parneri.png 600w, https:\/\/2015.ostravskamuzejninoc.cz\/wp-content\/uploads\/2015\/04\/2015_parneri-300x222.png 300w\" sizes=\"(max-width: 600px) 100vw, 600px\" \/><\/h3>\n<p><\/p>","protected":false},"excerpt":{"rendered":"<p>Partners The Ostrava Museum Night is held under the auspices of the Governor of the Moravian-Silesian Region Miroslav Nov\u00e1k and the Mayor of the City of Ostrava Tom\u00e1\u0161 Macura. \u00a0<\/p>\n","protected":false},"author":1,"featured_media":0,"parent":0,"menu_order":5,"comment_status":"closed","ping_status":"closed","template":"","meta":[],"_links":{"self":[{"href":"https:\/\/2015.ostravskamuzejninoc.cz\/en\/wp-json\/wp\/v2\/pages\/13"}],"collection":[{"href":"https:\/\/2015.ostravskamuzejninoc.cz\/en\/wp-json\/wp\/v2\/pages"}],"about":[{"href":"https:\/\/2015.ostravskamuzejninoc.cz\/en\/wp-json\/wp\/v2\/types\/page"}],"author":[{"embeddable":true,"href":"https:\/\/2015.ostravskamuzejninoc.cz\/en\/wp-json\/wp\/v2\/users\/1"}],"replies":[{"embeddable":true,"href":"https:\/\/2015.ostravskamuzejninoc.cz\/en\/wp-json\/wp\/v2\/comments?post=13"}],"version-history":[{"count":10,"href":"https:\/\/2015.ostravskamuzejninoc.cz\/en\/wp-json\/wp\/v2\/pages\/13\/revisions"}],"predecessor-version":[{"id":823,"href":"https:\/\/2015.ostravskamuzejninoc.cz\/en\/wp-json\/wp\/v2\/pages\/13\/revisions\/823"}],"wp:attachment":[{"href":"https:\/\/2015.ostravskamuzejninoc.cz\/en\/wp-json\/wp\/v2\/media?parent=13"}],"curies":[{"name":"wp","href":"https:\/\/api.w.org\/{rel}","templated":true}]}}