{"id":146,"date":"2015-04-29T13:06:59","date_gmt":"2015-04-29T12:06:59","guid":{"rendered":"http:\/\/2015.ostravskamuzejninoc.cz\/?page_id=146"},"modified":"2015-05-26T17:05:21","modified_gmt":"2015-05-26T16:05:21","slug":"old-arena","status":"publish","type":"page","link":"https:\/\/2015.ostravskamuzejninoc.cz\/en\/old-arena\/","title":{"rendered":"Old Arena"},"content":{"rendered":"<p><\/p>\n<table class=\"alignleft\" border=\"0\" width=\"700\" cellspacing=\"0\" cellpadding=\"0\">\n<tbody>\n<tr>\n<td valign=\"top\" width=\"380\">\n<h1>\u00a0Old arena<\/h1>\n<p>Star\u00e1 ar\u00e9na is a contemporary space for creativity with the facilities of a caf\u00e9 and a theatre hall. It was founded during Ostrava\u2019s running for the European Capital City of Culture of 2015. In the past there was the Theatre of Music and after it the Theatre Arena<\/p>\n<h5>17.00\u201324.00<\/h5>\n<h3>Free visits to the caf\u00e9 Star\u00e1 Ar\u00e9na<\/h3>\n<h5>17.00\u201320.00<\/h5>\n<h3>Continuous commented tours in the vicinities of Star\u00e1 ar\u00e9na<\/h3>\n<p>Tours in half-hour intervals. Voluntary admission.<\/p>\n<h5>20.00\u201321.30<\/h5>\n<h3>IMPRONIGHT<\/h3>\n<p>A night full of improvised sketches and wild humour. A team of actors perform according to the tasks in individual improvisation disciplines. Their rules and settings are not known to the actors however, so they have to react spontaneously. The assignments very often come from the requirements of the audience, so you can also decide what they are playing about. Everything is very quick and you can get a big portion of gags that is sure to make you laugh in a short time. Let yourself be dragged into a hurricane of crazy humour. Admission 60 CZK in advance, 80 CZK at place. The phone no. for booking and more info: 777 420 152. The capacity is 50-70 places.<\/td>\n<td width=\"20\"><\/td>\n<td valign=\"top\" width=\"300\">\n<h2><img loading=\"lazy\" class=\"alignleft  wp-image-196\" src=\"https:\/\/2014.ostravskamuzejninoc.cz\/wp-content\/uploads\/2014\/05\/logo_stara_arena.png\" alt=\"logo_stara_arena\" width=\"262\" height=\"88\" \/><\/h2>\n<h2>Contact:<\/h2>\n<p>Star\u00e1 ar\u00e9na, 28. \u0159\u00edjna 23, Ostrava<br \/>\n<a href=\"mailto:program@staraarena.cz\" target=\"_blank\">program@staraarena.cz<\/a><br \/>\n<a href=\"https:\/\/www.staraarena.cz \" target=\"_blank\">www.staraarena.cz<\/a><br \/>\nPhone number: 777 420 152<\/td>\n<\/tr>\n<\/tbody>\n<\/table>\n<p><\/p>","protected":false},"excerpt":{"rendered":"<p>\u00a0Old arena Star\u00e1 ar\u00e9na is a contemporary space for creativity with the facilities of a caf\u00e9 and a theatre hall. It was founded during Ostrava\u2019s running for the European Capital City of Culture of 2015. In the past there was the Theatre of Music and after it the Theatre Arena 17.00\u201324.00 Free visits to the [&hellip;]<\/p>\n","protected":false},"author":1,"featured_media":0,"parent":0,"menu_order":0,"comment_status":"closed","ping_status":"closed","template":"","meta":[],"_links":{"self":[{"href":"https:\/\/2015.ostravskamuzejninoc.cz\/en\/wp-json\/wp\/v2\/pages\/146"}],"collection":[{"href":"https:\/\/2015.ostravskamuzejninoc.cz\/en\/wp-json\/wp\/v2\/pages"}],"about":[{"href":"https:\/\/2015.ostravskamuzejninoc.cz\/en\/wp-json\/wp\/v2\/types\/page"}],"author":[{"embeddable":true,"href":"https:\/\/2015.ostravskamuzejninoc.cz\/en\/wp-json\/wp\/v2\/users\/1"}],"replies":[{"embeddable":true,"href":"https:\/\/2015.ostravskamuzejninoc.cz\/en\/wp-json\/wp\/v2\/comments?post=146"}],"version-history":[{"count":18,"href":"https:\/\/2015.ostravskamuzejninoc.cz\/en\/wp-json\/wp\/v2\/pages\/146\/revisions"}],"predecessor-version":[{"id":723,"href":"https:\/\/2015.ostravskamuzejninoc.cz\/en\/wp-json\/wp\/v2\/pages\/146\/revisions\/723"}],"wp:attachment":[{"href":"https:\/\/2015.ostravskamuzejninoc.cz\/en\/wp-json\/wp\/v2\/media?parent=146"}],"curies":[{"name":"wp","href":"https:\/\/api.w.org\/{rel}","templated":true}]}}