{"id":181,"date":"2015-05-01T08:58:13","date_gmt":"2015-05-01T07:58:13","guid":{"rendered":"http:\/\/2015.ostravskamuzejninoc.cz\/?page_id=181"},"modified":"2015-05-28T11:06:46","modified_gmt":"2015-05-28T10:06:46","slug":"cesky-janackova-konzervator","status":"publish","type":"page","link":"https:\/\/2015.ostravskamuzejninoc.cz\/en\/cesky-janackova-konzervator\/","title":{"rendered":"Jan\u00e1\u010dek Conservatory"},"content":{"rendered":"<p><\/p>\n<table class=\"alignleft\" border=\"0\" width=\"700\" cellspacing=\"0\" cellpadding=\"0\">\n<tbody>\n<tr>\n<td valign=\"top\" width=\"380\">\n<h1>Jan\u00e1\u010dek Conservatory and Grammar School in Ostrava<\/h1>\n<p>Jan\u00e1\u010dek Conservatory and Grammar School in Ostrava was founded in 1953. It is an educational facility that has become a popular cultural and artistic centre of Ostrava for its activities. It is an organizer of a number of artistic projects and activities, which enrich the cultural selection of Ostrava and the whole Moravian-Silesian Region. Through its activity it helps to fulfil the dreams of many talented children.<\/p>\n<h5>17.00\u201317.20<\/h5>\n<h4>Performance by a Singing Choir of the JCGSO (Foyer)<\/h4>\n<h5>17.30\u201318.00<\/h5>\n<h4>Performance by the dance department (L. Jan\u00e1\u010dek Hall)<\/h4>\n<h5>18.05\u201318.20<\/h5>\n<h4>Performance by an accordion group (Foyer)<\/h4>\n<h5>18.25\u201318.50<\/h5>\n<h4>Musical melodies (Foyer)<\/h4>\n<h5>19.00\u201319.20<\/h5>\n<h4>Non-traditional cimbalom (Foyer)<\/h4>\n<h5>19.30\u201321.00<\/h5>\n<h4>Theatre Performance (L. Jan\u00e1\u010dek Hall)<\/h4>\n<h3><\/h3>\n<\/td>\n<td width=\"20\"><\/td>\n<td valign=\"top\" width=\"300\">\u00a0<img loading=\"lazy\" src=\"https:\/\/2013.ostravskamuzejninoc.cz\/wp-content\/uploads\/2013\/04\/loto_jk_bile.png\" alt=\"loto_jk_bile\" width=\"280\" height=\"127\" \/><\/p>\n<h2>Contact:<\/h2>\n<p>Jan\u00e1\u010dkova konzervato\u0159 a Gymn\u00e1zium v\u00a0Ostrav\u011b<br \/>\nAdresa: \u010ceskobratrsk\u00e1 958\/40, 702 00 Ostrava,<\/p>\n<p>E-mail: <a href=\"mailto:info@jko.cz\">info@jko.cz<\/a><br \/>\nWeb: <a href=\"https:\/\/www.jko.cz\/\" target=\"_blank\">www.jko.cz<\/a><\/p>\n<p>Phone number: 596 112\u00a0007<\/p>\n<p><a class=\"cboxElement\" title=\"Jan\u00e1\u010dkova konzervato\u0159 a Gymn\u00e1zium\" href=\"https:\/\/2015.ostravskamuzejninoc.cz\/wp-content\/uploads\/2015\/05\/janackova_konzervator1.jpg\" rel=\"lightbox[181]\"><img loading=\"lazy\" class=\"alignnone size-medium wp-image-358\" src=\"https:\/\/2015.ostravskamuzejninoc.cz\/wp-content\/uploads\/2015\/05\/janackova_konzervator1-300x200.jpg\" alt=\"janackova_konzervator\" width=\"300\" height=\"200\" srcset=\"https:\/\/2015.ostravskamuzejninoc.cz\/wp-content\/uploads\/2015\/05\/janackova_konzervator1-300x200.jpg 300w, https:\/\/2015.ostravskamuzejninoc.cz\/wp-content\/uploads\/2015\/05\/janackova_konzervator1.jpg 800w\" sizes=\"(max-width: 300px) 100vw, 300px\" \/><\/a><\/p>\n<p><img loading=\"lazy\" class=\"aligncenter size-full wp-image-266\" src=\"https:\/\/2013.ostravskamuzejninoc.cz\/wp-content\/uploads\/2013\/04\/jko_budova.jpg\" alt=\"jko_budova\" width=\"300\" height=\"345\" \/><\/td>\n<\/tr>\n<\/tbody>\n<\/table>\n<p><\/p>","protected":false},"excerpt":{"rendered":"<p>Jan\u00e1\u010dek Conservatory and Grammar School in Ostrava Jan\u00e1\u010dek Conservatory and Grammar School in Ostrava was founded in 1953. It is an educational facility that has become a popular cultural and artistic centre of Ostrava for its activities. It is an organizer of a number of artistic projects and activities, which enrich the cultural selection of [&hellip;]<\/p>\n","protected":false},"author":1,"featured_media":0,"parent":0,"menu_order":0,"comment_status":"closed","ping_status":"closed","template":"","meta":[],"_links":{"self":[{"href":"https:\/\/2015.ostravskamuzejninoc.cz\/en\/wp-json\/wp\/v2\/pages\/181"}],"collection":[{"href":"https:\/\/2015.ostravskamuzejninoc.cz\/en\/wp-json\/wp\/v2\/pages"}],"about":[{"href":"https:\/\/2015.ostravskamuzejninoc.cz\/en\/wp-json\/wp\/v2\/types\/page"}],"author":[{"embeddable":true,"href":"https:\/\/2015.ostravskamuzejninoc.cz\/en\/wp-json\/wp\/v2\/users\/1"}],"replies":[{"embeddable":true,"href":"https:\/\/2015.ostravskamuzejninoc.cz\/en\/wp-json\/wp\/v2\/comments?post=181"}],"version-history":[{"count":11,"href":"https:\/\/2015.ostravskamuzejninoc.cz\/en\/wp-json\/wp\/v2\/pages\/181\/revisions"}],"predecessor-version":[{"id":805,"href":"https:\/\/2015.ostravskamuzejninoc.cz\/en\/wp-json\/wp\/v2\/pages\/181\/revisions\/805"}],"wp:attachment":[{"href":"https:\/\/2015.ostravskamuzejninoc.cz\/en\/wp-json\/wp\/v2\/media?parent=181"}],"curies":[{"name":"wp","href":"https:\/\/api.w.org\/{rel}","templated":true}]}}