{"id":188,"date":"2015-05-01T09:06:10","date_gmt":"2015-05-01T08:06:10","guid":{"rendered":"http:\/\/2015.ostravskamuzejninoc.cz\/?page_id=188"},"modified":"2015-05-28T12:25:31","modified_gmt":"2015-05-28T11:25:31","slug":"cesky-lidova-konzervator-a-muzicka-skola","status":"publish","type":"page","link":"https:\/\/2015.ostravskamuzejninoc.cz\/en\/cesky-lidova-konzervator-a-muzicka-skola\/","title":{"rendered":"People\u2019s Conservatory and Music School"},"content":{"rendered":"<p><\/p>\n<table class=\"alignleft\" border=\"0\" width=\"700\" cellspacing=\"0\" cellpadding=\"0\">\n<tbody>\n<tr>\n<td valign=\"top\" width=\"380\">\n<h1>People\u2019s Conservatory and Music School Ostrava<\/h1>\n<p>We are here for you, for your talents, your wishes and your natural desire to learn!<\/p>\n<p>People\u2019s Conservatory and Music School Ostrava offers education on a top professional level to everyone, who would like to develop their music talents, incl. persons with disabilities. We lead the children to culture and art in pre-school ages but we enable the adults or senior people to actively enjoy their free time too. Our students are educated in the artistic areas of dance, music, theatre and creative writing, fine arts, and creative photography. Those interested in studying of music subjects can study not only classic music genres but also jazz, rock, and popular music. The People\u2019s Conservatory enhances the cultural variety of Ostrava city since 1957, thus it is 58 years. The Music School is here with us since 1991 and so it will very soon celebrate a quarter of their century of their existence. The founder of People\u2019s Conservatory and Music School Ostrava is the Statutory City Ostrava.<\/p>\n<h5>17.00\u201320.00<\/h5>\n<h4>Creative workshop Let\u2019s create our own original jewellery<\/h4>\n<p>We will introduce the children participants with the drawing technique (drawing beads on an elastic string) an enable then to create their own original bracelet. The adult attendees will be introduced to the basics of so-called wire wrapping and we will show them the tools and material, and teach them the steps when working with a wire or semi-finished jewels. The attendees will have the possibility to create their own simple wire earrings. Presentation of a fine art subject at the People\u2019s Conservatory and Music School Ostrava will also be a part of the workshop.<\/p>\n<h5>18.00\u201321.00<\/h5>\n<h4>Mini-course Beginning with a digital SLR<\/h4>\n<p>Short introduction to the possibilities and potential of a popular photo camera. A part of it will also be a presentation of a subject creative photography at the People\u2019s Conservatory.<\/p>\n<h5>18.00\u201322.00<\/h5>\n<h4>A bit of non-medial communication or can it be taught to write?<\/h4>\n<p>Meeting the subject of creative writing and media communication in the practice of the People\u2019s Conservatory. What the subject offers to the students, how we can use creative writing in communication, how it enriches people and what it takes in return (clich\u00e9s and empty phrases)? A short presentation of students\u2019 works.<\/p>\n<h5>18.30\u201319.30<\/h5>\n<h4>Concert of the music department.<\/h4>\n<p>The students, teachers and their friends will perform with a classical repertoire.<\/p>\n<h5>20.00\u201320.45<\/h5>\n<h4>Performance of the theatre students<\/h4>\n<p>The theatre students will present their acting skills and abilities.<\/p>\n<h5>21.00\u201322.00<\/h5>\n<h4>A concert of jazz improvisations and a jam session.<\/h4>\n<p>The students, teachers of the jazz and popular music department and their friends will perform. (Concert hall of the People\u2019s Conservatory)<\/p>\n<p>All the events will take place in the Conservatory building at Wattova street in Ostrava-P\u0159\u00edvoz, where the headquarters are located.<\/td>\n<td width=\"20\"><\/td>\n<td valign=\"top\" width=\"300\">\n<h2><a class=\"cboxElement\" title=\"Lidov\u00e1 konzervato\u0159 a M\u00fazick\u00e1 \u0161kola\" href=\"https:\/\/2015.ostravskamuzejninoc.cz\/wp-content\/uploads\/2015\/05\/11_lidova_konzervator.jpg\" rel=\"lightbox[188]\"><img loading=\"lazy\" class=\"alignnone size-medium wp-image-361\" src=\"https:\/\/2015.ostravskamuzejninoc.cz\/wp-content\/uploads\/2015\/05\/11_lidova_konzervator-300x110.jpg\" alt=\"11_lidova_konzervator\" width=\"300\" height=\"110\" srcset=\"https:\/\/2015.ostravskamuzejninoc.cz\/wp-content\/uploads\/2015\/05\/11_lidova_konzervator-300x110.jpg 300w, https:\/\/2015.ostravskamuzejninoc.cz\/wp-content\/uploads\/2015\/05\/11_lidova_konzervator.jpg 800w\" sizes=\"(max-width: 300px) 100vw, 300px\" \/><\/a> <a class=\"cboxElement\" title=\"Lidov\u00e1 konzervato\u0159 a M\u00fazick\u00e1 \u0161kola\" href=\"https:\/\/2015.ostravskamuzejninoc.cz\/wp-content\/uploads\/2015\/05\/01_lidova_konzervator.jpg\" rel=\"lightbox[188]\"><img loading=\"lazy\" class=\"alignnone size-medium wp-image-362\" src=\"https:\/\/2015.ostravskamuzejninoc.cz\/wp-content\/uploads\/2015\/05\/01_lidova_konzervator-300x245.jpg\" alt=\"01_lidova_konzervator\" width=\"300\" height=\"245\" srcset=\"https:\/\/2015.ostravskamuzejninoc.cz\/wp-content\/uploads\/2015\/05\/01_lidova_konzervator-300x245.jpg 300w, https:\/\/2015.ostravskamuzejninoc.cz\/wp-content\/uploads\/2015\/05\/01_lidova_konzervator.jpg 800w\" sizes=\"(max-width: 300px) 100vw, 300px\" \/><\/a> <a class=\"cboxElement\" title=\"Lidov\u00e1 konzervato\u0159 a M\u00fazick\u00e1 \u0161kola\" href=\"https:\/\/2015.ostravskamuzejninoc.cz\/wp-content\/uploads\/2015\/05\/02_lidova_konzervator.jpg\" rel=\"lightbox[188]\"><img loading=\"lazy\" class=\"alignnone size-medium wp-image-363\" src=\"https:\/\/2015.ostravskamuzejninoc.cz\/wp-content\/uploads\/2015\/05\/02_lidova_konzervator-300x200.jpg\" alt=\"02_lidova_konzervator\" width=\"300\" height=\"200\" srcset=\"https:\/\/2015.ostravskamuzejninoc.cz\/wp-content\/uploads\/2015\/05\/02_lidova_konzervator-300x200.jpg 300w, https:\/\/2015.ostravskamuzejninoc.cz\/wp-content\/uploads\/2015\/05\/02_lidova_konzervator.jpg 800w\" sizes=\"(max-width: 300px) 100vw, 300px\" \/><\/a> <a class=\"cboxElement\" title=\"Lidov\u00e1 konzervato\u0159 a M\u00fazick\u00e1 \u0161kola\" href=\"https:\/\/2015.ostravskamuzejninoc.cz\/wp-content\/uploads\/2015\/05\/03_lidova_konzervator.jpg\" rel=\"lightbox[188]\"><img loading=\"lazy\" class=\"alignnone size-medium wp-image-364\" src=\"https:\/\/2015.ostravskamuzejninoc.cz\/wp-content\/uploads\/2015\/05\/03_lidova_konzervator-300x200.jpg\" alt=\"03_lidova_konzervator\" width=\"300\" height=\"200\" srcset=\"https:\/\/2015.ostravskamuzejninoc.cz\/wp-content\/uploads\/2015\/05\/03_lidova_konzervator-300x200.jpg 300w, https:\/\/2015.ostravskamuzejninoc.cz\/wp-content\/uploads\/2015\/05\/03_lidova_konzervator.jpg 800w\" sizes=\"(max-width: 300px) 100vw, 300px\" \/><\/a> <a class=\"cboxElement\" title=\"Lidov\u00e1 konzervato\u0159 a M\u00fazick\u00e1 \u0161kola\" href=\"https:\/\/2015.ostravskamuzejninoc.cz\/wp-content\/uploads\/2015\/05\/04_lidova_konzervator.jpg\" rel=\"lightbox[188]\"><img loading=\"lazy\" class=\"alignnone size-medium wp-image-365\" src=\"https:\/\/2015.ostravskamuzejninoc.cz\/wp-content\/uploads\/2015\/05\/04_lidova_konzervator-300x200.jpg\" alt=\"04_lidova_konzervator\" width=\"300\" height=\"200\" srcset=\"https:\/\/2015.ostravskamuzejninoc.cz\/wp-content\/uploads\/2015\/05\/04_lidova_konzervator-300x200.jpg 300w, https:\/\/2015.ostravskamuzejninoc.cz\/wp-content\/uploads\/2015\/05\/04_lidova_konzervator.jpg 800w\" sizes=\"(max-width: 300px) 100vw, 300px\" \/><\/a> <a class=\"cboxElement\" title=\"Lidov\u00e1 konzervato\u0159 a M\u00fazick\u00e1 \u0161kola\" href=\"https:\/\/2015.ostravskamuzejninoc.cz\/wp-content\/uploads\/2015\/05\/05_lidova_konzervator.jpg\" rel=\"lightbox[188]\"><img loading=\"lazy\" class=\"alignnone size-medium wp-image-366\" src=\"https:\/\/2015.ostravskamuzejninoc.cz\/wp-content\/uploads\/2015\/05\/05_lidova_konzervator-300x225.jpg\" alt=\"05_lidova_konzervator\" width=\"300\" height=\"225\" srcset=\"https:\/\/2015.ostravskamuzejninoc.cz\/wp-content\/uploads\/2015\/05\/05_lidova_konzervator-300x225.jpg 300w, https:\/\/2015.ostravskamuzejninoc.cz\/wp-content\/uploads\/2015\/05\/05_lidova_konzervator.jpg 800w\" sizes=\"(max-width: 300px) 100vw, 300px\" \/><\/a> <a class=\"cboxElement\" title=\"Lidov\u00e1 konzervato\u0159 a M\u00fazick\u00e1 \u0161kola\" href=\"https:\/\/2015.ostravskamuzejninoc.cz\/wp-content\/uploads\/2015\/05\/06_lidova_konzervator.jpg\" rel=\"lightbox[188]\"><img loading=\"lazy\" class=\"alignnone size-medium wp-image-367\" src=\"https:\/\/2015.ostravskamuzejninoc.cz\/wp-content\/uploads\/2015\/05\/06_lidova_konzervator-300x200.jpg\" alt=\"06_lidova_konzervator\" width=\"300\" height=\"200\" srcset=\"https:\/\/2015.ostravskamuzejninoc.cz\/wp-content\/uploads\/2015\/05\/06_lidova_konzervator-300x200.jpg 300w, https:\/\/2015.ostravskamuzejninoc.cz\/wp-content\/uploads\/2015\/05\/06_lidova_konzervator.jpg 800w\" sizes=\"(max-width: 300px) 100vw, 300px\" \/><\/a> <a class=\"cboxElement\" title=\"Lidov\u00e1 konzervato\u0159 a M\u00fazick\u00e1 \u0161kola\" href=\"https:\/\/2015.ostravskamuzejninoc.cz\/wp-content\/uploads\/2015\/05\/07_lidova_konzervator.jpg\" rel=\"lightbox[188]\"><img loading=\"lazy\" class=\"alignnone size-medium wp-image-368\" src=\"https:\/\/2015.ostravskamuzejninoc.cz\/wp-content\/uploads\/2015\/05\/07_lidova_konzervator-300x200.jpg\" alt=\"07_lidova_konzervator\" width=\"300\" height=\"200\" srcset=\"https:\/\/2015.ostravskamuzejninoc.cz\/wp-content\/uploads\/2015\/05\/07_lidova_konzervator-300x200.jpg 300w, https:\/\/2015.ostravskamuzejninoc.cz\/wp-content\/uploads\/2015\/05\/07_lidova_konzervator.jpg 800w\" sizes=\"(max-width: 300px) 100vw, 300px\" \/><\/a> <a class=\"cboxElement\" title=\"Lidov\u00e1 konzervato\u0159 a M\u00fazick\u00e1 \u0161kola\" href=\"https:\/\/2015.ostravskamuzejninoc.cz\/wp-content\/uploads\/2015\/05\/08_lidova_konzervator.jpg\" rel=\"lightbox[188]\"><img loading=\"lazy\" class=\"alignnone size-medium wp-image-369\" src=\"https:\/\/2015.ostravskamuzejninoc.cz\/wp-content\/uploads\/2015\/05\/08_lidova_konzervator-300x200.jpg\" alt=\"08_lidova_konzervator\" width=\"300\" height=\"200\" srcset=\"https:\/\/2015.ostravskamuzejninoc.cz\/wp-content\/uploads\/2015\/05\/08_lidova_konzervator-300x200.jpg 300w, https:\/\/2015.ostravskamuzejninoc.cz\/wp-content\/uploads\/2015\/05\/08_lidova_konzervator.jpg 800w\" sizes=\"(max-width: 300px) 100vw, 300px\" \/><\/a> <a class=\"cboxElement\" title=\"Lidov\u00e1 konzervato\u0159 a M\u00fazick\u00e1 \u0161kola\" href=\"https:\/\/2015.ostravskamuzejninoc.cz\/wp-content\/uploads\/2015\/05\/09_lidova_konzervator.jpg\" rel=\"lightbox[188]\"><img loading=\"lazy\" class=\"alignnone size-medium wp-image-370\" src=\"https:\/\/2015.ostravskamuzejninoc.cz\/wp-content\/uploads\/2015\/05\/09_lidova_konzervator-300x200.jpg\" alt=\"09_lidova_konzervator\" width=\"300\" height=\"200\" srcset=\"https:\/\/2015.ostravskamuzejninoc.cz\/wp-content\/uploads\/2015\/05\/09_lidova_konzervator-300x200.jpg 300w, https:\/\/2015.ostravskamuzejninoc.cz\/wp-content\/uploads\/2015\/05\/09_lidova_konzervator.jpg 800w\" sizes=\"(max-width: 300px) 100vw, 300px\" \/><\/a> <a class=\"cboxElement\" title=\"Lidov\u00e1 konzervato\u0159 a M\u00fazick\u00e1 \u0161kola\" href=\"https:\/\/2015.ostravskamuzejninoc.cz\/wp-content\/uploads\/2015\/05\/10_lidova_konzervator.jpg\" rel=\"lightbox[188]\"><img loading=\"lazy\" class=\"alignnone size-medium wp-image-371\" src=\"https:\/\/2015.ostravskamuzejninoc.cz\/wp-content\/uploads\/2015\/05\/10_lidova_konzervator-300x200.jpg\" alt=\"10_lidova_konzervator\" width=\"300\" height=\"200\" srcset=\"https:\/\/2015.ostravskamuzejninoc.cz\/wp-content\/uploads\/2015\/05\/10_lidova_konzervator-300x200.jpg 300w, https:\/\/2015.ostravskamuzejninoc.cz\/wp-content\/uploads\/2015\/05\/10_lidova_konzervator.jpg 800w\" sizes=\"(max-width: 300px) 100vw, 300px\" \/><\/a><\/h2>\n<h2>Contact:<\/h2>\n<p>Lidov\u00e1 konzervato\u0159 a M\u00fazick\u00e1 \u0161kola<br \/>\nOstrava, p. o.<br \/>\nWattova 5, 702 00 Ostrava-P\u0159\u00edvoz<\/p>\n<p>E-mail: <a href=\"mailto:sekretariat@lko.cz\">sekretariat@lko.cz<\/a><br \/>\nWeb: <a href=\"https:\/\/www.lko.cz\">www.lko.cz<\/a><br \/>\nPhone number: 596\u00a0136\u00a0805, 603\u00a0886\u00a0756<\/td>\n<\/tr>\n<\/tbody>\n<\/table>\n<p><\/p>","protected":false},"excerpt":{"rendered":"<p>People\u2019s Conservatory and Music School Ostrava We are here for you, for your talents, your wishes and your natural desire to learn! People\u2019s Conservatory and Music School Ostrava offers education on a top professional level to everyone, who would like to develop their music talents, incl. persons with disabilities. We lead the children to culture [&hellip;]<\/p>\n","protected":false},"author":1,"featured_media":0,"parent":0,"menu_order":0,"comment_status":"closed","ping_status":"closed","template":"","meta":[],"_links":{"self":[{"href":"https:\/\/2015.ostravskamuzejninoc.cz\/en\/wp-json\/wp\/v2\/pages\/188"}],"collection":[{"href":"https:\/\/2015.ostravskamuzejninoc.cz\/en\/wp-json\/wp\/v2\/pages"}],"about":[{"href":"https:\/\/2015.ostravskamuzejninoc.cz\/en\/wp-json\/wp\/v2\/types\/page"}],"author":[{"embeddable":true,"href":"https:\/\/2015.ostravskamuzejninoc.cz\/en\/wp-json\/wp\/v2\/users\/1"}],"replies":[{"embeddable":true,"href":"https:\/\/2015.ostravskamuzejninoc.cz\/en\/wp-json\/wp\/v2\/comments?post=188"}],"version-history":[{"count":14,"href":"https:\/\/2015.ostravskamuzejninoc.cz\/en\/wp-json\/wp\/v2\/pages\/188\/revisions"}],"predecessor-version":[{"id":836,"href":"https:\/\/2015.ostravskamuzejninoc.cz\/en\/wp-json\/wp\/v2\/pages\/188\/revisions\/836"}],"wp:attachment":[{"href":"https:\/\/2015.ostravskamuzejninoc.cz\/en\/wp-json\/wp\/v2\/media?parent=188"}],"curies":[{"name":"wp","href":"https:\/\/api.w.org\/{rel}","templated":true}]}}