{"id":192,"date":"2015-05-01T09:08:28","date_gmt":"2015-05-01T08:08:28","guid":{"rendered":"http:\/\/2015.ostravskamuzejninoc.cz\/?page_id=192"},"modified":"2015-06-02T18:53:50","modified_gmt":"2015-06-02T17:53:50","slug":"cesky-stredni-umelecka-skola","status":"publish","type":"page","link":"https:\/\/2015.ostravskamuzejninoc.cz\/en\/cesky-stredni-umelecka-skola\/","title":{"rendered":"Secondary Art School, Ostrava"},"content":{"rendered":"<p><\/p>\n<table class=\"alignleft\" border=\"0\" width=\"700\" cellspacing=\"0\" cellpadding=\"0\">\n<tbody>\n<tr>\n<td valign=\"top\" width=\"380\">\n<h1>Secondary Art School, Ostrava<\/h1>\n<p>Secondary Art School, Ostrava is a secondary school with a focus on fine arts. The school was founded in 1990 as the first artistically oriented secondary school in the Ostrava region. Its founder is the Moravian-Silesian Region. Within the basic field 82 \u201cArts and applied arts\u201d, the school offers the possibility of full-time study program in one of the five fields of education: Applied Photography and Media; Applied Painting; Graphic Design; Ceramics Creation; Shaping of industrial products \u2013 Industrial design.<\/p>\n<h5>17.00\u201322.00<\/h5>\n<h4>SAS \u2013 Art Park for the third time<\/h4>\n<p>Pupils and teachers of the school prepared a series of interactive artistic activities for everyone:<\/p>\n<ul>\n<li>Art workshops for little and big<\/li>\n<li>Creative workshop under supervision of a photographer Ji\u0159\u00ed Hrdina<\/li>\n<li>Painting workshop &#8220;Air painting&#8221; \u2013 Spray paintings over stencils<\/li>\n<li>Gallery of scents \u2013 Art event of school&#8217;s pupils<\/li>\n<li>Making fun boxes, socks puppets and rumba shakers<\/li>\n<li>Face painting<\/li>\n<li>Comenius Unsung Heroes \u2013 Project presentation<\/li>\n<li><\/li>\n<\/ul>\n<p>See for yourself that art is fun!<\/td>\n<td width=\"20\"><\/td>\n<td valign=\"top\" width=\"300\">\n<h2><img loading=\"lazy\" class=\"aligncenter size-full wp-image-279\" src=\"https:\/\/2013.ostravskamuzejninoc.cz\/wp-content\/uploads\/2013\/04\/sus_logo.png\" alt=\"sus_logo\" width=\"200\" height=\"100\" \/><\/h2>\n<h2>Contact:<\/h2>\n<p>St\u0159edn\u00ed um\u011bleck\u00e1 \u0161kola, Ostrava<br \/>\nPod\u011bbradova 33<br \/>\nMati\u010dn\u00ed 18<br \/>\n702 00 Ostrava<br \/>\nE-mail: <a href=\"mailto:studijni@sus-ostrava.cz\" target=\"_blank\">studijni@sus-ostrava.cz<\/a><br \/>\nWeb: <a href=\"https:\/\/www.sus-ostrava.cz\/\" target=\"_blank\">www.sus-ostrava.cz<\/a><br \/>\nPhone number: 596 114\u00a0985<\/p>\n<p><a class=\"cboxElement\" title=\"St\u0159edn\u00ed um\u011bleck\u00e1 \u0161kola\" href=\"https:\/\/2015.ostravskamuzejninoc.cz\/wp-content\/uploads\/2015\/05\/2015_sus_budova.jpg\" rel=\"lightbox[192]\"><img loading=\"lazy\" class=\"alignnone size-medium wp-image-375\" src=\"https:\/\/2015.ostravskamuzejninoc.cz\/wp-content\/uploads\/2015\/05\/2015_sus_budova-300x132.jpg\" alt=\"2015_sus_budova\" width=\"300\" height=\"132\" srcset=\"https:\/\/2015.ostravskamuzejninoc.cz\/wp-content\/uploads\/2015\/05\/2015_sus_budova-300x132.jpg 300w, https:\/\/2015.ostravskamuzejninoc.cz\/wp-content\/uploads\/2015\/05\/2015_sus_budova.jpg 800w\" sizes=\"(max-width: 300px) 100vw, 300px\" \/><\/a> <a class=\"cboxElement\" title=\"St\u0159edn\u00ed um\u011bleck\u00e1 \u0161kola\" href=\"https:\/\/2015.ostravskamuzejninoc.cz\/wp-content\/uploads\/2015\/05\/2015_sus_vstupni_prostor.jpg\" rel=\"lightbox[192]\"><img loading=\"lazy\" class=\"alignnone size-medium wp-image-376\" src=\"https:\/\/2015.ostravskamuzejninoc.cz\/wp-content\/uploads\/2015\/05\/2015_sus_vstupni_prostor-300x61.jpg\" alt=\"2015_sus_vstupni_prostor\" width=\"300\" height=\"61\" srcset=\"https:\/\/2015.ostravskamuzejninoc.cz\/wp-content\/uploads\/2015\/05\/2015_sus_vstupni_prostor-300x61.jpg 300w, https:\/\/2015.ostravskamuzejninoc.cz\/wp-content\/uploads\/2015\/05\/2015_sus_vstupni_prostor.jpg 800w\" sizes=\"(max-width: 300px) 100vw, 300px\" \/><\/a><\/td>\n<\/tr>\n<\/tbody>\n<\/table>\n<p><\/p>","protected":false},"excerpt":{"rendered":"<p>Secondary Art School, Ostrava Secondary Art School, Ostrava is a secondary school with a focus on fine arts. The school was founded in 1990 as the first artistically oriented secondary school in the Ostrava region. Its founder is the Moravian-Silesian Region. Within the basic field 82 \u201cArts and applied arts\u201d, the school offers the possibility [&hellip;]<\/p>\n","protected":false},"author":1,"featured_media":0,"parent":0,"menu_order":0,"comment_status":"closed","ping_status":"closed","template":"","meta":[],"_links":{"self":[{"href":"https:\/\/2015.ostravskamuzejninoc.cz\/en\/wp-json\/wp\/v2\/pages\/192"}],"collection":[{"href":"https:\/\/2015.ostravskamuzejninoc.cz\/en\/wp-json\/wp\/v2\/pages"}],"about":[{"href":"https:\/\/2015.ostravskamuzejninoc.cz\/en\/wp-json\/wp\/v2\/types\/page"}],"author":[{"embeddable":true,"href":"https:\/\/2015.ostravskamuzejninoc.cz\/en\/wp-json\/wp\/v2\/users\/1"}],"replies":[{"embeddable":true,"href":"https:\/\/2015.ostravskamuzejninoc.cz\/en\/wp-json\/wp\/v2\/comments?post=192"}],"version-history":[{"count":17,"href":"https:\/\/2015.ostravskamuzejninoc.cz\/en\/wp-json\/wp\/v2\/pages\/192\/revisions"}],"predecessor-version":[{"id":854,"href":"https:\/\/2015.ostravskamuzejninoc.cz\/en\/wp-json\/wp\/v2\/pages\/192\/revisions\/854"}],"wp:attachment":[{"href":"https:\/\/2015.ostravskamuzejninoc.cz\/en\/wp-json\/wp\/v2\/media?parent=192"}],"curies":[{"name":"wp","href":"https:\/\/api.w.org\/{rel}","templated":true}]}}