{"id":220,"date":"2015-05-01T09:35:24","date_gmt":"2015-05-01T08:35:24","guid":{"rendered":"http:\/\/2015.ostravskamuzejninoc.cz\/?page_id=220"},"modified":"2015-06-02T20:24:00","modified_gmt":"2015-06-02T19:24:00","slug":"cesky-cajovna-rashmi","status":"publish","type":"page","link":"https:\/\/2015.ostravskamuzejninoc.cz\/en\/cesky-cajovna-rashmi\/","title":{"rendered":"Tearoom Rashmi"},"content":{"rendered":"<p><\/p>\n<table class=\"alignleft\" border=\"0\" width=\"700\" cellspacing=\"0\" cellpadding=\"0\">\n<tbody>\n<tr>\n<td valign=\"top\" width=\"380\">\n<h1>Tearoom Rashmi<\/h1>\n<h5>16.00\u201317.00<\/h5>\n<h4>Opening of a photography exhibition by a photographer \u0160imon Hor\u00e1k from \u010cesk\u00fd T\u011b\u0161\u00edn.<\/h4>\n<p>Music and documentary photography + photos from a cycle \u201cWalks around\u201d<\/p>\n<h5>16.00\u201317.00<\/h5>\n<h4>Live dragon and snow leopard<\/h4>\n<p>In front of the tearoom Rashmi you can see a live dragon or a snow leopard walking on two. Would you like to caress a fox in camo trousers or maybe take a selfie with a big teddy bear? Nothing is a problem in the world of furry \u2013 people that love animals so much that they had costumes made and now they impersonate them.<\/p>\n<h5>17.00\u201323.30<\/h5>\n<h4>Opening of an exhibition \u201cIn Colours of the Midnight Sun\u201d<\/h4>\n<p>Behind this mysterious name a collection of paintings, in which the heart and fantasy of a painter Ryiah, is hidden. Her works prove that inspiration can be found in ordinary things of everyday life and she has been doing this for eleven years. The paintings will be placed in the front part of the tearoom.<\/p>\n<h5>17.15\u201318.00<\/h5>\n<h3>Author reading by a poet Bari Kin<\/h3>\n<p>Meditative lyrical poetry about beauty, preciousness, and transience of beings and things. The poems were created during the last five years and they were inspired by actual life situations. Booking ahead is obligatory.<\/p>\n<h5>18.00\u201322.00<\/h5>\n<h4>Art workshop for children<\/h4>\n<p>Under kind guidance of a tea fairy Jasmine each child will make their own framed picture, bookmark or something else and take it home. We will be making pictures using a simple technique \u2013 printing using a PET bottle.<\/p>\n<h5>18.00\u201322.00<\/h5>\n<h4>Reading fairy tales for younger kids<\/h4>\n<p>Non-traditional tales of tea fairies from the world of tearooms will be read hourly.<\/p>\n<h5>19.00\u201320.00<\/h5>\n<h4>Performance of theatre improvisation troupe All Imp from Ostrava<\/h4>\n<p>Ostrava troupe of theatre improvisation has been with us for two years. All Imp came out of graduates of the Centre for New Thinking and Creating \u2013 Improacademy. Theatrical form for which you, the audience, choose the topics. Lightness, extraordinariness, humour, verses, songs\u2026 and the goal? You leaving with a smile on your face. Booking ahead is obligatory. Facebook: All Imp, <a href=\"https:\/\/redir.netcentrum.cz\/?noaudit&amp;url=http%3A%2F%2Fimproacademy%2Ecz%2F\">https:\/\/improacademy.cz\/<\/a><\/p>\n<h5>20.30\u201321.15<\/h5>\n<h4>Recital of a young songwriter from Ostrava, Krist\u00fdna Li\u0161tiakov\u00e1<\/h4>\n<p>Ostrava singer writing in various languages. She puts a bit of herself into her songs, her thoughts, feelings, and joys of life. Krist\u00fdna has performed individually since 2012. She also appeared during open mic project \u201cOn the stage\u201d, which is regularly held in Rashmi. Since about summer of 2014 she has also been working with a drummer and percussionist, Jirka Hor\u00e1k. Booking ahead is obligatory.<\/p>\n<h5>21.45\u201322.30<\/h5>\n<h4>Pavl\u00edna Nov\u00e1\u010dkov\u00e1 and Petr Jan Vin\u0161<\/h4>\n<p>Literary reading of captivating and magical short stories by a Jewish writer Leopold Kompert featuring an excerpt from his novelette \u201cHauzirnik\u201d. All the German texts have been translated by Petr Jan Vin\u0161. Literature work of an usual author, whose novelettes and short stories bear the feelings of downfall and fear that were omniscient in poor people\u2019s lives, might leave some of the guests pondering about the meaning of life. Booking ahead is obligatory.<\/p>\n<h5>22.30\u201323.30<\/h5>\n<h4>Opening of a photography exhibition by a photographer \u0160imon Hor\u00e1k from \u010cesk\u00fd T\u011b\u0161\u00edn.<\/h4>\n<p>Music and documentary photography + photos from a cycle \u201cWalks around\u201d<\/p>\n<p>During breaks there will be a special museum selection of drinks and refreshments to sit in or take-away. See examples of artists\u2019 work on our Facebook profile \u2013 \u010dajovna Rashmi.<\/td>\n<td width=\"20\"><\/td>\n<td valign=\"top\" width=\"300\">\n<div>\n<h2><a class=\"cboxElement\" title=\"\u010cajovna RASHMI\" href=\"https:\/\/2015.ostravskamuzejninoc.cz\/wp-content\/uploads\/2015\/05\/06_rasmi.jpg\" rel=\"lightbox[220]\"><img loading=\"lazy\" class=\"alignnone size-medium wp-image-403\" src=\"https:\/\/2015.ostravskamuzejninoc.cz\/wp-content\/uploads\/2015\/05\/06_rasmi-300x288.jpg\" alt=\"06_rasmi\" width=\"300\" height=\"288\" srcset=\"https:\/\/2015.ostravskamuzejninoc.cz\/wp-content\/uploads\/2015\/05\/06_rasmi-300x288.jpg 300w, https:\/\/2015.ostravskamuzejninoc.cz\/wp-content\/uploads\/2015\/05\/06_rasmi.jpg 800w\" sizes=\"(max-width: 300px) 100vw, 300px\" \/><\/a> <a class=\"cboxElement\" title=\"\u010cajovna RASHMI\" href=\"https:\/\/2015.ostravskamuzejninoc.cz\/wp-content\/uploads\/2015\/05\/01_rasmi.jpg\" rel=\"lightbox[220]\"><img loading=\"lazy\" class=\"alignnone size-medium wp-image-404\" src=\"https:\/\/2015.ostravskamuzejninoc.cz\/wp-content\/uploads\/2015\/05\/01_rasmi-300x198.jpg\" alt=\"01_rasmi\" width=\"300\" height=\"198\" srcset=\"https:\/\/2015.ostravskamuzejninoc.cz\/wp-content\/uploads\/2015\/05\/01_rasmi-300x198.jpg 300w, https:\/\/2015.ostravskamuzejninoc.cz\/wp-content\/uploads\/2015\/05\/01_rasmi.jpg 800w\" sizes=\"(max-width: 300px) 100vw, 300px\" \/><\/a> <a class=\"cboxElement\" title=\"\u010cajovna RASHMI\" href=\"https:\/\/2015.ostravskamuzejninoc.cz\/wp-content\/uploads\/2015\/05\/02_rasmi.jpg\" rel=\"lightbox[220]\"><img loading=\"lazy\" class=\"alignnone size-medium wp-image-405\" src=\"https:\/\/2015.ostravskamuzejninoc.cz\/wp-content\/uploads\/2015\/05\/02_rasmi-300x199.jpg\" alt=\"02_rasmi\" width=\"300\" height=\"199\" srcset=\"https:\/\/2015.ostravskamuzejninoc.cz\/wp-content\/uploads\/2015\/05\/02_rasmi-300x199.jpg 300w, https:\/\/2015.ostravskamuzejninoc.cz\/wp-content\/uploads\/2015\/05\/02_rasmi.jpg 800w\" sizes=\"(max-width: 300px) 100vw, 300px\" \/><\/a> <a class=\"cboxElement\" title=\"\u010cajovna RASHMI\" href=\"https:\/\/2015.ostravskamuzejninoc.cz\/wp-content\/uploads\/2015\/05\/03_rasmi.jpg\" rel=\"lightbox[220]\"><img loading=\"lazy\" class=\"alignnone size-medium wp-image-406\" src=\"https:\/\/2015.ostravskamuzejninoc.cz\/wp-content\/uploads\/2015\/05\/03_rasmi-300x225.jpg\" alt=\"03_rasmi\" width=\"300\" height=\"225\" srcset=\"https:\/\/2015.ostravskamuzejninoc.cz\/wp-content\/uploads\/2015\/05\/03_rasmi-300x225.jpg 300w, https:\/\/2015.ostravskamuzejninoc.cz\/wp-content\/uploads\/2015\/05\/03_rasmi.jpg 800w\" sizes=\"(max-width: 300px) 100vw, 300px\" \/><\/a> <a class=\"cboxElement\" title=\"\u010cajovna RASHMI\" href=\"https:\/\/2015.ostravskamuzejninoc.cz\/wp-content\/uploads\/2015\/05\/04_rasmi.jpg\" rel=\"lightbox[220]\"><img loading=\"lazy\" class=\"alignnone size-medium wp-image-407\" src=\"https:\/\/2015.ostravskamuzejninoc.cz\/wp-content\/uploads\/2015\/05\/04_rasmi-300x199.jpg\" alt=\"04_rasmi\" width=\"300\" height=\"199\" srcset=\"https:\/\/2015.ostravskamuzejninoc.cz\/wp-content\/uploads\/2015\/05\/04_rasmi-300x199.jpg 300w, https:\/\/2015.ostravskamuzejninoc.cz\/wp-content\/uploads\/2015\/05\/04_rasmi.jpg 800w\" sizes=\"(max-width: 300px) 100vw, 300px\" \/><\/a> <a class=\"cboxElement\" title=\"\u010cajovna RASHMI\" href=\"https:\/\/2015.ostravskamuzejninoc.cz\/wp-content\/uploads\/2015\/05\/05_rasmi.jpg\" rel=\"lightbox[220]\"><img loading=\"lazy\" class=\"alignnone size-medium wp-image-408\" src=\"https:\/\/2015.ostravskamuzejninoc.cz\/wp-content\/uploads\/2015\/05\/05_rasmi-300x198.jpg\" alt=\"05_rasmi\" width=\"300\" height=\"198\" srcset=\"https:\/\/2015.ostravskamuzejninoc.cz\/wp-content\/uploads\/2015\/05\/05_rasmi-300x198.jpg 300w, https:\/\/2015.ostravskamuzejninoc.cz\/wp-content\/uploads\/2015\/05\/05_rasmi.jpg 800w\" sizes=\"(max-width: 300px) 100vw, 300px\" \/><\/a><\/h2>\n<h2>Contact:<\/h2>\n<\/div>\n<div>\n<p>\u010cajovna RASHMI<br \/>\nHavl\u00ed\u010dkovo n\u00e1m.6189\/27<br \/>\n708 00 Ostrava-Poruba<br \/>\nE-mail: <a href=\"mailto:rashmi@vasecajovny.cz\">rashmi@vasecajovny.cz<\/a><a title=\"\u017delezni\u010dn\u00ed muzeum  moravskoslezsk\u00e9\" href=\"mailto:zmms@zmms.cz\"><br \/>\n<\/a>Web: <a href=\"https:\/\/www.vasecajovny.cz\" target=\"_blank\">www.vasecajovny.cz<\/a><a href=\"https:\/\/www.zmms.cz\/\" target=\"blank\"><br \/>\n<\/a>Phone number: 731\u00a0265 927<\/p>\n<\/div>\n<\/td>\n<\/tr>\n<\/tbody>\n<\/table>\n<p><\/p>","protected":false},"excerpt":{"rendered":"<p>Tearoom Rashmi 16.00\u201317.00 Opening of a photography exhibition by a photographer \u0160imon Hor\u00e1k from \u010cesk\u00fd T\u011b\u0161\u00edn. Music and documentary photography + photos from a cycle \u201cWalks around\u201d 16.00\u201317.00 Live dragon and snow leopard In front of the tearoom Rashmi you can see a live dragon or a snow leopard walking on two. Would you like [&hellip;]<\/p>\n","protected":false},"author":1,"featured_media":0,"parent":0,"menu_order":0,"comment_status":"closed","ping_status":"closed","template":"","meta":[],"_links":{"self":[{"href":"https:\/\/2015.ostravskamuzejninoc.cz\/en\/wp-json\/wp\/v2\/pages\/220"}],"collection":[{"href":"https:\/\/2015.ostravskamuzejninoc.cz\/en\/wp-json\/wp\/v2\/pages"}],"about":[{"href":"https:\/\/2015.ostravskamuzejninoc.cz\/en\/wp-json\/wp\/v2\/types\/page"}],"author":[{"embeddable":true,"href":"https:\/\/2015.ostravskamuzejninoc.cz\/en\/wp-json\/wp\/v2\/users\/1"}],"replies":[{"embeddable":true,"href":"https:\/\/2015.ostravskamuzejninoc.cz\/en\/wp-json\/wp\/v2\/comments?post=220"}],"version-history":[{"count":15,"href":"https:\/\/2015.ostravskamuzejninoc.cz\/en\/wp-json\/wp\/v2\/pages\/220\/revisions"}],"predecessor-version":[{"id":859,"href":"https:\/\/2015.ostravskamuzejninoc.cz\/en\/wp-json\/wp\/v2\/pages\/220\/revisions\/859"}],"wp:attachment":[{"href":"https:\/\/2015.ostravskamuzejninoc.cz\/en\/wp-json\/wp\/v2\/media?parent=220"}],"curies":[{"name":"wp","href":"https:\/\/api.w.org\/{rel}","templated":true}]}}