{"id":225,"date":"2015-05-01T09:39:35","date_gmt":"2015-05-01T08:39:35","guid":{"rendered":"http:\/\/2015.ostravskamuzejninoc.cz\/?page_id=225"},"modified":"2015-05-28T11:26:24","modified_gmt":"2015-05-28T10:26:24","slug":"cesky-dolni-vitkovice","status":"publish","type":"page","link":"https:\/\/2015.ostravskamuzejninoc.cz\/en\/cesky-dolni-vitkovice\/","title":{"rendered":"Doln\u00ed V\u00edtkovice"},"content":{"rendered":"<p><\/p>\n<table class=\"alignleft\" border=\"0\" width=\"700\" cellspacing=\"0\" cellpadding=\"0\">\n<tbody>\n<tr>\n<td valign=\"top\" width=\"380\">\n<h2 align=\"left\">Doln\u00ed V\u00edtkovice<\/h2>\n<h5>18.00\u201324.00<\/h5>\n<h4>Organised and guided tour Coal circuit<\/h4>\n<p>A guided tour of an industrial area that is unique in Europe, where making of raw iron was replaced by alternative education, culture, art, and fun.<\/p>\n<p>Look forward to a tour of the blast furnace area of V\u00edtkovice, Hlubina coal mine and coke batteries, which were parts of a unique process of production of raw iron. A detailed lecture on history of this area, production process, and the future of this place awaits for you.<\/p>\n<p>For free you can enjoy the ride by an adrenalin gyroscope and feel like pilots of fighter planes feel at 3 G-force in the Science and Technology Centre.<\/p>\n<h4>A possibility of paid tours:<\/h4>\n<h5>18.00\u201300.00<\/h5>\n<h4>Tours of the Blast Furnace No. 1. \u2013 VP1<br \/>\nGo up in a skip hoist, adrenaline view of Ostrava at night, a tour of a Command Centre, and the inside of a blast furnace. The last tickets are sold at 23.00.<\/h4>\n<p>Admission VP1 without the extension: 150 CZK \/ adults, 90 CZK \/ reduced<br \/>\nAdmission VP1 incl. the extension: 190 CZK \/ adults, 130 CZK \/ reduced<\/p>\n<h5>18.00\u201300.00<\/h5>\n<h4>Tours of the U6 Small World of Technology, interactive exhibition for little and big guests. Tickets are sold until 23.00 at the reception of U6 building.<\/h4>\n<p>Admission: 110 CZK \/ adults, 70 CZK \/ reduced<\/p>\n<h5>18.00\u201300.00<\/h5>\n<h4>Exhibitions of the Science and Technology Centre.<\/h4>\n<p>Enjoy hundreds of fun attractions, which will entertain and teach you in various areas of life and science. Tickets are sold until 23.00 at the reception of the Science and Technology Centre.<\/p>\n<p>Admission: 190 CZK \/ adults, 130 CZK \/ reduced<\/p>\n<h2>Contact:<\/h2>\n<p align=\"left\">Doln\u00ed oblast V\u00edtkovice<br \/>\nRusk\u00e1 2993<br \/>\n706 02 Ostrava-V\u00edtkovice<br \/>\nE-mail: <a href=\"mailto:nkp@vitkovice.cz\">nkp@vitkovice.cz<\/a><br \/>\nWeb: <a href=\"https:\/\/www.dolnioblastvitkovice.cz\/\" target=\"_blank\">www.dolnioblastvitkovice.cz<\/a><br \/>\nPhone number: 724 955 121<\/p>\n<\/td>\n<td width=\"20\"><\/td>\n<td valign=\"top\" width=\"300\">\n<h2><img loading=\"lazy\" class=\"alignnone size-full wp-image-449\" src=\"https:\/\/2013.ostravskamuzejninoc.cz\/wp-content\/uploads\/2013\/04\/logo_dolni_vitkovice.png\" alt=\"logo_dolni_vitkovice\" width=\"250\" height=\"215\" \/><\/h2>\n<h2><a class=\"cboxElement\" title=\"Doln\u00ed V\u00edtkovice\" href=\"https:\/\/2015.ostravskamuzejninoc.cz\/wp-content\/uploads\/2015\/05\/01_dov.jpg\" rel=\"lightbox[225]\"><img loading=\"lazy\" class=\"alignnone size-medium wp-image-411\" src=\"https:\/\/2015.ostravskamuzejninoc.cz\/wp-content\/uploads\/2015\/05\/01_dov-300x200.jpg\" alt=\"DOM\u00c1C\u00cd- OSTRAVA-V\u00cdTKOVICE- KULTURA- VYSOK\u00c1 PEC- OSV\u011aTLEN\u00cd\" width=\"300\" height=\"200\" srcset=\"https:\/\/2015.ostravskamuzejninoc.cz\/wp-content\/uploads\/2015\/05\/01_dov-300x200.jpg 300w, https:\/\/2015.ostravskamuzejninoc.cz\/wp-content\/uploads\/2015\/05\/01_dov.jpg 800w\" sizes=\"(max-width: 300px) 100vw, 300px\" \/><\/a> <a class=\"cboxElement\" title=\"Doln\u00ed V\u00edtkovice\" href=\"https:\/\/2015.ostravskamuzejninoc.cz\/wp-content\/uploads\/2015\/05\/02_dov.jpg\" rel=\"lightbox[225]\"><img loading=\"lazy\" class=\"alignnone size-medium wp-image-412\" src=\"https:\/\/2015.ostravskamuzejninoc.cz\/wp-content\/uploads\/2015\/05\/02_dov-300x200.jpg\" alt=\"02_dov\" width=\"300\" height=\"200\" srcset=\"https:\/\/2015.ostravskamuzejninoc.cz\/wp-content\/uploads\/2015\/05\/02_dov-300x200.jpg 300w, https:\/\/2015.ostravskamuzejninoc.cz\/wp-content\/uploads\/2015\/05\/02_dov.jpg 800w\" sizes=\"(max-width: 300px) 100vw, 300px\" \/><\/a> <a class=\"cboxElement\" title=\"Doln\u00ed V\u00edtkovice\" href=\"https:\/\/2015.ostravskamuzejninoc.cz\/wp-content\/uploads\/2015\/05\/04_dov.jpg\" rel=\"lightbox[225]\"><img loading=\"lazy\" class=\"alignnone size-medium wp-image-414\" src=\"https:\/\/2015.ostravskamuzejninoc.cz\/wp-content\/uploads\/2015\/05\/04_dov-300x203.jpg\" alt=\"04_dov\" width=\"300\" height=\"203\" srcset=\"https:\/\/2015.ostravskamuzejninoc.cz\/wp-content\/uploads\/2015\/05\/04_dov-300x203.jpg 300w, https:\/\/2015.ostravskamuzejninoc.cz\/wp-content\/uploads\/2015\/05\/04_dov.jpg 800w\" sizes=\"(max-width: 300px) 100vw, 300px\" \/><\/a><\/h2>\n<h2><a class=\"cboxElement\" title=\"Doln\u00ed V\u00edtkovice\" href=\"https:\/\/2015.ostravskamuzejninoc.cz\/wp-content\/uploads\/2015\/05\/03_dov.jpg\" rel=\"lightbox[225]\"><img loading=\"lazy\" class=\"alignnone size-medium wp-image-413\" src=\"https:\/\/2015.ostravskamuzejninoc.cz\/wp-content\/uploads\/2015\/05\/03_dov-200x300.jpg\" alt=\"03_dov\" width=\"200\" height=\"300\" srcset=\"https:\/\/2015.ostravskamuzejninoc.cz\/wp-content\/uploads\/2015\/05\/03_dov-200x300.jpg 200w, https:\/\/2015.ostravskamuzejninoc.cz\/wp-content\/uploads\/2015\/05\/03_dov.jpg 533w\" sizes=\"(max-width: 200px) 100vw, 200px\" \/><\/a><\/h2>\n<\/td>\n<\/tr>\n<\/tbody>\n<\/table>\n<p><\/p>","protected":false},"excerpt":{"rendered":"<p>Doln\u00ed V\u00edtkovice 18.00\u201324.00 Organised and guided tour Coal circuit A guided tour of an industrial area that is unique in Europe, where making of raw iron was replaced by alternative education, culture, art, and fun. Look forward to a tour of the blast furnace area of V\u00edtkovice, Hlubina coal mine and coke batteries, which were [&hellip;]<\/p>\n","protected":false},"author":1,"featured_media":0,"parent":0,"menu_order":0,"comment_status":"closed","ping_status":"closed","template":"","meta":[],"_links":{"self":[{"href":"https:\/\/2015.ostravskamuzejninoc.cz\/en\/wp-json\/wp\/v2\/pages\/225"}],"collection":[{"href":"https:\/\/2015.ostravskamuzejninoc.cz\/en\/wp-json\/wp\/v2\/pages"}],"about":[{"href":"https:\/\/2015.ostravskamuzejninoc.cz\/en\/wp-json\/wp\/v2\/types\/page"}],"author":[{"embeddable":true,"href":"https:\/\/2015.ostravskamuzejninoc.cz\/en\/wp-json\/wp\/v2\/users\/1"}],"replies":[{"embeddable":true,"href":"https:\/\/2015.ostravskamuzejninoc.cz\/en\/wp-json\/wp\/v2\/comments?post=225"}],"version-history":[{"count":12,"href":"https:\/\/2015.ostravskamuzejninoc.cz\/en\/wp-json\/wp\/v2\/pages\/225\/revisions"}],"predecessor-version":[{"id":814,"href":"https:\/\/2015.ostravskamuzejninoc.cz\/en\/wp-json\/wp\/v2\/pages\/225\/revisions\/814"}],"wp:attachment":[{"href":"https:\/\/2015.ostravskamuzejninoc.cz\/en\/wp-json\/wp\/v2\/media?parent=225"}],"curies":[{"name":"wp","href":"https:\/\/api.w.org\/{rel}","templated":true}]}}