{"id":240,"date":"2015-05-01T09:54:58","date_gmt":"2015-05-01T08:54:58","guid":{"rendered":"http:\/\/2015.ostravskamuzejninoc.cz\/?page_id=240"},"modified":"2015-05-28T11:33:46","modified_gmt":"2015-05-28T10:33:46","slug":"tyflocentrum-ostrava","status":"publish","type":"page","link":"https:\/\/2015.ostravskamuzejninoc.cz\/en\/tyflocentrum-ostrava\/","title":{"rendered":"TyfloCentrum Ostrava"},"content":{"rendered":"<p><\/p>\n<table class=\"alignleft\" border=\"0\" width=\"700\" cellspacing=\"0\" cellpadding=\"0\">\n<tbody>\n<tr>\n<td valign=\"top\" width=\"380\">\n<h1 align=\"left\">TyfloCentrum Ostrava<\/h1>\n<p>This year you are invited to our new premises in the city centre.<\/p>\n<h5>18.00\u201323.00<\/h5>\n<h4>Life in the darkness<\/h4>\n<p>In TyfloCentrum Ostrava we will show you the life in the darkness, or what obstacles blind people face when preparing meals, choosing their outfit or on the way to work. You can also shoot from a sound gun and you can type your name on the Pichta type writer in Braille letters. Tours start hourly. The last tour starts at 22.00. Booking ahead is obligatory.<\/p>\n<h2>Contact:<\/h2>\n<p align=\"left\">TyfloCentrum Ostrava, o.\u2009p.\u2009s.<br \/>\nn\u00e1m\u011bst\u00ed Msgre \u0160r\u00e1mka 1760\/4<br \/>\n702 00 Ostrava<br \/>\nE-mail: <a href=\"mailto:posta@tyflocentrum-ova.cz\">posta@tyflocentrum-ova.cz<\/a><br \/>\nWeb: <a href=\"https:\/\/www.tyflocentrum-ova.cz\/\" target=\"_blank\">www.tyflocentrum-ova.cz<\/a><br \/>\nPhone number: 596 783 073<\/p>\n<\/td>\n<td width=\"20\"><\/td>\n<td valign=\"top\" width=\"300\"><img loading=\"lazy\" src=\"https:\/\/2013.ostravskamuzejninoc.cz\/wp-content\/uploads\/2013\/05\/tyflocentrum1.png\" alt=\"tyflocentrum\" width=\"240\" height=\"228\" \/><a class=\"cboxElement\" title=\"TyfloCentrum Ostrava\" href=\"https:\/\/www.2014.ostravskamuzejninoc.cz\/wp-content\/uploads\/2014\/05\/TyfloCentrum_nova_budova.jpg\" rel=\"lightbox[388]\"><img loading=\"lazy\" class=\"aligncenter size-medium wp-image-634\" src=\"https:\/\/2014.ostravskamuzejninoc.cz\/wp-content\/uploads\/2014\/05\/TyfloCentrum_nova_budova-300x225.jpg\" alt=\"TyfloCentrum_nova_budova\" width=\"300\" height=\"225\" \/><\/a><a class=\"cboxElement\" title=\"TyfloCentrum Ostrava\" href=\"https:\/\/2015.ostravskamuzejninoc.cz\/wp-content\/uploads\/2015\/05\/02_tyflocentrum.jpg\" rel=\"lightbox[240]\"><img loading=\"lazy\" class=\"alignnone size-medium wp-image-429\" src=\"https:\/\/2015.ostravskamuzejninoc.cz\/wp-content\/uploads\/2015\/05\/02_tyflocentrum-300x225.jpg\" alt=\"02_tyflocentrum\" width=\"300\" height=\"225\" srcset=\"https:\/\/2015.ostravskamuzejninoc.cz\/wp-content\/uploads\/2015\/05\/02_tyflocentrum-300x225.jpg 300w, https:\/\/2015.ostravskamuzejninoc.cz\/wp-content\/uploads\/2015\/05\/02_tyflocentrum.jpg 800w\" sizes=\"(max-width: 300px) 100vw, 300px\" \/><\/a><\/td>\n<\/tr>\n<\/tbody>\n<\/table>\n<p><\/p>","protected":false},"excerpt":{"rendered":"<p>TyfloCentrum Ostrava This year you are invited to our new premises in the city centre. 18.00\u201323.00 Life in the darkness In TyfloCentrum Ostrava we will show you the life in the darkness, or what obstacles blind people face when preparing meals, choosing their outfit or on the way to work. You can also shoot from [&hellip;]<\/p>\n","protected":false},"author":1,"featured_media":0,"parent":0,"menu_order":0,"comment_status":"closed","ping_status":"closed","template":"","meta":[],"_links":{"self":[{"href":"https:\/\/2015.ostravskamuzejninoc.cz\/en\/wp-json\/wp\/v2\/pages\/240"}],"collection":[{"href":"https:\/\/2015.ostravskamuzejninoc.cz\/en\/wp-json\/wp\/v2\/pages"}],"about":[{"href":"https:\/\/2015.ostravskamuzejninoc.cz\/en\/wp-json\/wp\/v2\/types\/page"}],"author":[{"embeddable":true,"href":"https:\/\/2015.ostravskamuzejninoc.cz\/en\/wp-json\/wp\/v2\/users\/1"}],"replies":[{"embeddable":true,"href":"https:\/\/2015.ostravskamuzejninoc.cz\/en\/wp-json\/wp\/v2\/comments?post=240"}],"version-history":[{"count":8,"href":"https:\/\/2015.ostravskamuzejninoc.cz\/en\/wp-json\/wp\/v2\/pages\/240\/revisions"}],"predecessor-version":[{"id":819,"href":"https:\/\/2015.ostravskamuzejninoc.cz\/en\/wp-json\/wp\/v2\/pages\/240\/revisions\/819"}],"wp:attachment":[{"href":"https:\/\/2015.ostravskamuzejninoc.cz\/en\/wp-json\/wp\/v2\/media?parent=240"}],"curies":[{"name":"wp","href":"https:\/\/api.w.org\/{rel}","templated":true}]}}