{"id":243,"date":"2015-05-01T09:57:10","date_gmt":"2015-05-01T08:57:10","guid":{"rendered":"http:\/\/2015.ostravskamuzejninoc.cz\/?page_id=243"},"modified":"2015-05-28T11:40:33","modified_gmt":"2015-05-28T10:40:33","slug":"cesky-nova-akropolis-o-s","status":"publish","type":"page","link":"https:\/\/2015.ostravskamuzejninoc.cz\/en\/cesky-nova-akropolis-o-s\/","title":{"rendered":"New Acropolis"},"content":{"rendered":"<p><\/p>\n<div id=\"post-243\" class=\"art-box art-post post-243 page type-page status-publish hentry\">\n<div class=\"art-box-body art-post-body\">\n<div class=\"art-post-inner art-article\">\n<div class=\"art-postcontent\">\n<table class=\"alignleft\" border=\"0\" width=\"700\" cellspacing=\"0\" cellpadding=\"0\">\n<tbody>\n<tr>\n<td valign=\"top\" width=\"380\">\n<h1>New Acropolis<\/h1>\n<p>With its long-standing regular activities New Acropolis has been contributing to the development of cultural life in Ostrava. It organizes courses of comparative philosophy of the East and the West, lectures on ancient cultures and civilizations, art workshops, events for children from children\u2019s homes or for disabled children, events for seniors, rhetoric courses, lecture series on psychology, etc.<\/p>\n<h5>17.00\u201300.00<\/h5>\n<h4>Sales exhibition of archaeological reproductions<\/h4>\n<p>There is a permanent sales exhibition of archaeological reproductions, small philosophical bookstore and a shop with products from paper lace (bookmarks, cards, etc.), incenses, onyx products and ecological cleaning products.<\/p>\n<h5>18.00 \u2013 21.30<\/h5>\n<h4>Painting archaeological reproductions<\/h4>\n<p>Motifs from the ancient Egypt, the price is 20 CZK for 1 pc.<\/p>\n<h5>22.00\u201323.00<\/h5>\n<h4>Film The Etruscans \u2013 Wanderers of the Eternity<\/h4>\n<p>Meeting a fascinating civilization, which was the cradle of ancient Rome and to this day it has been uncovering its secrets to us.<\/p>\n<h2>Contact:<\/h2>\n<p>Nov\u00e1 Akropolis, ob\u010dansk\u00e9 sdru\u017een\u00ed<br \/>\n28. \u0159\u00edjna 8<br \/>\n702 00 Moravsk\u00e1 Ostrava<br \/>\nE-mail: <a href=\"mailto:nova@akropolis.cz\">ostrava@akropolis.cz<\/a><br \/>\nWeb: <a href=\"https:\/\/www.akropolis.cz\/\" target=\"_blank\">www.akropolis.cz<\/a><br \/>\nPhone number: 596 134 980<\/td>\n<td width=\"20\"><\/td>\n<td valign=\"top\" width=\"300\"><img loading=\"lazy\" class=\"alignnone size-full wp-image-626\" src=\"https:\/\/2013.ostravskamuzejninoc.cz\/wp-content\/uploads\/2013\/04\/logo_akropolis_2013.png\" alt=\"logo_akropolis_2013\" width=\"300\" height=\"164\" \/><a class=\"cboxElement\" title=\"Nov\u00e1 Akropolis, o.s.\" href=\"https:\/\/2015.ostravskamuzejninoc.cz\/wp-content\/uploads\/2015\/05\/01_akropolis.jpg\" rel=\"lightbox[243]\"><img loading=\"lazy\" class=\"alignnone size-medium wp-image-433\" src=\"https:\/\/2015.ostravskamuzejninoc.cz\/wp-content\/uploads\/2015\/05\/01_akropolis-300x225.jpg\" alt=\"01_akropolis\" width=\"300\" height=\"225\" srcset=\"https:\/\/2015.ostravskamuzejninoc.cz\/wp-content\/uploads\/2015\/05\/01_akropolis-300x225.jpg 300w, https:\/\/2015.ostravskamuzejninoc.cz\/wp-content\/uploads\/2015\/05\/01_akropolis.jpg 800w\" sizes=\"(max-width: 300px) 100vw, 300px\" \/><\/a><\/p>\n<p><img loading=\"lazy\" class=\"alignnone size-full wp-image-432\" src=\"https:\/\/2013.ostravskamuzejninoc.cz\/wp-content\/uploads\/2013\/04\/akropolis_vchod.jpg\" alt=\"akropolis_vchod\" width=\"280\" height=\"373\" \/><\/td>\n<\/tr>\n<\/tbody>\n<\/table>\n<\/div>\n<div class=\"cleared\"><\/div>\n<\/div>\n<div class=\"cleared\"><\/div>\n<\/div>\n<\/div>\n<div class=\"cleared\"><\/div>\n<p><\/p>","protected":false},"excerpt":{"rendered":"<p>New Acropolis With its long-standing regular activities New Acropolis has been contributing to the development of cultural life in Ostrava. It organizes courses of comparative philosophy of the East and the West, lectures on ancient cultures and civilizations, art workshops, events for children from children\u2019s homes or for disabled children, events for seniors, rhetoric courses, [&hellip;]<\/p>\n","protected":false},"author":1,"featured_media":0,"parent":0,"menu_order":0,"comment_status":"closed","ping_status":"closed","template":"","meta":[],"_links":{"self":[{"href":"https:\/\/2015.ostravskamuzejninoc.cz\/en\/wp-json\/wp\/v2\/pages\/243"}],"collection":[{"href":"https:\/\/2015.ostravskamuzejninoc.cz\/en\/wp-json\/wp\/v2\/pages"}],"about":[{"href":"https:\/\/2015.ostravskamuzejninoc.cz\/en\/wp-json\/wp\/v2\/types\/page"}],"author":[{"embeddable":true,"href":"https:\/\/2015.ostravskamuzejninoc.cz\/en\/wp-json\/wp\/v2\/users\/1"}],"replies":[{"embeddable":true,"href":"https:\/\/2015.ostravskamuzejninoc.cz\/en\/wp-json\/wp\/v2\/comments?post=243"}],"version-history":[{"count":13,"href":"https:\/\/2015.ostravskamuzejninoc.cz\/en\/wp-json\/wp\/v2\/pages\/243\/revisions"}],"predecessor-version":[{"id":824,"href":"https:\/\/2015.ostravskamuzejninoc.cz\/en\/wp-json\/wp\/v2\/pages\/243\/revisions\/824"}],"wp:attachment":[{"href":"https:\/\/2015.ostravskamuzejninoc.cz\/en\/wp-json\/wp\/v2\/media?parent=243"}],"curies":[{"name":"wp","href":"https:\/\/api.w.org\/{rel}","templated":true}]}}