{"id":30,"date":"2015-04-28T14:03:39","date_gmt":"2015-04-28T13:03:39","guid":{"rendered":"http:\/\/2015.ostravskamuzejninoc.cz\/?page_id=30"},"modified":"2015-06-02T18:46:27","modified_gmt":"2015-06-02T17:46:27","slug":"cesky-ostravske-muzeum","status":"publish","type":"page","link":"https:\/\/2015.ostravskamuzejninoc.cz\/en\/cesky-ostravske-muzeum\/","title":{"rendered":"The Museum of Ostrava"},"content":{"rendered":"<p><\/p>\n<table class=\"alignleft\" border=\"0\" width=\"700\" cellspacing=\"0\" cellpadding=\"0\">\n<tbody>\n<tr>\n<td valign=\"top\" width=\"380\">\n<h1>The Museum of Ostrava<\/h1>\n<h5>16.00\u201317.15<\/h5>\n<h3>Walking with the history and the trees of the Huss\u2019 park in Moravian Ostrava.<\/h3>\n<p>A historian Kate\u0159ina Barcuchov\u00e1 and botanist Zdenka Rozbrojov\u00e1 will be our guides. Meeting is at 16.00 near Marius Kotrba\u2019s sculpture.<\/p>\n<h5>17.00\u201321.00<\/h5>\n<h3>Rabbit, cat, bird or elephant?<\/h3>\n<p>Making origami brooches. Workshop for kids and for adults will be supervised by Mark\u00e9ta Jare\u0161ov\u00e1.<\/p>\n<h5>17.00\u201323.00<\/h5>\n<h3>Exhibitions and permanent expositions<\/h3>\n<h5>19.00\u201320.00<\/h5>\n<h3>From Bach to jazz<\/h3>\n<p>Music stream of students from the elementary art school of E. Marhula in Ostrava \u2013 Mari\u00e1nsk\u00e9 Hory There will be a string quartet, a guitar, and a folk group.<\/p>\n<h5>20.00\u201322.00<\/h5>\n<h3>Face painting<\/h3>\n<p>Face painting with Krist\u00fdna Buchtov\u00e1.<\/p>\n<h3>Current exhibitions:<\/h3>\n<p>Gems from the natural science collections of East Slovakia Museum in Ko\u0161ice<\/p>\n<p>Hey kids! See what\u2019s flying over there! &#8211; Exhibition of the white stork, its way of life, protection and nesting habits.<\/p>\n<h3>Permanent expositions<\/h3>\n<p>Art-historical collections, history of Ostrava, archeology, paleontology and geology, mineralogy, the nature and countryside of Ostrava area, ethnography and history of mining<\/p>\n<h3>Lauba Gallery<\/h3>\n<p>The overseer of the nation. Author exhibition by Dalibor Ba\u010da.<\/p>\n<h5>17.00\u201323.00<\/h5>\n<h3>Views from the Old Town Hall tower<\/h3>\n<p>The number of guests per one visit of the tower is limited to 10 persons for security reasons. The last tour starts at 23.00. Admission: 20 CZK<\/td>\n<td width=\"20\"><\/td>\n<td valign=\"top\" width=\"300\"><img loading=\"lazy\" class=\"size-full wp-image-395 alignnone\" src=\"https:\/\/2013.ostravskamuzejninoc.cz\/wp-content\/uploads\/2013\/04\/muzeum_logo_bile.png\" alt=\"muzeum_logo_bile\" width=\"180\" height=\"230\" \/><\/p>\n<h2>Contact:<\/h2>\n<p>Masarykovo n\u00e1m\u011bst\u00ed 1, 728 41 Ostrava E-mail:<span class=\"Apple-converted-space\">\u00a0<\/span><a href=\"mailto:muzeum@ostrmuz.cz\">muzeum@ostrmuz.cz\u00a0<\/a> Web:<span class=\"Apple-converted-space\">\u00a0<\/span><a href=\"https:\/\/www.ostrmuz.cz\/\" target=\"_blank\">https:\/\/www.ostrmuz.cz<\/a><br \/>\nPhone number: 597 578 450,<br \/>\n596 123 760<\/p>\n<p align=\"right\"><img loading=\"lazy\" class=\"alignleft\" src=\"https:\/\/2011.ostravskamuzejninoc.cz\/muzeum\/muzeum5.jpg\" alt=\"\" width=\"280\" height=\"188\" \/><\/p>\n<p align=\"right\"><img loading=\"lazy\" class=\"alignleft\" src=\"https:\/\/2011.ostravskamuzejninoc.cz\/muzeum\/muzeum4.jpg\" alt=\"\" width=\"280\" height=\"188\" \/><\/p>\n<p><img loading=\"lazy\" src=\"https:\/\/2011.ostravskamuzejninoc.cz\/muzeum\/muzeum3.jpg\" alt=\"\" width=\"280\" height=\"188\" \/><\/td>\n<\/tr>\n<\/tbody>\n<\/table>\n<p><\/p>","protected":false},"excerpt":{"rendered":"<p>The Museum of Ostrava 16.00\u201317.15 Walking with the history and the trees of the Huss\u2019 park in Moravian Ostrava. A historian Kate\u0159ina Barcuchov\u00e1 and botanist Zdenka Rozbrojov\u00e1 will be our guides. Meeting is at 16.00 near Marius Kotrba\u2019s sculpture. 17.00\u201321.00 Rabbit, cat, bird or elephant? Making origami brooches. Workshop for kids and for adults will [&hellip;]<\/p>\n","protected":false},"author":1,"featured_media":0,"parent":0,"menu_order":0,"comment_status":"closed","ping_status":"closed","template":"","meta":[],"_links":{"self":[{"href":"https:\/\/2015.ostravskamuzejninoc.cz\/en\/wp-json\/wp\/v2\/pages\/30"}],"collection":[{"href":"https:\/\/2015.ostravskamuzejninoc.cz\/en\/wp-json\/wp\/v2\/pages"}],"about":[{"href":"https:\/\/2015.ostravskamuzejninoc.cz\/en\/wp-json\/wp\/v2\/types\/page"}],"author":[{"embeddable":true,"href":"https:\/\/2015.ostravskamuzejninoc.cz\/en\/wp-json\/wp\/v2\/users\/1"}],"replies":[{"embeddable":true,"href":"https:\/\/2015.ostravskamuzejninoc.cz\/en\/wp-json\/wp\/v2\/comments?post=30"}],"version-history":[{"count":27,"href":"https:\/\/2015.ostravskamuzejninoc.cz\/en\/wp-json\/wp\/v2\/pages\/30\/revisions"}],"predecessor-version":[{"id":849,"href":"https:\/\/2015.ostravskamuzejninoc.cz\/en\/wp-json\/wp\/v2\/pages\/30\/revisions\/849"}],"wp:attachment":[{"href":"https:\/\/2015.ostravskamuzejninoc.cz\/en\/wp-json\/wp\/v2\/media?parent=30"}],"curies":[{"name":"wp","href":"https:\/\/api.w.org\/{rel}","templated":true}]}}