{"id":50,"date":"2015-04-28T14:37:45","date_gmt":"2015-04-28T13:37:45","guid":{"rendered":"http:\/\/2015.ostravskamuzejninoc.cz\/?page_id=50"},"modified":"2015-05-25T19:41:19","modified_gmt":"2015-05-25T18:41:19","slug":"ostrava-city-hall","status":"publish","type":"page","link":"https:\/\/2015.ostravskamuzejninoc.cz\/en\/ostrava-city-hall\/","title":{"rendered":"The Town Hall of Ostrava"},"content":{"rendered":"<p><\/p>\n<table class=\"alignleft\" border=\"0\" width=\"700\" cellspacing=\"0\" cellpadding=\"0\">\n<tbody>\n<tr>\n<td valign=\"top\" width=\"380\">\n<h1>The Town Hall of Ostrava<\/h1>\n<p>The city of Ostrava will open the Ostrava Museum Night at presence of the city mayor Tom\u00e1\u0161 Macura at Proke\u0161 Square at 18.00 The guests can join the celebratory moment in launching of the balloons with a logo of OMN. Balloons will be free of charge and the guests are invited to collect them from 17.30. The city will join the Ostrava Museum Night by traditional tours of the New Town Hall in non-traditional times, by night viewing from the tower and by a fun programme at Proke\u0161 Square. The topic of the programme will be Journey from One Fairy Tale to Another or the Old Ostrava Tells Stories. You are invited by the host and media partner of the event Czech Radio Ostrava at 17.30.<\/p>\n<h5>17.30\u201318.00<\/h5>\n<h3>Opening of the all-city programme at Proke\u0161 Square \u2013 the balloons will commence the Ostrava Museum Night!<\/h3>\n<p>The guests are invited to collect the balloons at Proke\u0161 Square and at 18.00 on the spot the Ostrava Museum Night will be started off with Tom\u00e1\u0161 Macura, the city mayor.<\/p>\n<h5>18.00\u201323.00<\/h5>\n<h3>Journey from One Fairy Tale to Another or the Old Ostrava Tells Stories<\/h3>\n<p>Don\u2019t you believe that all the tales are in fact about Ostrava? See the Little Red Riding Hood in B\u011blsk\u00fd Wood, Hansel and Gretel and a Miners\u2019 pub, Miner\u2019s daughter Marie and seven Dwarfs from the Anselm Mine and other Ostrava fairy tale heroes. Apart from the fairy tales you can listen to songs, compositions and folk stories on the square. All this under the night sky with some good coffee and refreshments.<\/p>\n<h5>17.30\u201321.00<\/h5>\n<h3>Programme for children with the centres for free time Ostrava at Proke\u0161 Square<\/h3>\n<p>Creative evening for children \u2013 fun activities with the teachers from the centres for free time Ostrava, this year in fairy-tale style.<\/p>\n<h5>18.00\u201323.00<\/h5>\n<h3>Tours of the representative parts of the New Town Hall Ostrava<\/h3>\n<p>Group guided tours of the New Town Hall including the study of the mayor. The last entry at 23.00.<\/p>\n<h5>18.30\u201323.00<\/h5>\n<h3>Views from the Town Hall tower<\/h3>\n<p>Evening and night views from the tower\u2019s top at height of 73 m into its surroundings. Two binoculars are available for guests and the last tour starts at 23.00.<\/p>\n<h2><\/h2>\n<\/td>\n<td width=\"20\"><\/td>\n<td valign=\"top\" width=\"300\"><img loading=\"lazy\" class=\"alignnone size-full wp-image-549\" src=\"https:\/\/2013.ostravskamuzejninoc.cz\/wp-content\/uploads\/2013\/04\/ostrava_modro_modra.png\" alt=\"ostrava_modro_modra\" width=\"248\" height=\"30\" \/><\/p>\n<h2>Contact:<\/h2>\n<p>Town Hall of Ostrava<br \/>\nProke\u0161ovo n\u00e1m\u011bst\u00ed 1803\/8,<br \/>\n702 00 Ostrava<br \/>\nPhone number: 596 281 111, 599 443 096<br \/>\n<a href=\"https:\/\/www.ostrava.cz\/\" target=\"_blank\">www.ostrava.cz<\/a><br \/>\n<a href=\"https:\/\/www.ostravainfo.cz\/\" target=\"_blank\">www.ostravainfo.cz<\/a><\/p>\n<p align=\"center\"><img loading=\"lazy\" class=\"alignleft\" src=\"https:\/\/2011.ostravskamuzejninoc.cz\/vez\/vez_foto_2011.jpg\" alt=\"OstravaInfo\" width=\"280\" height=\"422\" \/><\/p>\n<\/td>\n<\/tr>\n<\/tbody>\n<\/table>\n<table class=\"alignleft\" border=\"0\" width=\"700\" cellspacing=\"0\" cellpadding=\"0\">\n<tbody>\n<tr>\n<td valign=\"top\" width=\"380\"><\/td>\n<td width=\"20\"><\/td>\n<td valign=\"top\" width=\"300\"><\/td>\n<\/tr>\n<\/tbody>\n<\/table>\n<p><\/p>","protected":false},"excerpt":{"rendered":"<p>The Town Hall of Ostrava The city of Ostrava will open the Ostrava Museum Night at presence of the city mayor Tom\u00e1\u0161 Macura at Proke\u0161 Square at 18.00 The guests can join the celebratory moment in launching of the balloons with a logo of OMN. Balloons will be free of charge and the guests are [&hellip;]<\/p>\n","protected":false},"author":1,"featured_media":0,"parent":0,"menu_order":0,"comment_status":"closed","ping_status":"closed","template":"","meta":[],"_links":{"self":[{"href":"https:\/\/2015.ostravskamuzejninoc.cz\/en\/wp-json\/wp\/v2\/pages\/50"}],"collection":[{"href":"https:\/\/2015.ostravskamuzejninoc.cz\/en\/wp-json\/wp\/v2\/pages"}],"about":[{"href":"https:\/\/2015.ostravskamuzejninoc.cz\/en\/wp-json\/wp\/v2\/types\/page"}],"author":[{"embeddable":true,"href":"https:\/\/2015.ostravskamuzejninoc.cz\/en\/wp-json\/wp\/v2\/users\/1"}],"replies":[{"embeddable":true,"href":"https:\/\/2015.ostravskamuzejninoc.cz\/en\/wp-json\/wp\/v2\/comments?post=50"}],"version-history":[{"count":22,"href":"https:\/\/2015.ostravskamuzejninoc.cz\/en\/wp-json\/wp\/v2\/pages\/50\/revisions"}],"predecessor-version":[{"id":643,"href":"https:\/\/2015.ostravskamuzejninoc.cz\/en\/wp-json\/wp\/v2\/pages\/50\/revisions\/643"}],"wp:attachment":[{"href":"https:\/\/2015.ostravskamuzejninoc.cz\/en\/wp-json\/wp\/v2\/media?parent=50"}],"curies":[{"name":"wp","href":"https:\/\/api.w.org\/{rel}","templated":true}]}}