{"id":578,"date":"2015-05-19T08:41:56","date_gmt":"2015-05-19T07:41:56","guid":{"rendered":"http:\/\/2015.ostravskamuzejninoc.cz\/?page_id=578"},"modified":"2015-06-02T18:56:50","modified_gmt":"2015-06-02T17:56:50","slug":"narodni-divadlo-moravskoslezske","status":"publish","type":"page","link":"https:\/\/2015.ostravskamuzejninoc.cz\/en\/narodni-divadlo-moravskoslezske\/","title":{"rendered":"The National Moravian-Silesian Theatre"},"content":{"rendered":"<p><\/p>\n<table class=\"alignleft\" border=\"0\" width=\"700\" cellspacing=\"0\" cellpadding=\"5\">\n<tbody>\n<tr>\n<td valign=\"top\" width=\"380\">\n<h1>The National Moravian-Silesian Theatre, contributory organization of the Statutory City of Ostrava<\/h1>\n<p>Do you know him? Has anyone ever seen him? Have you ever been to his party? Not really? So now you&#8217;ve got a unique chance! Mr Gatsby opens his palace of the Theatre of Ji\u0159\u00ed Myron and throws one of his parties during the Ostrava Museum Night!<\/p>\n<p>Come and see the Roaring Twenties! The foyer of the Theatre will be free to explore.<\/p>\n<h5>22.00\u201322.30<\/h5>\n<h3>From swing to electro swing with a choreographer Eva Burdov\u00e1<\/h3>\n<h5>22.30\u201323.15<\/h5>\n<h3>Tour of the Theatre with the technical director Stanislav Munt\u00e1g and his team<\/h3>\n<p>Booking ahead is obligatory.<\/p>\n<h5>23.00\u201323.30<\/h5>\n<h3>From swing to electro swing with a choreographer Eva Burdov\u00e1<\/h3>\n<h5>23.30\u201300.15<\/h5>\n<h3>Tour of the Theatre with the technical director Stanislav Munt\u00e1g and his team<\/h3>\n<p>Booking ahead is obligatory.<\/td>\n<td width=\"20\"><\/td>\n<td valign=\"top\" width=\"300\"><img loading=\"lazy\" src=\"https:\/\/2013.ostravskamuzejninoc.cz\/wp-content\/uploads\/2013\/04\/logo_ndm.png\" alt=\"logo_ndm\" width=\"150\" height=\"138\" \/><a class=\"cboxElement\" title=\"N\u00e1rodn\u00ed divadlo moravskoslezsk\u00e9\" href=\"https:\/\/2015.ostravskamuzejninoc.cz\/wp-content\/uploads\/2015\/05\/ndm_web.jpg\" rel=\"lightbox[578]\"><img loading=\"lazy\" class=\"alignnone size-medium wp-image-580\" src=\"https:\/\/2015.ostravskamuzejninoc.cz\/wp-content\/uploads\/2015\/05\/ndm_web-300x200.jpg\" alt=\"ndm_web\" width=\"300\" height=\"200\" srcset=\"https:\/\/2015.ostravskamuzejninoc.cz\/wp-content\/uploads\/2015\/05\/ndm_web-300x200.jpg 300w, https:\/\/2015.ostravskamuzejninoc.cz\/wp-content\/uploads\/2015\/05\/ndm_web.jpg 800w\" sizes=\"(max-width: 300px) 100vw, 300px\" \/><\/a><\/p>\n<h2>Contact:<\/h2>\n<p>N\u00e1rodn\u00ed divadlo moravskoslezsk\u00e9<br \/>\nul. \u010cs. legi\u00ed 148\/14<br \/>\n701 04 Ostrava \u2014 Moravsk\u00e1 Ostrava<\/p>\n<p>E-mail:<span class=\"Apple-converted-space\">\u00a0<\/span><a href=\"https:\/\/www.2014.ostravskamuzejninoc.cz\/narodni-divadlo-moravskoslezske\/sekretariat@ndm.cz\" target=\"_blank\">sekretariat@ndm.cz<\/a><br \/>\nWeb:<span class=\"Apple-converted-space\">\u00a0<\/span><a href=\"https:\/\/www.ndm.cz\/\" target=\"_blank\">www.ndm.cz<\/a><br \/>\nPhone number: 596\u00a0276 201<\/td>\n<\/tr>\n<\/tbody>\n<\/table>\n<p><\/p>","protected":false},"excerpt":{"rendered":"<p>The National Moravian-Silesian Theatre, contributory organization of the Statutory City of Ostrava Do you know him? Has anyone ever seen him? Have you ever been to his party? Not really? So now you&#8217;ve got a unique chance! Mr Gatsby opens his palace of the Theatre of Ji\u0159\u00ed Myron and throws one of his parties during [&hellip;]<\/p>\n","protected":false},"author":1,"featured_media":0,"parent":0,"menu_order":0,"comment_status":"closed","ping_status":"closed","template":"","meta":[],"_links":{"self":[{"href":"https:\/\/2015.ostravskamuzejninoc.cz\/en\/wp-json\/wp\/v2\/pages\/578"}],"collection":[{"href":"https:\/\/2015.ostravskamuzejninoc.cz\/en\/wp-json\/wp\/v2\/pages"}],"about":[{"href":"https:\/\/2015.ostravskamuzejninoc.cz\/en\/wp-json\/wp\/v2\/types\/page"}],"author":[{"embeddable":true,"href":"https:\/\/2015.ostravskamuzejninoc.cz\/en\/wp-json\/wp\/v2\/users\/1"}],"replies":[{"embeddable":true,"href":"https:\/\/2015.ostravskamuzejninoc.cz\/en\/wp-json\/wp\/v2\/comments?post=578"}],"version-history":[{"count":14,"href":"https:\/\/2015.ostravskamuzejninoc.cz\/en\/wp-json\/wp\/v2\/pages\/578\/revisions"}],"predecessor-version":[{"id":856,"href":"https:\/\/2015.ostravskamuzejninoc.cz\/en\/wp-json\/wp\/v2\/pages\/578\/revisions\/856"}],"wp:attachment":[{"href":"https:\/\/2015.ostravskamuzejninoc.cz\/en\/wp-json\/wp\/v2\/media?parent=578"}],"curies":[{"name":"wp","href":"https:\/\/api.w.org\/{rel}","templated":true}]}}