{"id":59,"date":"2015-04-28T15:02:41","date_gmt":"2015-04-28T14:02:41","guid":{"rendered":"http:\/\/2015.ostravskamuzejninoc.cz\/?page_id=59"},"modified":"2015-05-25T19:47:08","modified_gmt":"2015-05-25T18:47:08","slug":"cesky-vystavni-sin-sokolska-26","status":"publish","type":"page","link":"https:\/\/2015.ostravskamuzejninoc.cz\/en\/cesky-vystavni-sin-sokolska-26\/","title":{"rendered":"Exhibition Hall Sokolsk\u00e1 26"},"content":{"rendered":"<p><\/p>\n<table class=\"alignleft\" border=\"0\" width=\"700\" cellspacing=\"0\" cellpadding=\"0\">\n<tbody>\n<tr>\n<td valign=\"top\" width=\"380\">\n<h1>Exhibition Hall Sokolsk\u00e1 26<\/h1>\n<h3>Center for Culture and Education Moravian Ostrava, contributory organization<\/h3>\n<p>Exhibition Hall Sokolsk\u00e1 26, which is run by the Centre for Culture and Education Moravian Ostrava, contributory organization of the City District Moravian Ostrava and P\u0159\u00edvoz, started its activities in 1993. As its name suggests it is located on avenue Sokolsk\u00e1 26 on the first floor of a historic villa. Its dramaturgy presents significant and indisputable art personalities that create and uphold the concept of the contemporary Czech art scene. Not only works by many leading Czech and foreign artists are presented there but also group exhibitions of mostly young artists from different regions are organised here. The curator of the exhibitions is Ing. Milan Weber.<\/p>\n<h5>17.00\u201323.00<\/h5>\n<h3>Free entry to expositions<\/h3>\n<h5>18.00\u201320.00<\/h5>\n<h3>Face painting (Exhibition Hall)<\/h3>\n<p>Let\u2019s paint ourselves and go to the carnival..<\/p>\n<h5>18.00\u201320.00<\/h5>\n<h3>Painted fairy tale carnival (Club Parn\u00edk)<\/h3>\n<p>Big fairy tale show for children with a clown Hopsal\u00edn and an illustrator of children books Adolf Dudek.<\/p>\n<h5>18.00\u201321.00<\/h5>\n<p><strong>Playing artists (Exhibition Hall)<\/strong><\/p>\n<p>Painting for kids with our entertainment team.<\/p>\n<h5>21.30\u201322.30<\/h5>\n<h3>Fiddler on the Roof<\/h3>\n<h3>(Club Parn\u00edk)<\/h3>\n<p>Songs from the famous musical sung by performers of Pop Academy.<\/p>\n<p>Current exhibitions:<\/p>\n<p>PAVEL \u0160M\u00cdD (1964)<\/p>\n<p>Pavel \u0160m\u00edd, an Ostrava region born painter, has graduated from the Academy of Fine Arts in Prague (1997) as a student of painting school of Ji\u0159\u00ed Sopek. Ironical social critique is typical for his works. He usually uses photographic models that are related to our history and is interested in manipulation with people and their world in the name of ideologies, when a person is just a victim of history.<\/td>\n<td width=\"20\"><\/td>\n<td valign=\"top\" width=\"300\"><img loading=\"lazy\" src=\"https:\/\/2013.ostravskamuzejninoc.cz\/wp-content\/uploads\/2013\/04\/ckv_dlouhy_napis_white-300x36.png\" alt=\"ckv_dlouhy_napis_white\" width=\"300\" height=\"36\" \/><img loading=\"lazy\" class=\"alignnone size-full wp-image-152\" src=\"https:\/\/2013.ostravskamuzejninoc.cz\/wp-content\/uploads\/2013\/04\/vilackv.gif\" alt=\"vilackv\" width=\"274\" height=\"209\" \/><img loading=\"lazy\" src=\"https:\/\/2011.ostravskamuzejninoc.cz\/sokolska\/foto_vystavka.jpg\" alt=\"\" width=\"280\" height=\"215\" \/><\/p>\n<p><img loading=\"lazy\" src=\"https:\/\/2011.ostravskamuzejninoc.cz\/sokolska\/foto_arch.jpg\" alt=\"\" width=\"280\" height=\"215\" \/><\/p>\n<h2>Contact:<\/h2>\n<p>Exhibition Hall Sokolsk\u00e1 26<br \/>\nSokolsk\u00e1 t\u0159\u00edda 26<br \/>\n702 00 Ostrava<br \/>\n<a href=\"https:\/\/www.ckv-ostrava.cz\/\" target=\"_blank\">www.ckv-ostrava.cz<\/a><br \/>\n<a href=\"https:\/\/www.sokolska26.cz\/\" target=\"_blank\">www.sokolska26.cz<\/a><br \/>\n<a href=\"mailto:sokolska26@ckv-ostrava.cz\" target=\"_blank\">sokolska26@ckv-ostrava.cz<\/a><br \/>\nPhone number: 596 138 937<\/td>\n<\/tr>\n<\/tbody>\n<\/table>\n<p><\/p>","protected":false},"excerpt":{"rendered":"<p>Exhibition Hall Sokolsk\u00e1 26 Center for Culture and Education Moravian Ostrava, contributory organization Exhibition Hall Sokolsk\u00e1 26, which is run by the Centre for Culture and Education Moravian Ostrava, contributory organization of the City District Moravian Ostrava and P\u0159\u00edvoz, started its activities in 1993. As its name suggests it is located on avenue Sokolsk\u00e1 26 [&hellip;]<\/p>\n","protected":false},"author":1,"featured_media":0,"parent":0,"menu_order":0,"comment_status":"closed","ping_status":"closed","template":"","meta":[],"_links":{"self":[{"href":"https:\/\/2015.ostravskamuzejninoc.cz\/en\/wp-json\/wp\/v2\/pages\/59"}],"collection":[{"href":"https:\/\/2015.ostravskamuzejninoc.cz\/en\/wp-json\/wp\/v2\/pages"}],"about":[{"href":"https:\/\/2015.ostravskamuzejninoc.cz\/en\/wp-json\/wp\/v2\/types\/page"}],"author":[{"embeddable":true,"href":"https:\/\/2015.ostravskamuzejninoc.cz\/en\/wp-json\/wp\/v2\/users\/1"}],"replies":[{"embeddable":true,"href":"https:\/\/2015.ostravskamuzejninoc.cz\/en\/wp-json\/wp\/v2\/comments?post=59"}],"version-history":[{"count":17,"href":"https:\/\/2015.ostravskamuzejninoc.cz\/en\/wp-json\/wp\/v2\/pages\/59\/revisions"}],"predecessor-version":[{"id":651,"href":"https:\/\/2015.ostravskamuzejninoc.cz\/en\/wp-json\/wp\/v2\/pages\/59\/revisions\/651"}],"wp:attachment":[{"href":"https:\/\/2015.ostravskamuzejninoc.cz\/en\/wp-json\/wp\/v2\/media?parent=59"}],"curies":[{"name":"wp","href":"https:\/\/api.w.org\/{rel}","templated":true}]}}