{"id":64,"date":"2015-04-28T15:08:50","date_gmt":"2015-04-28T14:08:50","guid":{"rendered":"http:\/\/2015.ostravskamuzejninoc.cz\/?page_id=64"},"modified":"2015-05-25T19:48:24","modified_gmt":"2015-05-25T18:48:24","slug":"minikino-cafe","status":"publish","type":"page","link":"https:\/\/2015.ostravskamuzejninoc.cz\/en\/minikino-cafe\/","title":{"rendered":"Minikino Caf\u00e9"},"content":{"rendered":"<p><\/p>\n<table class=\"alignleft\" border=\"0\" width=\"700\" cellspacing=\"0\" cellpadding=\"0\">\n<tbody>\n<tr>\n<td valign=\"top\" width=\"380\">\n<h1>Minikino Caf\u00e9<\/h1>\n<h3><\/h3>\n<h5>22.00<\/h5>\n<h3>Caf\u00e9 concert under the candle light and a surprise (Caf\u00e9)<\/h3>\n<\/td>\n<td width=\"20\"><\/td>\n<td valign=\"top\" width=\"300\">\n<h2><img loading=\"lazy\" class=\"alignnone size-full wp-image-409\" src=\"https:\/\/2013.ostravskamuzejninoc.cz\/wp-content\/uploads\/2013\/05\/minikino_white1.png\" alt=\"minikino_white1\" width=\"241\" height=\"106\" \/><\/h2>\n<h2 align=\"left\"><img loading=\"lazy\" class=\"alignnone size-full wp-image-723\" src=\"https:\/\/2013.ostravskamuzejninoc.cz\/wp-content\/uploads\/2013\/05\/mini_zahradka.jpg\" alt=\"mini_zahradka\" width=\"300\" height=\"225\" \/><\/h2>\n<h2 align=\"left\"><img loading=\"lazy\" class=\"alignnone size-full wp-image-722\" src=\"https:\/\/2013.ostravskamuzejninoc.cz\/wp-content\/uploads\/2013\/05\/OBRZEK_mini_interier.jpg\" alt=\"OBRZEK_mini_interier\" width=\"300\" height=\"175\" \/><\/h2>\n<h2>Contact:<\/h2>\n<p>Center for culture and education in Moravian Ostrava, contributory organization<\/p>\n<p align=\"left\">Minikino Caf\u00e9<\/p>\n<p align=\"left\">Kosteln\u00ed 3, 702 00<br \/>\nMoravsk\u00e1 Ostrava<br \/>\nE-mail: <a href=\"mailto:minikino@atlas.cz\">minikino@atlas.cz<\/a><br \/>\nWeb: <a href=\"https:\/\/www.minikino.cz\/\" target=\"_blank\">www.minikino.cz<\/a><br \/>\nPhone number: 604 777 537<\/p>\n<\/td>\n<\/tr>\n<\/tbody>\n<\/table>\n<p><\/p>","protected":false},"excerpt":{"rendered":"<p>Minikino Caf\u00e9 22.00 Caf\u00e9 concert under the candle light and a surprise (Caf\u00e9) Contact: Center for culture and education in Moravian Ostrava, contributory organization Minikino Caf\u00e9 Kosteln\u00ed 3, 702 00 Moravsk\u00e1 Ostrava E-mail: minikino@atlas.cz Web: www.minikino.cz Phone number: 604 777 537<\/p>\n","protected":false},"author":1,"featured_media":0,"parent":0,"menu_order":0,"comment_status":"closed","ping_status":"closed","template":"","meta":[],"_links":{"self":[{"href":"https:\/\/2015.ostravskamuzejninoc.cz\/en\/wp-json\/wp\/v2\/pages\/64"}],"collection":[{"href":"https:\/\/2015.ostravskamuzejninoc.cz\/en\/wp-json\/wp\/v2\/pages"}],"about":[{"href":"https:\/\/2015.ostravskamuzejninoc.cz\/en\/wp-json\/wp\/v2\/types\/page"}],"author":[{"embeddable":true,"href":"https:\/\/2015.ostravskamuzejninoc.cz\/en\/wp-json\/wp\/v2\/users\/1"}],"replies":[{"embeddable":true,"href":"https:\/\/2015.ostravskamuzejninoc.cz\/en\/wp-json\/wp\/v2\/comments?post=64"}],"version-history":[{"count":9,"href":"https:\/\/2015.ostravskamuzejninoc.cz\/en\/wp-json\/wp\/v2\/pages\/64\/revisions"}],"predecessor-version":[{"id":654,"href":"https:\/\/2015.ostravskamuzejninoc.cz\/en\/wp-json\/wp\/v2\/pages\/64\/revisions\/654"}],"wp:attachment":[{"href":"https:\/\/2015.ostravskamuzejninoc.cz\/en\/wp-json\/wp\/v2\/media?parent=64"}],"curies":[{"name":"wp","href":"https:\/\/api.w.org\/{rel}","templated":true}]}}