{"id":82,"date":"2015-04-28T16:04:37","date_gmt":"2015-04-28T15:04:37","guid":{"rendered":"http:\/\/2015.ostravskamuzejninoc.cz\/?page_id=82"},"modified":"2015-05-27T16:30:19","modified_gmt":"2015-05-27T15:30:19","slug":"cesky-industrial-gallery","status":"publish","type":"page","link":"https:\/\/2015.ostravskamuzejninoc.cz\/en\/cesky-industrial-gallery\/","title":{"rendered":"INDUSTRIAL Gallery"},"content":{"rendered":"<p><\/p>\n<table class=\"alignleft\" border=\"0\" width=\"700\" cellspacing=\"0\" cellpadding=\"0\">\n<tbody>\n<tr>\n<td valign=\"top\" width=\"380\">\n<h2>INDUSTRIAL Gallery<\/h2>\n<p>INDUSTRIAL Gallery is located in the centre of Ostrava in Zahradn\u00ed street no. 10. The gallery presents authors of a new generation and graduates of universities with a goal to develop their concepts at the beginning of their artistic careers. In addition to the works by emerging artists the gallery also focuses on the work by already established authors. It thus offers selection of first-class international art from the youngest through the middle generation to the oldest active artists. It presents a wide range of visual culture media, fine, and applied arts with a diverse approach.<\/p>\n<h5>17.00\u201324.00<\/h5>\n<h3>Jan Vytiska in INDUSTRIAL Gallery<\/h3>\n<p>During Ostrava Museum Night you are cordially invited to the exhibition of Jan Vytiska. Jan Vytiska (*1985) is one of the most distinctive artists of the young generation. He studied in Ostrava with Doc. Mgr. Ji\u0159\u00ed Sur\u016fvka in the New Media studio and he graduated in 2010. In January 2012 he was in the finals of the Critical Prize for Young Painters and in 2011 he was awarded the prize of UniCredit Bank Prague Photo Young Award at Art Prague, which is given to artists under 30.<\/p>\n<p>A DJ performance will accompany the evening.<\/p>\n<p>Until late night visitors are warmly welcomed in the Industrial Cafe, where art lovers can taste salty and sweet treats that they can take away with them for their wanders at Ostrava Museum Night.<\/p>\n<h2><\/h2>\n<\/td>\n<td width=\"20\"><\/td>\n<td valign=\"top\" width=\"300\">\n<h2><img loading=\"lazy\" src=\"https:\/\/2013.ostravskamuzejninoc.cz\/wp-content\/uploads\/2013\/05\/logo_industiral_gallery.png\" alt=\"logo_industiral_gallery\" width=\"280\" height=\"101\" \/><\/h2>\n<h2><a class=\"cboxElement\" title=\"INDUSTRIAL Gallery\" href=\"https:\/\/www.2014.ostravskamuzejninoc.cz\/wp-content\/uploads\/2014\/05\/industrial_03.jpg\" rel=\"lightbox[146]\"><img loading=\"lazy\" class=\"alignleft size-medium wp-image-167\" src=\"https:\/\/2014.ostravskamuzejninoc.cz\/wp-content\/uploads\/2014\/05\/industrial_03-300x198.jpg\" alt=\"industrial_03\" width=\"300\" height=\"198\" \/><\/a><\/h2>\n<h2><a href=\"https:\/\/2015.ostravskamuzejninoc.cz\/wp-content\/uploads\/2015\/04\/01_industrial_gallery.jpg\"><img loading=\"lazy\" class=\"alignnone size-thumbnail wp-image-298\" src=\"https:\/\/2015.ostravskamuzejninoc.cz\/wp-content\/uploads\/2015\/04\/01_industrial_gallery-150x150.jpg\" alt=\"01_industrial_gallery\" width=\"150\" height=\"150\" \/><\/a> <a href=\"https:\/\/2015.ostravskamuzejninoc.cz\/wp-content\/uploads\/2015\/04\/02_industrial_gallery.jpg\"><img loading=\"lazy\" class=\"alignnone size-thumbnail wp-image-299\" src=\"https:\/\/2015.ostravskamuzejninoc.cz\/wp-content\/uploads\/2015\/04\/02_industrial_gallery-150x150.jpg\" alt=\"02_industrial_gallery\" width=\"150\" height=\"150\" \/><\/a> <a href=\"https:\/\/2015.ostravskamuzejninoc.cz\/wp-content\/uploads\/2015\/04\/03_industrial_gallery.jpg\"><img loading=\"lazy\" class=\"alignnone size-thumbnail wp-image-300\" src=\"https:\/\/2015.ostravskamuzejninoc.cz\/wp-content\/uploads\/2015\/04\/03_industrial_gallery-150x150.jpg\" alt=\"03_industrial_gallery\" width=\"150\" height=\"150\" \/><\/a><\/h2>\n<h2><a href=\"https:\/\/2015.ostravskamuzejninoc.cz\/wp-content\/uploads\/2015\/04\/04_industrial_gallery.jpg\"><img loading=\"lazy\" class=\"alignnone size-thumbnail wp-image-301\" src=\"https:\/\/2015.ostravskamuzejninoc.cz\/wp-content\/uploads\/2015\/04\/04_industrial_gallery-150x150.jpg\" alt=\"04_industrial_gallery\" width=\"150\" height=\"150\" \/><\/a><\/h2>\n<h2>Contact:<\/h2>\n<p>Industrial Gallery<br \/>\nZahradn\u00ed 10<br \/>\n702 00 Moravsk\u00e1 Ostrava<br \/>\ne-mail: <a href=\"mailto:info@industrialgallery.cz\">info@industrialgallery.cz<\/a><br \/>\nweb: <a href=\"https:\/\/www.industrialgallery.cz\/\" target=\"_blank\">www.industrialgallery.cz<\/a><br \/>\nPhone number: 725 951 904<\/td>\n<\/tr>\n<\/tbody>\n<\/table>\n<p><\/p>","protected":false},"excerpt":{"rendered":"<p>INDUSTRIAL Gallery INDUSTRIAL Gallery is located in the centre of Ostrava in Zahradn\u00ed street no. 10. The gallery presents authors of a new generation and graduates of universities with a goal to develop their concepts at the beginning of their artistic careers. In addition to the works by emerging artists the gallery also focuses on [&hellip;]<\/p>\n","protected":false},"author":1,"featured_media":0,"parent":0,"menu_order":0,"comment_status":"closed","ping_status":"closed","template":"","meta":[],"_links":{"self":[{"href":"https:\/\/2015.ostravskamuzejninoc.cz\/en\/wp-json\/wp\/v2\/pages\/82"}],"collection":[{"href":"https:\/\/2015.ostravskamuzejninoc.cz\/en\/wp-json\/wp\/v2\/pages"}],"about":[{"href":"https:\/\/2015.ostravskamuzejninoc.cz\/en\/wp-json\/wp\/v2\/types\/page"}],"author":[{"embeddable":true,"href":"https:\/\/2015.ostravskamuzejninoc.cz\/en\/wp-json\/wp\/v2\/users\/1"}],"replies":[{"embeddable":true,"href":"https:\/\/2015.ostravskamuzejninoc.cz\/en\/wp-json\/wp\/v2\/comments?post=82"}],"version-history":[{"count":13,"href":"https:\/\/2015.ostravskamuzejninoc.cz\/en\/wp-json\/wp\/v2\/pages\/82\/revisions"}],"predecessor-version":[{"id":773,"href":"https:\/\/2015.ostravskamuzejninoc.cz\/en\/wp-json\/wp\/v2\/pages\/82\/revisions\/773"}],"wp:attachment":[{"href":"https:\/\/2015.ostravskamuzejninoc.cz\/en\/wp-json\/wp\/v2\/media?parent=82"}],"curies":[{"name":"wp","href":"https:\/\/api.w.org\/{rel}","templated":true}]}}