{"id":94,"date":"2015-04-28T16:15:55","date_gmt":"2015-04-28T15:15:55","guid":{"rendered":"http:\/\/2015.ostravskamuzejninoc.cz\/?page_id=94"},"modified":"2015-05-25T19:59:13","modified_gmt":"2015-05-25T18:59:13","slug":"cesky-muzeum-a-galerie-mlejn","status":"publish","type":"page","link":"https:\/\/2015.ostravskamuzejninoc.cz\/en\/cesky-muzeum-a-galerie-mlejn\/","title":{"rendered":"Museum and Gallery Mlejn"},"content":{"rendered":"<p><\/p>\n<table class=\"alignleft\" border=\"0\" width=\"700\" cellspacing=\"0\" cellpadding=\"0\">\n<tbody>\n<tr>\n<td valign=\"top\" width=\"380\">\n<h1>Museum and Gallery Mlejn<\/h1>\n<h5>18.00\u201323.00<\/h5>\n<h3>Free entry (Museum Mlejn)<\/h3>\n<h5>18.30\u201321.30<\/h5>\n<h3>Guided tours (Museum Mlejn)<\/h3>\n<p>Every tour takes approx. an hour. The last tour starts at 21.30.<\/p>\n<p>The history of the mill in Moravian Ostrava, history of Samuel &amp; Wechsberg mill, exposition of the period tools and devices, exposition of metal mills and presentation of grinding using stones and mills.<\/p>\n<h5>18.00\u201323.00<\/h5>\n<h3>Free entry to exhibition by Jaroslava Saidlov\u00e1 and Ond\u0159ej Tka\u010d\u00edk (Gallery Mlejn)<\/h3>\n<h2><\/h2>\n<h2><\/h2>\n<h2>Contact:<\/h2>\n<p align=\"left\">Muzeum a Galerie Mlejn<br \/>\nN\u00e1dra\u017en\u00ed 3136\/138 A<br \/>\n702 00 Moravsk\u00e1 Ostrava<br \/>\n<a href=\"mailto:galeriemlejn@gmail.com\" target=\"_blank\">galeriemlejn@gmail.com<\/a><br \/>\n<a href=\"https:\/\/www.mlejn.com\/\" target=\"_blank\">www.mlejn.com<\/a><br \/>\nPhone number: 596 136 033<\/p>\n<\/td>\n<td width=\"20\"><\/td>\n<td valign=\"top\" width=\"300\"><img loading=\"lazy\" src=\"https:\/\/2013.ostravskamuzejninoc.cz\/wp-content\/uploads\/2013\/04\/meljn.png\" alt=\"meljn\" width=\"233\" height=\"200\" \/><\/p>\n<p><img loading=\"lazy\" class=\"aligncenter size-full wp-image-373\" src=\"https:\/\/2013.ostravskamuzejninoc.cz\/wp-content\/uploads\/2013\/04\/foto_mlejn02.jpg\" alt=\"foto_mlejn02\" width=\"300\" height=\"225\" \/><a class=\"cboxElement\" title=\"Muzeum a galerie Mlejn\" href=\"https:\/\/www.2013.ostravskamuzejninoc.cz\/wp-content\/uploads\/2013\/04\/melejn_foto2.jpg\" rel=\"lightbox[170]\"><img loading=\"lazy\" class=\"aligncenter size-full wp-image-374\" src=\"https:\/\/2013.ostravskamuzejninoc.cz\/wp-content\/uploads\/2013\/04\/melejn_foto2.jpg\" alt=\"OLYMPUS DIGITAL CAMERA\" width=\"300\" height=\"400\" \/><\/a><\/td>\n<\/tr>\n<\/tbody>\n<\/table>\n<p><\/p>","protected":false},"excerpt":{"rendered":"<p>Museum and Gallery Mlejn 18.00\u201323.00 Free entry (Museum Mlejn) 18.30\u201321.30 Guided tours (Museum Mlejn) Every tour takes approx. an hour. The last tour starts at 21.30. The history of the mill in Moravian Ostrava, history of Samuel &amp; Wechsberg mill, exposition of the period tools and devices, exposition of metal mills and presentation of grinding [&hellip;]<\/p>\n","protected":false},"author":1,"featured_media":0,"parent":0,"menu_order":0,"comment_status":"closed","ping_status":"closed","template":"","meta":[],"_links":{"self":[{"href":"https:\/\/2015.ostravskamuzejninoc.cz\/en\/wp-json\/wp\/v2\/pages\/94"}],"collection":[{"href":"https:\/\/2015.ostravskamuzejninoc.cz\/en\/wp-json\/wp\/v2\/pages"}],"about":[{"href":"https:\/\/2015.ostravskamuzejninoc.cz\/en\/wp-json\/wp\/v2\/types\/page"}],"author":[{"embeddable":true,"href":"https:\/\/2015.ostravskamuzejninoc.cz\/en\/wp-json\/wp\/v2\/users\/1"}],"replies":[{"embeddable":true,"href":"https:\/\/2015.ostravskamuzejninoc.cz\/en\/wp-json\/wp\/v2\/comments?post=94"}],"version-history":[{"count":18,"href":"https:\/\/2015.ostravskamuzejninoc.cz\/en\/wp-json\/wp\/v2\/pages\/94\/revisions"}],"predecessor-version":[{"id":674,"href":"https:\/\/2015.ostravskamuzejninoc.cz\/en\/wp-json\/wp\/v2\/pages\/94\/revisions\/674"}],"wp:attachment":[{"href":"https:\/\/2015.ostravskamuzejninoc.cz\/en\/wp-json\/wp\/v2\/media?parent=94"}],"curies":[{"name":"wp","href":"https:\/\/api.w.org\/{rel}","templated":true}]}}