{"id":11,"date":"2015-04-21T16:24:57","date_gmt":"2015-04-21T15:24:57","guid":{"rendered":"http:\/\/2015.ostravskamuzejninoc.cz\/?page_id=11"},"modified":"2015-06-04T11:30:21","modified_gmt":"2015-06-04T10:30:21","slug":"rezervace","status":"publish","type":"page","link":"https:\/\/2015.ostravskamuzejninoc.cz\/pl\/rezervace\/","title":{"rendered":"Rezervace"},"content":{"rendered":"<p>System rezerwacji zostanie w\u0142\u0105czony o p\u00f3\u0142nocy z niedzieli 7 czerwca na poniedzia\u0142ek 8 czerwca 2015 a\u017c do wyczerpania miejsc.<\/p>\n<p><iframe loading=\"lazy\" src=\"https:\/\/www.kostal.biz\/muzejni-noc\/2015\/dev_bckp.php\" width=\"95%\" height=\"1000\" frameborder=\"0\"><\/iframe><\/p>","protected":false},"excerpt":{"rendered":"<p>System rezerwacji zostanie w\u0142\u0105czony o p\u00f3\u0142nocy z niedzieli 7 czerwca na poniedzia\u0142ek 8 czerwca 2015 a\u017c do wyczerpania miejsc.<\/p>\n","protected":false},"author":1,"featured_media":0,"parent":0,"menu_order":4,"comment_status":"closed","ping_status":"closed","template":"","meta":[],"_links":{"self":[{"href":"https:\/\/2015.ostravskamuzejninoc.cz\/pl\/wp-json\/wp\/v2\/pages\/11"}],"collection":[{"href":"https:\/\/2015.ostravskamuzejninoc.cz\/pl\/wp-json\/wp\/v2\/pages"}],"about":[{"href":"https:\/\/2015.ostravskamuzejninoc.cz\/pl\/wp-json\/wp\/v2\/types\/page"}],"author":[{"embeddable":true,"href":"https:\/\/2015.ostravskamuzejninoc.cz\/pl\/wp-json\/wp\/v2\/users\/1"}],"replies":[{"embeddable":true,"href":"https:\/\/2015.ostravskamuzejninoc.cz\/pl\/wp-json\/wp\/v2\/comments?post=11"}],"version-history":[{"count":32,"href":"https:\/\/2015.ostravskamuzejninoc.cz\/pl\/wp-json\/wp\/v2\/pages\/11\/revisions"}],"predecessor-version":[{"id":866,"href":"https:\/\/2015.ostravskamuzejninoc.cz\/pl\/wp-json\/wp\/v2\/pages\/11\/revisions\/866"}],"wp:attachment":[{"href":"https:\/\/2015.ostravskamuzejninoc.cz\/pl\/wp-json\/wp\/v2\/media?parent=11"}],"curies":[{"name":"wp","href":"https:\/\/api.w.org\/{rel}","templated":true}]}}