{"id":13,"date":"2015-04-21T16:26:25","date_gmt":"2015-04-21T15:26:25","guid":{"rendered":"http:\/\/2015.ostravskamuzejninoc.cz\/?page_id=13"},"modified":"2015-05-28T11:37:12","modified_gmt":"2015-05-28T10:37:12","slug":"partneri","status":"publish","type":"page","link":"https:\/\/2015.ostravskamuzejninoc.cz\/pl\/partneri\/","title":{"rendered":"Partnerzy"},"content":{"rendered":"<p><\/p>\n<h1>Partne\u0159i akce<\/h1>\n<h3>Ostravsk\u00e1 muzejn\u00ed noc se kon\u00e1 pod z\u00e1\u0161titou hejtmana Moravskoslezsk\u00e9ho kraje Miroslava Nov\u00e1ka a prim\u00e1tora statut\u00e1rn\u00edho m\u011bsta Ostravy Tom\u00e1\u0161e Macury.<\/h3>\n<p><img loading=\"lazy\" src=\"https:\/\/2014.ostravskamuzejninoc.cz\/wp-content\/uploads\/2014\/05\/asociace_muzeji_logo_2014.png\" alt=\"asociace_muzeji_logo_2014\" width=\"136\" height=\"71\" \/><\/p>\n<h3>Festival muzejn\u00edch noc\u00ed 2015 po\u0159\u00e1d\u00e1 Asociace muze\u00ed a galeri\u00ed \u010cesk\u00e9 republiky s podporou Ministerstva kultury \u010cR. Dal\u0161\u00ed festivalov\u00e9 akce naleznete na www.muzejninoc.cz<\/h3>\n<h3>\u00a0<img loading=\"lazy\" class=\"alignnone size-full wp-image-798\" src=\"https:\/\/2015.ostravskamuzejninoc.cz\/wp-content\/uploads\/2015\/04\/2015_parneri.png\" alt=\"2015_parneri\" width=\"600\" height=\"443\" srcset=\"https:\/\/2015.ostravskamuzejninoc.cz\/wp-content\/uploads\/2015\/04\/2015_parneri.png 600w, https:\/\/2015.ostravskamuzejninoc.cz\/wp-content\/uploads\/2015\/04\/2015_parneri-300x222.png 300w\" sizes=\"(max-width: 600px) 100vw, 600px\" \/><\/h3>\n<p><\/p>","protected":false},"excerpt":{"rendered":"<p>Partne\u0159i akce Ostravsk\u00e1 muzejn\u00ed noc se kon\u00e1 pod z\u00e1\u0161titou hejtmana Moravskoslezsk\u00e9ho kraje Miroslava Nov\u00e1ka a prim\u00e1tora statut\u00e1rn\u00edho m\u011bsta Ostravy Tom\u00e1\u0161e Macury. Festival muzejn\u00edch noc\u00ed 2015 po\u0159\u00e1d\u00e1 Asociace muze\u00ed a galeri\u00ed \u010cesk\u00e9 republiky s podporou Ministerstva kultury \u010cR. Dal\u0161\u00ed festivalov\u00e9 akce naleznete na www.muzejninoc.cz \u00a0<\/p>\n","protected":false},"author":1,"featured_media":0,"parent":0,"menu_order":5,"comment_status":"closed","ping_status":"closed","template":"","meta":[],"_links":{"self":[{"href":"https:\/\/2015.ostravskamuzejninoc.cz\/pl\/wp-json\/wp\/v2\/pages\/13"}],"collection":[{"href":"https:\/\/2015.ostravskamuzejninoc.cz\/pl\/wp-json\/wp\/v2\/pages"}],"about":[{"href":"https:\/\/2015.ostravskamuzejninoc.cz\/pl\/wp-json\/wp\/v2\/types\/page"}],"author":[{"embeddable":true,"href":"https:\/\/2015.ostravskamuzejninoc.cz\/pl\/wp-json\/wp\/v2\/users\/1"}],"replies":[{"embeddable":true,"href":"https:\/\/2015.ostravskamuzejninoc.cz\/pl\/wp-json\/wp\/v2\/comments?post=13"}],"version-history":[{"count":10,"href":"https:\/\/2015.ostravskamuzejninoc.cz\/pl\/wp-json\/wp\/v2\/pages\/13\/revisions"}],"predecessor-version":[{"id":823,"href":"https:\/\/2015.ostravskamuzejninoc.cz\/pl\/wp-json\/wp\/v2\/pages\/13\/revisions\/823"}],"wp:attachment":[{"href":"https:\/\/2015.ostravskamuzejninoc.cz\/pl\/wp-json\/wp\/v2\/media?parent=13"}],"curies":[{"name":"wp","href":"https:\/\/api.w.org\/{rel}","templated":true}]}}