{"id":150,"date":"2015-04-29T13:12:28","date_gmt":"2015-04-29T12:12:28","guid":{"rendered":"http:\/\/2015.ostravskamuzejninoc.cz\/?page_id=150"},"modified":"2015-05-26T17:06:20","modified_gmt":"2015-05-26T16:06:20","slug":"polski-miniuni-svet-miniatur","status":"publish","type":"page","link":"https:\/\/2015.ostravskamuzejninoc.cz\/pl\/polski-miniuni-svet-miniatur\/","title":{"rendered":"Miniuni \u2013 \u015awiat miniatur"},"content":{"rendered":"<p><\/p>\n<table class=\"alignleft\" border=\"0\" width=\"700\" cellspacing=\"0\" cellpadding=\"0\">\n<tbody>\n<tr>\n<td valign=\"top\" width=\"380\">\n<h1>Miniuni \u2013 \u015awiat miniatur<\/h1>\n<h5>17.00\u201324.00<\/h5>\n<h3>\u00a0Najs\u0142ynniejsze budowle \u015bwiata i kraju w centrum Ostrawy!<\/h3>\n<p>Miniuni \u2013 \u015awiat miniatur to po\u0142o\u017cony w centrum miasta teren, gdzie mo\u017cna zobaczy\u0107 34 modele znacz\u0105cych \u015bwiatowych i krajowych budowli, jak przyk\u0142adowo wie\u017ca Eiffla, stary ratusz w Pradze, londy\u0144ski Big Ben, siedem staro\u017cytnych cud\u00f3w \u015bwiata, krzywa wie\u017ca w Pizie i inne. Teren przecina miniaturowa ciuchcia. Znajd\u0105 Pa\u0144stwo tu tak\u017ce lotnisko oraz tafl\u0119 wodn\u0105 z parowcem. Modele s\u0105 sporz\u0105dzone w skali 1:25. Od minionego roku mo\u017cna zwiedza\u0107 tak\u017ce now\u0105 sta\u0142\u0105 ekspozycj\u0119 \u2013 \u015aladami kolejarza.<\/p>\n<p>Co roku na tym terenie odbywa si\u0119 mn\u00f3stwo edukacyjnych i weso\u0142ych program\u00f3w, przede wszystkim dla dzieci i ich rodzic\u00f3w, na przyk\u0142ad Dzie\u0144 Dziecka, Dzie\u0144 pe\u0142en zabaw, Weekend na rowerze, wycieczki szkolne lub Jesienne tworzenie.<\/p>\n<p>Dobrowolne wst\u0119pne 20,- K\u010d<\/p>\n<p>Miniuni znajduje si\u0119 obok teren\u00f3w wystawienniczych Czarna \u0141\u0105ka (za teatrem Anton\u00edna Dvo\u0159\u00e1ka)<\/p>\n<h3>Kontakt:<\/h3>\n<p>Miniuni se nach\u00e1z\u00ed za divadlem Anton\u00edna Dvo\u0159\u00e1ka<br \/>\nvedle V\u00fdstavi\u0161t\u011b \u010cern\u00e1 louka<br \/>\nE-mail: <a href=\"mailto:miniuni.ovas@cerna-louka.cz\" target=\"_blank\">miniuni.ovas@cerna-louka.cz<\/a><br \/>\nWeb: <a href=\"https:\/\/www.svetminiatur.cz\" target=\"_blank\">www.svetminiatur.cz<\/a><br \/>\nTel.: 596 119 900<\/td>\n<td width=\"20\"><\/td>\n<td valign=\"top\" width=\"300\"><img loading=\"lazy\" class=\"aligncenter size-full wp-image-174\" src=\"https:\/\/2013.ostravskamuzejninoc.cz\/wp-content\/uploads\/2013\/04\/2013_miniuni_04.jpg\" alt=\"2013_miniuni_04\" width=\"300\" height=\"200\" \/> <img loading=\"lazy\" class=\"aligncenter size-medium wp-image-175\" src=\"https:\/\/2013.ostravskamuzejninoc.cz\/wp-content\/uploads\/2013\/04\/2013_miniuni_01.jpg\" alt=\"2013_miniuni_01\" width=\"300\" height=\"200\" \/><a class=\"cboxElement\" title=\"Miniuni Sv\u011bt miniatur\" href=\"https:\/\/www.2013.ostravskamuzejninoc.cz\/wp-content\/uploads\/2013\/04\/2013_miniuni_02.jpg\" rel=\"lightbox[201]\"><img loading=\"lazy\" class=\"aligncenter size-medium wp-image-176\" src=\"https:\/\/2013.ostravskamuzejninoc.cz\/wp-content\/uploads\/2013\/04\/2013_miniuni_02.jpg\" alt=\"2013_miniuni_02\" width=\"224\" height=\"300\" \/><\/a> <a class=\"cboxElement\" title=\"Miniuni Sv\u011bt miniatur\" href=\"https:\/\/www.2013.ostravskamuzejninoc.cz\/wp-content\/uploads\/2013\/04\/2013_miniuni_03.jpg\" rel=\"lightbox[201]\"><img loading=\"lazy\" class=\"aligncenter size-medium wp-image-177\" src=\"https:\/\/2013.ostravskamuzejninoc.cz\/wp-content\/uploads\/2013\/04\/2013_miniuni_03.jpg\" alt=\"2013_miniuni_03\" width=\"225\" height=\"300\" \/><\/a><\/td>\n<\/tr>\n<\/tbody>\n<\/table>\n<p><\/p>","protected":false},"excerpt":{"rendered":"<p>Miniuni \u2013 \u015awiat miniatur 17.00\u201324.00 \u00a0Najs\u0142ynniejsze budowle \u015bwiata i kraju w centrum Ostrawy! Miniuni \u2013 \u015awiat miniatur to po\u0142o\u017cony w centrum miasta teren, gdzie mo\u017cna zobaczy\u0107 34 modele znacz\u0105cych \u015bwiatowych i krajowych budowli, jak przyk\u0142adowo wie\u017ca Eiffla, stary ratusz w Pradze, londy\u0144ski Big Ben, siedem staro\u017cytnych cud\u00f3w \u015bwiata, krzywa wie\u017ca w Pizie i inne. Teren [&hellip;]<\/p>\n","protected":false},"author":1,"featured_media":0,"parent":0,"menu_order":0,"comment_status":"closed","ping_status":"closed","template":"","meta":[],"_links":{"self":[{"href":"https:\/\/2015.ostravskamuzejninoc.cz\/pl\/wp-json\/wp\/v2\/pages\/150"}],"collection":[{"href":"https:\/\/2015.ostravskamuzejninoc.cz\/pl\/wp-json\/wp\/v2\/pages"}],"about":[{"href":"https:\/\/2015.ostravskamuzejninoc.cz\/pl\/wp-json\/wp\/v2\/types\/page"}],"author":[{"embeddable":true,"href":"https:\/\/2015.ostravskamuzejninoc.cz\/pl\/wp-json\/wp\/v2\/users\/1"}],"replies":[{"embeddable":true,"href":"https:\/\/2015.ostravskamuzejninoc.cz\/pl\/wp-json\/wp\/v2\/comments?post=150"}],"version-history":[{"count":10,"href":"https:\/\/2015.ostravskamuzejninoc.cz\/pl\/wp-json\/wp\/v2\/pages\/150\/revisions"}],"predecessor-version":[{"id":726,"href":"https:\/\/2015.ostravskamuzejninoc.cz\/pl\/wp-json\/wp\/v2\/pages\/150\/revisions\/726"}],"wp:attachment":[{"href":"https:\/\/2015.ostravskamuzejninoc.cz\/pl\/wp-json\/wp\/v2\/media?parent=150"}],"curies":[{"name":"wp","href":"https:\/\/api.w.org\/{rel}","templated":true}]}}