{"id":173,"date":"2015-05-01T08:51:01","date_gmt":"2015-05-01T07:51:01","guid":{"rendered":"http:\/\/2015.ostravskamuzejninoc.cz\/?page_id=173"},"modified":"2015-05-28T10:57:43","modified_gmt":"2015-05-28T09:57:43","slug":"cesky-alliance-francaise-ostrava","status":"publish","type":"page","link":"https:\/\/2015.ostravskamuzejninoc.cz\/pl\/cesky-alliance-francaise-ostrava\/","title":{"rendered":"Alliance fran\u00e7aise Ostrava"},"content":{"rendered":"<p><\/p>\n<table class=\"alignleft\" border=\"0\" width=\"700\" cellspacing=\"0\" cellpadding=\"0\">\n<tbody>\n<tr>\n<td valign=\"top\" width=\"380\">\n<h1>Alliance fran\u00e7aise Ostrava<\/h1>\n<h5>18.00\u201318.30<\/h5>\n<h3>Prezentacja Alliance fran\u00e7asie Ostrawa<\/h3>\n<p>Alliance fran\u00e7aise Ostrawa, organizacja po\u017cytku spo\u0142ecznego, kt\u00f3ra ma siedzib\u0119 w centrum Ostrawy koncentruje si\u0119 na szerzeniu j\u0119zyka francuskiego i kultury frankofo\u0144skiej w wojew\u00f3dztwie Morawsko-\u015bl\u0105skim. W czasie Nocy przedstawi w spos\u00f3b przyst\u0119pny swoj\u0105 dzia\u0142alno\u015b\u0107 kulturaln\u0105 i pedagogiczn\u0105.<\/p>\n<h5>18.30\u201320.00<\/h5>\n<h3>Podstawy j\u0119zyka francuskiego<\/h3>\n<p>Alliance fran\u00e7aise zaprasza Pa\u0144stwa na godzin\u0119 j\u0119zyka francuskiego dla pocz\u0105tkuj\u0105cych. Wraz z naszymi lektorami nauczycie si\u0119 Pa\u0144stwo podstawowych zwrot\u00f3w, dzi\u0119ki kt\u00f3rym opanujecie podstawy komunikacji przydatne podczas odwiedzin Francji \u2013 poradzimy jak z\u0142o\u017cy\u0107 zam\u00f3wienie w restauracji lub zapyta\u0107 si\u0119 przechodni\u00f3w o drog\u0119.<\/p>\n<h5>20.00\u201324.00<\/h5>\n<h3>W\u0119dr\u00f3wki po Francji<\/h3>\n<p>Prelekcja po\u0142\u0105czona z zabaw\u0105 i degustacj\u0105 niekt\u00f3rych z francuskich specja\u0142\u00f3w.<\/p>\n<p>Czy chc\u0105 Pa\u0144stwo pozna\u0107 najciekawsze miejsca Francji? Je\u015bli tak, to przyjmijcie zaproszenie na ma\u0142e Tour de France, podczas kt\u00f3rego jeszcze bardziej zakochacie si\u0119 w tym kraju. Wsp\u00f3lnej w\u0119dr\u00f3wce b\u0119d\u0105 towarzyszy\u0107 spostrze\u017cenia z poszczeg\u00f3lnych region\u00f3w oraz zabawa. Atmosfer\u0119 czesko-francuskiego wieczoru uzupe\u0142ni degustacja niekt\u00f3rych francuskich potraw.<\/p>\n<h2>Kontakt:<\/h2>\n<p>Alliance fran\u00e7aise Ostrava<br \/>\nAdresa: Na Hradb\u00e1ch 12, Ostrava 1, 702 00 Ostrava<br \/>\nE-mail: <a href=\"mailto:ostrava@alliancefrancaise.cz\" target=\"_blank\">ostrava@alliancefrancaise.cz<\/a><br \/>\nWeb: <a href=\"https:\/\/www.alliancefrancaise.cz\/\" target=\"_blank\">www.alliancefrancaise.cz<\/a><br \/>\nTel.: 596 125 424<\/td>\n<td width=\"20\"><\/td>\n<td valign=\"top\" width=\"300\">\u00a0<img loading=\"lazy\" class=\"aligncenter size-full wp-image-258\" src=\"https:\/\/2013.ostravskamuzejninoc.cz\/wp-content\/uploads\/2013\/04\/logo_AFOstrava.jpg\" alt=\"AF_logo_mk [Converted]\" width=\"300\" height=\"259\" \/>\u00a0<img loading=\"lazy\" class=\"aligncenter size-full wp-image-257\" src=\"https:\/\/2013.ostravskamuzejninoc.cz\/wp-content\/uploads\/2013\/04\/af_foto1.jpg\" alt=\"af_foto1\" width=\"300\" height=\"225\" \/><\/p>\n<p><a href=\"https:\/\/2015.ostravskamuzejninoc.cz\/wp-content\/uploads\/2015\/05\/alliance_francaise_2015.jpg\"><img loading=\"lazy\" class=\"alignnone size-medium wp-image-354\" src=\"https:\/\/2015.ostravskamuzejninoc.cz\/wp-content\/uploads\/2015\/05\/alliance_francaise_2015-300x192.jpg\" alt=\"alliance_francaise_2015\" width=\"300\" height=\"192\" srcset=\"https:\/\/2015.ostravskamuzejninoc.cz\/wp-content\/uploads\/2015\/05\/alliance_francaise_2015-300x192.jpg 300w, https:\/\/2015.ostravskamuzejninoc.cz\/wp-content\/uploads\/2015\/05\/alliance_francaise_2015.jpg 800w\" sizes=\"(max-width: 300px) 100vw, 300px\" \/><\/a><\/td>\n<\/tr>\n<\/tbody>\n<\/table>\n<p><\/p>","protected":false},"excerpt":{"rendered":"<p>Alliance fran\u00e7aise Ostrava 18.00\u201318.30 Prezentacja Alliance fran\u00e7asie Ostrawa Alliance fran\u00e7aise Ostrawa, organizacja po\u017cytku spo\u0142ecznego, kt\u00f3ra ma siedzib\u0119 w centrum Ostrawy koncentruje si\u0119 na szerzeniu j\u0119zyka francuskiego i kultury frankofo\u0144skiej w wojew\u00f3dztwie Morawsko-\u015bl\u0105skim. W czasie Nocy przedstawi w spos\u00f3b przyst\u0119pny swoj\u0105 dzia\u0142alno\u015b\u0107 kulturaln\u0105 i pedagogiczn\u0105. 18.30\u201320.00 Podstawy j\u0119zyka francuskiego Alliance fran\u00e7aise zaprasza Pa\u0144stwa na godzin\u0119 j\u0119zyka [&hellip;]<\/p>\n","protected":false},"author":1,"featured_media":0,"parent":0,"menu_order":0,"comment_status":"closed","ping_status":"closed","template":"","meta":[],"_links":{"self":[{"href":"https:\/\/2015.ostravskamuzejninoc.cz\/pl\/wp-json\/wp\/v2\/pages\/173"}],"collection":[{"href":"https:\/\/2015.ostravskamuzejninoc.cz\/pl\/wp-json\/wp\/v2\/pages"}],"about":[{"href":"https:\/\/2015.ostravskamuzejninoc.cz\/pl\/wp-json\/wp\/v2\/types\/page"}],"author":[{"embeddable":true,"href":"https:\/\/2015.ostravskamuzejninoc.cz\/pl\/wp-json\/wp\/v2\/users\/1"}],"replies":[{"embeddable":true,"href":"https:\/\/2015.ostravskamuzejninoc.cz\/pl\/wp-json\/wp\/v2\/comments?post=173"}],"version-history":[{"count":12,"href":"https:\/\/2015.ostravskamuzejninoc.cz\/pl\/wp-json\/wp\/v2\/pages\/173\/revisions"}],"predecessor-version":[{"id":803,"href":"https:\/\/2015.ostravskamuzejninoc.cz\/pl\/wp-json\/wp\/v2\/pages\/173\/revisions\/803"}],"wp:attachment":[{"href":"https:\/\/2015.ostravskamuzejninoc.cz\/pl\/wp-json\/wp\/v2\/media?parent=173"}],"curies":[{"name":"wp","href":"https:\/\/api.w.org\/{rel}","templated":true}]}}