{"id":178,"date":"2015-05-01T08:56:15","date_gmt":"2015-05-01T07:56:15","guid":{"rendered":"http:\/\/2015.ostravskamuzejninoc.cz\/?page_id=178"},"modified":"2015-06-03T08:23:23","modified_gmt":"2015-06-03T07:23:23","slug":"janacek-philharmonic-orchestra","status":"publish","type":"page","link":"https:\/\/2015.ostravskamuzejninoc.cz\/pl\/janacek-philharmonic-orchestra\/","title":{"rendered":"Filharmonia im. Jan\u00e1\u010dka"},"content":{"rendered":"<p><\/p>\n<table class=\"alignleft\" border=\"0\" width=\"700\" cellspacing=\"0\" cellpadding=\"0\">\n<tbody>\n<tr>\n<td valign=\"top\" width=\"380\">\n<h1>Filharmonia im. Jan\u00e1\u010dka Ostrava<\/h1>\n<h5>17.00\u201319.30<\/h5>\n<h3>Pracownia muzyczna<\/h3>\n<p>Wsp\u00f3lne muzykowania na off-owych instrumentach. Program dla dzieci.<\/p>\n<h5>17.00\u201319.30<\/h5>\n<h3>Zesp\u00f3\u0142 M\u0142odych Filharmonik\u00f3w Jan\u00e1\u010dka<\/h3>\n<p>Spr\u00f3buj za\u015bpiewa\u0107 w ch\u00f3rze. Program dla dzieci.<\/p>\n<h5>17.00\u201319.30<\/h5>\n<h3>W sk\u00f3rze instrumentalisty<\/h3>\n<p>Co oznacza gra\u0107 w orkiestrze? Program dla dzieci.<\/p>\n<h5>17.00\u201319.30<\/h5>\n<h3>Pracownia d\u017awi\u0119kowca<\/h3>\n<p>Nagrywanie, ud\u017awi\u0119kowienie i dalsze techniczne triki dla zainteresowanych dzieci.<\/p>\n<h5>17.00\u201319.30<\/h5>\n<h3>Dziesi\u0119ciob\u00f3j Filharmoniczny<\/h3>\n<p>Program pe\u0142en podchwytliwych zada\u0144 muzycznych. Dla dzieci.<\/p>\n<h5>17.00\u201324.00<\/h5>\n<h3>Seans<\/h3>\n<p>Widea promocyjne oraz fotografie o dzia\u0142alno\u015bci filharmonii zako\u0144czone pokazem filmu. Program dla starszych zainteresowanych.<\/p>\n<h5>17.00\u201324.00<\/h5>\n<h3>Co zostawiamy za sob\u0105?<\/h3>\n<p>Wystawa po\u015bwi\u0119cona historii filharmonii i przygodom na wyjazdach artystycznych. Program dla starszych zainteresowanych.<\/p>\n<h5>18.00\u201323.00<\/h5>\n<h3>Organy bez tajemnic<\/h3>\n<p>Mo\u017cliwo\u015b\u0107 zajrzenia do przepastnego wn\u0119trza naszego najwi\u0119kszego instrumentu. Program dla starszych zwiedzaj\u0105cych.<\/p>\n<h5>19.30\u201320.00<\/h5>\n<h3>Wyst\u0119p Ch\u00f3ru M\u0142odych Filharmonii Jan\u00e1\u010dka<\/h3>\n<p>Nietradycyjne przedstawienie muzyczne dla wszystkich generacji.<\/p>\n<h2>Kontakt:<\/h2>\n<p>Jan\u00e1\u010dkova filharmonie Ostrava<br \/>\n28. \u0159\u00edjna 124<br \/>\n702 00 Ostrava<br \/>\nE-mail: <a href=\"https:\/\/www.ostravskamuzejninoc.cz\/2012\/office@jfo.cz\">office@jfo.cz<\/a><br \/>\nWeb: <a href=\"https:\/\/www.jfo.cz\/\" target=\"_blank\">www.jfo.cz<\/a><br \/>\nTel.: 596\u00a0619 914, 597\u00a0489\u00a0495<\/td>\n<td width=\"20\"><\/td>\n<td valign=\"top\" width=\"300\">\n<h2><img loading=\"lazy\" class=\"alignnone size-full wp-image-512\" src=\"https:\/\/2013.ostravskamuzejninoc.cz\/wp-content\/uploads\/2013\/05\/logo_jfo.png\" alt=\"logo_jfo\" width=\"280\" height=\"201\" \/><\/h2>\n<h2><img loading=\"lazy\" class=\"alignnone size-full wp-image-513\" src=\"https:\/\/2013.ostravskamuzejninoc.cz\/wp-content\/uploads\/2013\/05\/foto_filharmonie_2012.jpg\" alt=\"foto_filharmonie_2012\" width=\"298\" height=\"235\" \/><\/h2>\n<h2><img loading=\"lazy\" class=\"alignnone size-full wp-image-690\" src=\"https:\/\/2013.ostravskamuzejninoc.cz\/wp-content\/uploads\/2013\/05\/OMN-2012-4.jpg\" alt=\"OMN 2012 4\" width=\"300\" height=\"225\" \/><img loading=\"lazy\" class=\"alignnone size-full wp-image-691\" src=\"https:\/\/2013.ostravskamuzejninoc.cz\/wp-content\/uploads\/2013\/05\/OMN-2012-1.jpg\" alt=\"OMN 2012 1\" width=\"300\" height=\"196\" \/><img loading=\"lazy\" class=\"alignnone size-full wp-image-692\" src=\"https:\/\/2013.ostravskamuzejninoc.cz\/wp-content\/uploads\/2013\/05\/OMN-2012-2.jpg\" alt=\"OMN 2012 2\" width=\"300\" height=\"400\" \/><img loading=\"lazy\" class=\"alignnone size-full wp-image-693\" src=\"https:\/\/2013.ostravskamuzejninoc.cz\/wp-content\/uploads\/2013\/05\/OMN-2012-3.jpg\" alt=\"OMN 2012 3\" width=\"300\" height=\"385\" \/><\/h2>\n<\/td>\n<\/tr>\n<\/tbody>\n<\/table>\n<p><\/p>","protected":false},"excerpt":{"rendered":"<p>Filharmonia im. Jan\u00e1\u010dka Ostrava 17.00\u201319.30 Pracownia muzyczna Wsp\u00f3lne muzykowania na off-owych instrumentach. Program dla dzieci. 17.00\u201319.30 Zesp\u00f3\u0142 M\u0142odych Filharmonik\u00f3w Jan\u00e1\u010dka Spr\u00f3buj za\u015bpiewa\u0107 w ch\u00f3rze. Program dla dzieci. 17.00\u201319.30 W sk\u00f3rze instrumentalisty Co oznacza gra\u0107 w orkiestrze? Program dla dzieci. 17.00\u201319.30 Pracownia d\u017awi\u0119kowca Nagrywanie, ud\u017awi\u0119kowienie i dalsze techniczne triki dla zainteresowanych dzieci. 17.00\u201319.30 Dziesi\u0119ciob\u00f3j Filharmoniczny Program [&hellip;]<\/p>\n","protected":false},"author":1,"featured_media":0,"parent":0,"menu_order":0,"comment_status":"closed","ping_status":"closed","template":"","meta":[],"_links":{"self":[{"href":"https:\/\/2015.ostravskamuzejninoc.cz\/pl\/wp-json\/wp\/v2\/pages\/178"}],"collection":[{"href":"https:\/\/2015.ostravskamuzejninoc.cz\/pl\/wp-json\/wp\/v2\/pages"}],"about":[{"href":"https:\/\/2015.ostravskamuzejninoc.cz\/pl\/wp-json\/wp\/v2\/types\/page"}],"author":[{"embeddable":true,"href":"https:\/\/2015.ostravskamuzejninoc.cz\/pl\/wp-json\/wp\/v2\/users\/1"}],"replies":[{"embeddable":true,"href":"https:\/\/2015.ostravskamuzejninoc.cz\/pl\/wp-json\/wp\/v2\/comments?post=178"}],"version-history":[{"count":9,"href":"https:\/\/2015.ostravskamuzejninoc.cz\/pl\/wp-json\/wp\/v2\/pages\/178\/revisions"}],"predecessor-version":[{"id":862,"href":"https:\/\/2015.ostravskamuzejninoc.cz\/pl\/wp-json\/wp\/v2\/pages\/178\/revisions\/862"}],"wp:attachment":[{"href":"https:\/\/2015.ostravskamuzejninoc.cz\/pl\/wp-json\/wp\/v2\/media?parent=178"}],"curies":[{"name":"wp","href":"https:\/\/api.w.org\/{rel}","templated":true}]}}