{"id":188,"date":"2015-05-01T09:06:10","date_gmt":"2015-05-01T08:06:10","guid":{"rendered":"http:\/\/2015.ostravskamuzejninoc.cz\/?page_id=188"},"modified":"2015-05-28T12:25:31","modified_gmt":"2015-05-28T11:25:31","slug":"cesky-lidova-konzervator-a-muzicka-skola","status":"publish","type":"page","link":"https:\/\/2015.ostravskamuzejninoc.cz\/pl\/cesky-lidova-konzervator-a-muzicka-skola\/","title":{"rendered":"Konserwatorium i Szko\u0142a Muzyczna"},"content":{"rendered":"<p><\/p>\n<table class=\"alignleft\" border=\"0\" width=\"700\" cellspacing=\"0\" cellpadding=\"0\">\n<tbody>\n<tr>\n<td valign=\"top\" width=\"380\">\n<h1>Konserwatorium i Szko\u0142a Muzyczna Ostrawa &#8211; organizacja bud\u017cetowa<\/h1>\n<p>Jeste\u015bmy tu dla Was, dla waszego talentu, na wasze \u017cyczenie oraz waszej naturalnej ch\u0119ci tworzenia!<\/p>\n<p>Konserwatorium powszechne oraz Szko\u0142a Muzyczna Ostrawa oferuje nauk\u0119 na najwy\u017cszym profesjonalnym poziomie wszystkim, kt\u00f3rzy s\u0105 zainteresowani rozwijaniem swoich zdolno\u015bci artystycznych, a wi\u0119c i tak\u017ce niepe\u0142nosprawnym.<\/p>\n<p>Dzieci ju\u017c w przedszkolnym wieku wiedziemy ku sztuce i kulturze, doros\u0142ym i seniorom umo\u017cliwiamy sensowne wykorzystanie czasu wolnego. Nasi s\u0142uchacze kszta\u0142c\u0105 si\u0119 u nas w muzyce, ta\u0144cu, sztuce teatralnej, tw\u00f3rczo\u015bci literackiej, plastyce oraz artystycznej fotografii.<\/p>\n<p>Zainteresowani studiami muzycznymi mog\u0105 po\u015bwi\u0119ca\u0107 si\u0119 klasycznym stylom muzycznym, ale tak\u017ce jazzowi, rockowi oraz muzyce popularnej. Konserwatorium wzbogaca ofert\u0119 kulturaln\u0105 Ostrawy od 1957 roku, a wi\u0119c ju\u017c 58 lat. Szko\u0142a Muzyczna od 1991 roku, a wi\u0119c lada moment uczci \u0107wier\u0107wiecze swego istnienia. Organem za\u0142o\u017cycielskim Konserwatorium i Szko\u0142y Muzycznej jest miasto wydzielone Ostrawa.<\/p>\n<h5>17.00\u201320.00<\/h5>\n<h3>Warsztaty tw\u00f3rcze: Produkujemy w\u0142asn\u0105 oryginaln\u0105 bi\u017cuteri\u0119<\/h3>\n<p>Uczestnicz\u0105ce w warsztatach dzieci nauczymy techniki nawlekania (nanizania koralik\u00f3w na \u017cy\u0142k\u0119) i umo\u017cliwimy im wyprodukowanie oryginalnej bransoletki. Zainteresowanym doros\u0142ym przedstawimy podstawy tzw.<em> ketlovani<\/em> (robienie \u0142a\u0144cuszk\u00f3w), zapoznamy ich z narz\u0119dziami i materia\u0142em oraz tym, jak post\u0119powa\u0107 w pracy z drutem czy drucianymi p\u00f3\u0142 towarami.<\/p>\n<p>Uczestnicy b\u0119d\u0105 mieli okazje do sporz\u0105dzenia kolczyk\u00f3w. Cz\u0119\u015bci\u0105 warsztat\u00f3w b\u0119dzie przedstawienie kierunku kszta\u0142cenia na Konserwatorium i w Szkole Muzycznej Ostrawa.<\/p>\n<h5>18.00\u201321.00<\/h5>\n<h3>Minikurs: Rozpoczynamy prace z cyfrow\u0105 lustrzank\u0105.<\/h3>\n<p>Kr\u00f3tkie zapoznanie si\u0119 z mo\u017cliwo\u015bciami ulubionego aparatu fotograficznego. Cz\u0119\u015bci\u0105 kursu b\u0119dzie prezentacja kierunku fotografia artystyczna na Konserwatorium.<\/p>\n<h5>18.00\u201322.00<\/h5>\n<h3>Komunikacja tak troch\u0119 poza medialna lub czy mo\u017cliwa jest nauka pisania?<\/h3>\n<p>Spotkanie z kierunkiem tw\u00f3rczo\u015b\u0107 literacka i komunikacja medialna w praktyce LKM\u0160O. Co kierunek oferuje s\u0142uchaczom, jak wykorzysta\u0107 tw\u00f3rczo\u015b\u0107 literack\u0105 w komunikacji, w czym ona cz\u0142owieka wzbogaca, a w czym go zuba\u017ca (szablony i tzw. wata)? Kr\u00f3tka prezentacja prac s\u0142uchaczy.<\/p>\n<h5>18.00\u201319.00<\/h5>\n<h3>Koncert kierunku muzycznego<\/h3>\n<p>W repertuarze klasycznym wyst\u0105pi\u0105 s\u0142uchacze, pedagodzy i ich przyjaciele.<\/p>\n<h5>19.30\u201320.15<\/h5>\n<h3>Wyst\u0119p s\u0142uchaczy kierunku dramatycznego<\/h3>\n<p>S\u0142uchacze kierunku teatralnego przedstawi\u0105 swoje umiej\u0119tno\u015bci aktorskie.<\/p>\n<h5>21.00\u201322.00<\/h5>\n<h3>Koncert jazzowych improwizacji i jam session<\/h3>\n<p>Wyst\u0105pi\u0105 s\u0142uchacze i pedagodzy kierunku jazzu i muzyki popularnej oraz ich przyjaciele. (sala koncertowa Konserwatorium)<\/p>\n<p>Wszystkie imprezy b\u0119d\u0105 si\u0119 odbywa\u0107 w budynku LKM\u0160O ul. Wattova w Ostrawie- Przywozie, gdzie ma swoj\u0105 siedzib\u0119 dyrekcja szko\u0142y.<\/td>\n<td width=\"20\"><\/td>\n<td valign=\"top\" width=\"300\">\n<h2><a href=\"https:\/\/2015.ostravskamuzejninoc.cz\/wp-content\/uploads\/2015\/05\/11_lidova_konzervator.jpg\"><img loading=\"lazy\" class=\"alignnone size-medium wp-image-361\" src=\"https:\/\/2015.ostravskamuzejninoc.cz\/wp-content\/uploads\/2015\/05\/11_lidova_konzervator-300x110.jpg\" alt=\"11_lidova_konzervator\" width=\"300\" height=\"110\" srcset=\"https:\/\/2015.ostravskamuzejninoc.cz\/wp-content\/uploads\/2015\/05\/11_lidova_konzervator-300x110.jpg 300w, https:\/\/2015.ostravskamuzejninoc.cz\/wp-content\/uploads\/2015\/05\/11_lidova_konzervator.jpg 800w\" sizes=\"(max-width: 300px) 100vw, 300px\" \/><\/a> <a href=\"https:\/\/2015.ostravskamuzejninoc.cz\/wp-content\/uploads\/2015\/05\/01_lidova_konzervator.jpg\"><img loading=\"lazy\" class=\"alignnone size-medium wp-image-362\" src=\"https:\/\/2015.ostravskamuzejninoc.cz\/wp-content\/uploads\/2015\/05\/01_lidova_konzervator-300x245.jpg\" alt=\"01_lidova_konzervator\" width=\"300\" height=\"245\" srcset=\"https:\/\/2015.ostravskamuzejninoc.cz\/wp-content\/uploads\/2015\/05\/01_lidova_konzervator-300x245.jpg 300w, https:\/\/2015.ostravskamuzejninoc.cz\/wp-content\/uploads\/2015\/05\/01_lidova_konzervator.jpg 800w\" sizes=\"(max-width: 300px) 100vw, 300px\" \/><\/a> <a href=\"https:\/\/2015.ostravskamuzejninoc.cz\/wp-content\/uploads\/2015\/05\/02_lidova_konzervator.jpg\"><img loading=\"lazy\" class=\"alignnone size-medium wp-image-363\" src=\"https:\/\/2015.ostravskamuzejninoc.cz\/wp-content\/uploads\/2015\/05\/02_lidova_konzervator-300x200.jpg\" alt=\"02_lidova_konzervator\" width=\"300\" height=\"200\" srcset=\"https:\/\/2015.ostravskamuzejninoc.cz\/wp-content\/uploads\/2015\/05\/02_lidova_konzervator-300x200.jpg 300w, https:\/\/2015.ostravskamuzejninoc.cz\/wp-content\/uploads\/2015\/05\/02_lidova_konzervator.jpg 800w\" sizes=\"(max-width: 300px) 100vw, 300px\" \/><\/a> <a href=\"https:\/\/2015.ostravskamuzejninoc.cz\/wp-content\/uploads\/2015\/05\/03_lidova_konzervator.jpg\"><img loading=\"lazy\" class=\"alignnone size-medium wp-image-364\" src=\"https:\/\/2015.ostravskamuzejninoc.cz\/wp-content\/uploads\/2015\/05\/03_lidova_konzervator-300x200.jpg\" alt=\"03_lidova_konzervator\" width=\"300\" height=\"200\" srcset=\"https:\/\/2015.ostravskamuzejninoc.cz\/wp-content\/uploads\/2015\/05\/03_lidova_konzervator-300x200.jpg 300w, https:\/\/2015.ostravskamuzejninoc.cz\/wp-content\/uploads\/2015\/05\/03_lidova_konzervator.jpg 800w\" sizes=\"(max-width: 300px) 100vw, 300px\" \/><\/a> <a href=\"https:\/\/2015.ostravskamuzejninoc.cz\/wp-content\/uploads\/2015\/05\/04_lidova_konzervator.jpg\"><img loading=\"lazy\" class=\"alignnone size-medium wp-image-365\" src=\"https:\/\/2015.ostravskamuzejninoc.cz\/wp-content\/uploads\/2015\/05\/04_lidova_konzervator-300x200.jpg\" alt=\"04_lidova_konzervator\" width=\"300\" height=\"200\" srcset=\"https:\/\/2015.ostravskamuzejninoc.cz\/wp-content\/uploads\/2015\/05\/04_lidova_konzervator-300x200.jpg 300w, https:\/\/2015.ostravskamuzejninoc.cz\/wp-content\/uploads\/2015\/05\/04_lidova_konzervator.jpg 800w\" sizes=\"(max-width: 300px) 100vw, 300px\" \/><\/a> <a href=\"https:\/\/2015.ostravskamuzejninoc.cz\/wp-content\/uploads\/2015\/05\/05_lidova_konzervator.jpg\"><img loading=\"lazy\" class=\"alignnone size-medium wp-image-366\" src=\"https:\/\/2015.ostravskamuzejninoc.cz\/wp-content\/uploads\/2015\/05\/05_lidova_konzervator-300x225.jpg\" alt=\"05_lidova_konzervator\" width=\"300\" height=\"225\" srcset=\"https:\/\/2015.ostravskamuzejninoc.cz\/wp-content\/uploads\/2015\/05\/05_lidova_konzervator-300x225.jpg 300w, https:\/\/2015.ostravskamuzejninoc.cz\/wp-content\/uploads\/2015\/05\/05_lidova_konzervator.jpg 800w\" sizes=\"(max-width: 300px) 100vw, 300px\" \/><\/a> <a href=\"https:\/\/2015.ostravskamuzejninoc.cz\/wp-content\/uploads\/2015\/05\/06_lidova_konzervator.jpg\"><img loading=\"lazy\" class=\"alignnone size-medium wp-image-367\" src=\"https:\/\/2015.ostravskamuzejninoc.cz\/wp-content\/uploads\/2015\/05\/06_lidova_konzervator-300x200.jpg\" alt=\"06_lidova_konzervator\" width=\"300\" height=\"200\" srcset=\"https:\/\/2015.ostravskamuzejninoc.cz\/wp-content\/uploads\/2015\/05\/06_lidova_konzervator-300x200.jpg 300w, https:\/\/2015.ostravskamuzejninoc.cz\/wp-content\/uploads\/2015\/05\/06_lidova_konzervator.jpg 800w\" sizes=\"(max-width: 300px) 100vw, 300px\" \/><\/a> <a href=\"https:\/\/2015.ostravskamuzejninoc.cz\/wp-content\/uploads\/2015\/05\/07_lidova_konzervator.jpg\"><img loading=\"lazy\" class=\"alignnone size-medium wp-image-368\" src=\"https:\/\/2015.ostravskamuzejninoc.cz\/wp-content\/uploads\/2015\/05\/07_lidova_konzervator-300x200.jpg\" alt=\"07_lidova_konzervator\" width=\"300\" height=\"200\" srcset=\"https:\/\/2015.ostravskamuzejninoc.cz\/wp-content\/uploads\/2015\/05\/07_lidova_konzervator-300x200.jpg 300w, https:\/\/2015.ostravskamuzejninoc.cz\/wp-content\/uploads\/2015\/05\/07_lidova_konzervator.jpg 800w\" sizes=\"(max-width: 300px) 100vw, 300px\" \/><\/a> <a href=\"https:\/\/2015.ostravskamuzejninoc.cz\/wp-content\/uploads\/2015\/05\/08_lidova_konzervator.jpg\"><img loading=\"lazy\" class=\"alignnone size-medium wp-image-369\" src=\"https:\/\/2015.ostravskamuzejninoc.cz\/wp-content\/uploads\/2015\/05\/08_lidova_konzervator-300x200.jpg\" alt=\"08_lidova_konzervator\" width=\"300\" height=\"200\" srcset=\"https:\/\/2015.ostravskamuzejninoc.cz\/wp-content\/uploads\/2015\/05\/08_lidova_konzervator-300x200.jpg 300w, https:\/\/2015.ostravskamuzejninoc.cz\/wp-content\/uploads\/2015\/05\/08_lidova_konzervator.jpg 800w\" sizes=\"(max-width: 300px) 100vw, 300px\" \/><\/a> <a href=\"https:\/\/2015.ostravskamuzejninoc.cz\/wp-content\/uploads\/2015\/05\/09_lidova_konzervator.jpg\"><img loading=\"lazy\" class=\"alignnone size-medium wp-image-370\" src=\"https:\/\/2015.ostravskamuzejninoc.cz\/wp-content\/uploads\/2015\/05\/09_lidova_konzervator-300x200.jpg\" alt=\"09_lidova_konzervator\" width=\"300\" height=\"200\" srcset=\"https:\/\/2015.ostravskamuzejninoc.cz\/wp-content\/uploads\/2015\/05\/09_lidova_konzervator-300x200.jpg 300w, https:\/\/2015.ostravskamuzejninoc.cz\/wp-content\/uploads\/2015\/05\/09_lidova_konzervator.jpg 800w\" sizes=\"(max-width: 300px) 100vw, 300px\" \/><\/a> <a href=\"https:\/\/2015.ostravskamuzejninoc.cz\/wp-content\/uploads\/2015\/05\/10_lidova_konzervator.jpg\"><img loading=\"lazy\" class=\"alignnone size-medium wp-image-371\" src=\"https:\/\/2015.ostravskamuzejninoc.cz\/wp-content\/uploads\/2015\/05\/10_lidova_konzervator-300x200.jpg\" alt=\"10_lidova_konzervator\" width=\"300\" height=\"200\" srcset=\"https:\/\/2015.ostravskamuzejninoc.cz\/wp-content\/uploads\/2015\/05\/10_lidova_konzervator-300x200.jpg 300w, https:\/\/2015.ostravskamuzejninoc.cz\/wp-content\/uploads\/2015\/05\/10_lidova_konzervator.jpg 800w\" sizes=\"(max-width: 300px) 100vw, 300px\" \/><\/a><\/h2>\n<h2>Kontakt:<\/h2>\n<p>Lidov\u00e1 konzervato\u0159 a M\u00fazick\u00e1 \u0161kola<br \/>\nOstrava, p. o.<br \/>\nWattova 5, 702 00 Ostrava-P\u0159\u00edvoz<\/p>\n<p>E-mail: <a href=\"mailto:sekretariat@lko.cz\">sekretariat@lko.cz<\/a><br \/>\nWeb: <a href=\"https:\/\/www.lko.cz\">www.lko.cz<\/a><br \/>\nTel.: 596\u00a0136\u00a0805, 603\u00a0886\u00a0756<\/td>\n<\/tr>\n<\/tbody>\n<\/table>\n<p><\/p>","protected":false},"excerpt":{"rendered":"<p>Konserwatorium i Szko\u0142a Muzyczna Ostrawa &#8211; organizacja bud\u017cetowa Jeste\u015bmy tu dla Was, dla waszego talentu, na wasze \u017cyczenie oraz waszej naturalnej ch\u0119ci tworzenia! Konserwatorium powszechne oraz Szko\u0142a Muzyczna Ostrawa oferuje nauk\u0119 na najwy\u017cszym profesjonalnym poziomie wszystkim, kt\u00f3rzy s\u0105 zainteresowani rozwijaniem swoich zdolno\u015bci artystycznych, a wi\u0119c i tak\u017ce niepe\u0142nosprawnym. Dzieci ju\u017c w przedszkolnym wieku wiedziemy ku [&hellip;]<\/p>\n","protected":false},"author":1,"featured_media":0,"parent":0,"menu_order":0,"comment_status":"closed","ping_status":"closed","template":"","meta":[],"_links":{"self":[{"href":"https:\/\/2015.ostravskamuzejninoc.cz\/pl\/wp-json\/wp\/v2\/pages\/188"}],"collection":[{"href":"https:\/\/2015.ostravskamuzejninoc.cz\/pl\/wp-json\/wp\/v2\/pages"}],"about":[{"href":"https:\/\/2015.ostravskamuzejninoc.cz\/pl\/wp-json\/wp\/v2\/types\/page"}],"author":[{"embeddable":true,"href":"https:\/\/2015.ostravskamuzejninoc.cz\/pl\/wp-json\/wp\/v2\/users\/1"}],"replies":[{"embeddable":true,"href":"https:\/\/2015.ostravskamuzejninoc.cz\/pl\/wp-json\/wp\/v2\/comments?post=188"}],"version-history":[{"count":14,"href":"https:\/\/2015.ostravskamuzejninoc.cz\/pl\/wp-json\/wp\/v2\/pages\/188\/revisions"}],"predecessor-version":[{"id":836,"href":"https:\/\/2015.ostravskamuzejninoc.cz\/pl\/wp-json\/wp\/v2\/pages\/188\/revisions\/836"}],"wp:attachment":[{"href":"https:\/\/2015.ostravskamuzejninoc.cz\/pl\/wp-json\/wp\/v2\/media?parent=188"}],"curies":[{"name":"wp","href":"https:\/\/api.w.org\/{rel}","templated":true}]}}