{"id":192,"date":"2015-05-01T09:08:28","date_gmt":"2015-05-01T08:08:28","guid":{"rendered":"http:\/\/2015.ostravskamuzejninoc.cz\/?page_id=192"},"modified":"2015-06-02T18:53:50","modified_gmt":"2015-06-02T17:53:50","slug":"cesky-stredni-umelecka-skola","status":"publish","type":"page","link":"https:\/\/2015.ostravskamuzejninoc.cz\/pl\/cesky-stredni-umelecka-skola\/","title":{"rendered":"\u015arednia Szko\u0142a Plastyczna"},"content":{"rendered":"<p><\/p>\n<table class=\"alignleft\" border=\"0\" width=\"700\" cellspacing=\"0\" cellpadding=\"0\">\n<tbody>\n<tr>\n<td valign=\"top\" width=\"380\">\n<h1>\u015arednia Szko\u0142a Plastyczna Ostrawa<\/h1>\n<p>\u015arednia Szko\u0142a Plastyczna Ostrawa jest szko\u0142\u0105 \u015bredni\u0105 o kierunku artystycznym. Szko\u0142a powsta\u0142a w 1990 roku, jako pierwsza szko\u0142a artystyczna w Ostrawskiem. Jej organem za\u0142o\u017cycielskim jest wojew\u00f3dztwo Morawsko-\u015bl\u0105skie.<\/p>\n<p>W ramach g\u0142\u00f3wnego kierunku <strong>82<\/strong> sztuka oraz sztuka u\u017cytkowa szko\u0142a oferuje mo\u017cliwo\u015b\u0107 studi\u00f3w dziennych na jednym z pi\u0119ciu kierunk\u00f3w: fotografia u\u017cytkowa; media; malarstwo u\u017cytkowe; grafika designu; artystyczne opracowanie ceramiki i porcelany; formowanie wyrob\u00f3w przemys\u0142owych \u2013 przemys\u0142owy design.<\/p>\n<h5>17.00\u201322.00<\/h5>\n<h3>SU\u0160 \u2013 Art Park po raz trzeci<\/h3>\n<p>Uczniowie i nauczyciele szko\u0142y przygotowali szereg interaktywnych dzia\u0142a\u0144 artystycznych dla wszystkich:<\/p>\n<ul>\n<li>Warsztaty tw\u00f3rcze dla ma\u0142ych i du\u017cych<\/li>\n<li>Tw\u00f3rczy workshop pod kierunkiem fotografa Ji\u0159\u00edho Hrdiny<\/li>\n<li>Warsztaty malarskie \u201eMalowanie powietrzem\u201d \u2013 malowanie sprayem przez szablony<\/li>\n<li>Galeria zapach\u00f3w \u2013 akcja artystyczna uczni\u00f3w szko\u0142y<\/li>\n<li>Wyr\u00f3b weso\u0142ych pude\u0142ek, pacynek ze skarpet i kuli rumba.<\/li>\n<li>Malowanie twarzy<\/li>\n<li>Comenius Unsung Heroes \u2013 prezentacja projektu<\/li>\n<\/ul>\n<p>Przekonajcie si\u0119, \u017ce sztuka jest zabaw\u0105!<\/td>\n<td width=\"20\"><\/td>\n<td valign=\"top\" width=\"300\">\n<h2><img loading=\"lazy\" class=\"aligncenter size-full wp-image-279\" src=\"https:\/\/2013.ostravskamuzejninoc.cz\/wp-content\/uploads\/2013\/04\/sus_logo.png\" alt=\"sus_logo\" width=\"200\" height=\"100\" \/><\/h2>\n<h2>Kontakt:<\/h2>\n<p>Ogr\u00f3d i przyleg\u0142e pomieszczenia \u015aredniej Szko\u0142y Plastycznej (St\u0159edn\u00ed um\u011bleck\u00e9 \u0161koly)<\/p>\n<p>St\u0159edn\u00ed um\u011bleck\u00e1 \u0161kola, Ostrava<br \/>\nPod\u011bbradova 33<br \/>\nMati\u010dn\u00ed 18<br \/>\n702 00 Ostrava<br \/>\nE-mail:<span class=\"Apple-converted-space\">\u00a0<\/span><a href=\"mailto:studijni@sus-ostrava.cz\" target=\"_blank\">studijni@sus-ostrava.cz<\/a><br \/>\nWeb:<span class=\"Apple-converted-space\">\u00a0<\/span><a href=\"https:\/\/www.sus-ostrava.cz\/\" target=\"_blank\">www.sus-ostrava.cz<\/a><br \/>\nTel.: 596 114\u00a0985<\/p>\n<p><a href=\"https:\/\/2015.ostravskamuzejninoc.cz\/wp-content\/uploads\/2015\/05\/2015_sus_budova.jpg\"><img loading=\"lazy\" class=\"alignnone size-medium wp-image-375\" src=\"https:\/\/2015.ostravskamuzejninoc.cz\/wp-content\/uploads\/2015\/05\/2015_sus_budova-300x132.jpg\" alt=\"2015_sus_budova\" width=\"300\" height=\"132\" srcset=\"https:\/\/2015.ostravskamuzejninoc.cz\/wp-content\/uploads\/2015\/05\/2015_sus_budova-300x132.jpg 300w, https:\/\/2015.ostravskamuzejninoc.cz\/wp-content\/uploads\/2015\/05\/2015_sus_budova.jpg 800w\" sizes=\"(max-width: 300px) 100vw, 300px\" \/><\/a> <a href=\"https:\/\/2015.ostravskamuzejninoc.cz\/wp-content\/uploads\/2015\/05\/2015_sus_vstupni_prostor.jpg\"><img loading=\"lazy\" class=\"alignnone size-medium wp-image-376\" src=\"https:\/\/2015.ostravskamuzejninoc.cz\/wp-content\/uploads\/2015\/05\/2015_sus_vstupni_prostor-300x61.jpg\" alt=\"2015_sus_vstupni_prostor\" width=\"300\" height=\"61\" srcset=\"https:\/\/2015.ostravskamuzejninoc.cz\/wp-content\/uploads\/2015\/05\/2015_sus_vstupni_prostor-300x61.jpg 300w, https:\/\/2015.ostravskamuzejninoc.cz\/wp-content\/uploads\/2015\/05\/2015_sus_vstupni_prostor.jpg 800w\" sizes=\"(max-width: 300px) 100vw, 300px\" \/><\/a><\/td>\n<\/tr>\n<\/tbody>\n<\/table>\n<p><\/p>","protected":false},"excerpt":{"rendered":"<p>\u015arednia Szko\u0142a Plastyczna Ostrawa \u015arednia Szko\u0142a Plastyczna Ostrawa jest szko\u0142\u0105 \u015bredni\u0105 o kierunku artystycznym. Szko\u0142a powsta\u0142a w 1990 roku, jako pierwsza szko\u0142a artystyczna w Ostrawskiem. Jej organem za\u0142o\u017cycielskim jest wojew\u00f3dztwo Morawsko-\u015bl\u0105skie. W ramach g\u0142\u00f3wnego kierunku 82 sztuka oraz sztuka u\u017cytkowa szko\u0142a oferuje mo\u017cliwo\u015b\u0107 studi\u00f3w dziennych na jednym z pi\u0119ciu kierunk\u00f3w: fotografia u\u017cytkowa; media; malarstwo u\u017cytkowe; [&hellip;]<\/p>\n","protected":false},"author":1,"featured_media":0,"parent":0,"menu_order":0,"comment_status":"closed","ping_status":"closed","template":"","meta":[],"_links":{"self":[{"href":"https:\/\/2015.ostravskamuzejninoc.cz\/pl\/wp-json\/wp\/v2\/pages\/192"}],"collection":[{"href":"https:\/\/2015.ostravskamuzejninoc.cz\/pl\/wp-json\/wp\/v2\/pages"}],"about":[{"href":"https:\/\/2015.ostravskamuzejninoc.cz\/pl\/wp-json\/wp\/v2\/types\/page"}],"author":[{"embeddable":true,"href":"https:\/\/2015.ostravskamuzejninoc.cz\/pl\/wp-json\/wp\/v2\/users\/1"}],"replies":[{"embeddable":true,"href":"https:\/\/2015.ostravskamuzejninoc.cz\/pl\/wp-json\/wp\/v2\/comments?post=192"}],"version-history":[{"count":17,"href":"https:\/\/2015.ostravskamuzejninoc.cz\/pl\/wp-json\/wp\/v2\/pages\/192\/revisions"}],"predecessor-version":[{"id":854,"href":"https:\/\/2015.ostravskamuzejninoc.cz\/pl\/wp-json\/wp\/v2\/pages\/192\/revisions\/854"}],"wp:attachment":[{"href":"https:\/\/2015.ostravskamuzejninoc.cz\/pl\/wp-json\/wp\/v2\/media?parent=192"}],"curies":[{"name":"wp","href":"https:\/\/api.w.org\/{rel}","templated":true}]}}