{"id":201,"date":"2015-05-01T09:17:40","date_gmt":"2015-05-01T08:17:40","guid":{"rendered":"http:\/\/2015.ostravskamuzejninoc.cz\/?page_id=201"},"modified":"2015-05-28T11:17:08","modified_gmt":"2015-05-28T10:17:08","slug":"cesky-dopravni-podnik-ostrava","status":"publish","type":"page","link":"https:\/\/2015.ostravskamuzejninoc.cz\/pl\/cesky-dopravni-podnik-ostrava\/","title":{"rendered":"Zak\u0142ad Komunikacji Miejskej Ostrawa"},"content":{"rendered":"<p><\/p>\n<table class=\"alignleft\" border=\"0\" width=\"700\" cellspacing=\"0\" cellpadding=\"0\">\n<tbody>\n<tr>\n<td valign=\"top\" width=\"380\">\n<h1>Zak\u0142ad Komunikacji Miejskiej Ostrawa s.a.<br \/>\nWarsztaty Martinov<\/h1>\n<p>W czasie Ostrawskiej Nocy Muze\u00f3w Zak\u0142ad Komunikacji Miejskiej Ostrawa tradycyjnie udost\u0119pni depozyt wi\u0119kszo\u015bci zabytkowych tramwaj\u00f3w, kt\u00f3re znajduj\u0105 si\u0119 na terenie Warsztat\u00f3w ZKM Ostrawa w Martinowie. Przy tej okazji pokazane zostan\u0105 i inne zabytkowe \u015brodki transportu oraz przedmioty zwi\u0105zane tematycznie z transportem ze zbior\u00f3w zak\u0142adu komunikacji miejskiej.<\/p>\n<h5>16.00\u201323.00<\/h5>\n<h3>Otwarcie depozytu<\/h3>\n<p>Dla zwiedzaj\u0105cych Ostrawskiej Nocy Muze\u00f3w b\u0119dzie uruchomiony niskopod\u0142ogowy tramwaj od przystanku Warsztaty MZK (D\u00edlny DP Ostrava) do miejsca gdzie b\u0119d\u0105 eksponowane zabytkowe tramwaje.<\/p>\n<p>Ruch pieszy po terenie b\u0119dzie niemo\u017cliwy.<\/p>\n<p>Przeja\u017cd\u017cki zabytkowych wagon\u00f3w tramwajowych w roku 2015<\/p>\n<ul>\n<li>11.7., 1.8, 22.8 \u2013 Przeja\u017cd\u017cki zabytkowymi trolejbusami na trasie Ostrawa \u2013 Most Pionier\u00f3w \u2013 Zoo.<\/li>\n<li>Dzie\u0144 Dziedzictwa Europejskiego \u2013 przeja\u017cd\u017cki zabytkowych trolejbus\u00f3w na trasie Ostrawa \u2013 Micha\u0142kowice<\/li>\n<li>26.9 \u2013 Dzie\u0144 Kolei \u2013 przeja\u017cd\u017cki zabytkowymi tramwajami po centrum miasta.<\/li>\n<li>Dzie\u0144 otwartych drzwi z okazji 85. lecia wprowadzenia autobus\u00f3w w Ostrawie odbywa si\u0119 na terenie Warsztat\u00f3w w Martinowie i zajezdni autobusowej w Porubie. Przewidziane s\u0105 przeja\u017cd\u017cki poznawcze.<\/li>\n<li>6.12 \u2013 Miko\u0142ajki \u2013 przeja\u017cd\u017cki zabytkowymi tramwajami po Hrab\u00f3wce.<\/li>\n<\/ul>\n<\/td>\n<td width=\"20\"><\/td>\n<td valign=\"top\" width=\"300\"><img loading=\"lazy\" class=\"aligncenter size-full wp-image-246\" src=\"https:\/\/2013.ostravskamuzejninoc.cz\/wp-content\/uploads\/2013\/04\/dpo_logo_2013.png\" alt=\"dpo_logo_2013\" width=\"249\" height=\"67\" \/><\/p>\n<h2>Kontakt:<\/h2>\n<p>Dopravn\u00ed podnik Ostrava a.s.<br \/>\nMartinovsk\u00e1\u00a03293\/40<br \/>\n723 00 Ostrava-Martinov<br \/>\nE-mail: <a href=\"mailto:dpored@dpo.cz\" target=\"_blank\">dpored@dpo.cz<\/a><br \/>\nWeb: <a href=\"https:\/\/www.dpo.cz\/\" target=\"_blank\">www.dpo.cz<\/a><br \/>\nTel.: 597 401 140<\/p>\n<p><a href=\"https:\/\/2015.ostravskamuzejninoc.cz\/wp-content\/uploads\/2015\/05\/01_dpo.jpg\"><img loading=\"lazy\" class=\"alignnone size-medium wp-image-387\" src=\"https:\/\/2015.ostravskamuzejninoc.cz\/wp-content\/uploads\/2015\/05\/01_dpo-300x225.jpg\" alt=\"01_dpo\" width=\"300\" height=\"225\" srcset=\"https:\/\/2015.ostravskamuzejninoc.cz\/wp-content\/uploads\/2015\/05\/01_dpo-300x225.jpg 300w, https:\/\/2015.ostravskamuzejninoc.cz\/wp-content\/uploads\/2015\/05\/01_dpo.jpg 800w\" sizes=\"(max-width: 300px) 100vw, 300px\" \/><\/a> <a href=\"https:\/\/2015.ostravskamuzejninoc.cz\/wp-content\/uploads\/2015\/05\/02_dpo.jpg\"><img loading=\"lazy\" class=\"alignnone size-medium wp-image-388\" src=\"https:\/\/2015.ostravskamuzejninoc.cz\/wp-content\/uploads\/2015\/05\/02_dpo-300x225.jpg\" alt=\"02_dpo\" width=\"300\" height=\"225\" srcset=\"https:\/\/2015.ostravskamuzejninoc.cz\/wp-content\/uploads\/2015\/05\/02_dpo-300x225.jpg 300w, https:\/\/2015.ostravskamuzejninoc.cz\/wp-content\/uploads\/2015\/05\/02_dpo.jpg 800w\" sizes=\"(max-width: 300px) 100vw, 300px\" \/><\/a> <a href=\"https:\/\/2015.ostravskamuzejninoc.cz\/wp-content\/uploads\/2015\/05\/03_dpo.jpg\"><img loading=\"lazy\" class=\"alignnone size-medium wp-image-389\" src=\"https:\/\/2015.ostravskamuzejninoc.cz\/wp-content\/uploads\/2015\/05\/03_dpo-300x225.jpg\" alt=\"03_dpo\" width=\"300\" height=\"225\" srcset=\"https:\/\/2015.ostravskamuzejninoc.cz\/wp-content\/uploads\/2015\/05\/03_dpo-300x225.jpg 300w, https:\/\/2015.ostravskamuzejninoc.cz\/wp-content\/uploads\/2015\/05\/03_dpo.jpg 800w\" sizes=\"(max-width: 300px) 100vw, 300px\" \/><\/a> <a href=\"https:\/\/2015.ostravskamuzejninoc.cz\/wp-content\/uploads\/2015\/05\/04_dpo.jpg\"><img loading=\"lazy\" class=\"alignnone size-medium wp-image-390\" src=\"https:\/\/2015.ostravskamuzejninoc.cz\/wp-content\/uploads\/2015\/05\/04_dpo-300x225.jpg\" alt=\"04_dpo\" width=\"300\" height=\"225\" srcset=\"https:\/\/2015.ostravskamuzejninoc.cz\/wp-content\/uploads\/2015\/05\/04_dpo-300x225.jpg 300w, https:\/\/2015.ostravskamuzejninoc.cz\/wp-content\/uploads\/2015\/05\/04_dpo.jpg 800w\" sizes=\"(max-width: 300px) 100vw, 300px\" \/><\/a> <a href=\"https:\/\/2015.ostravskamuzejninoc.cz\/wp-content\/uploads\/2015\/05\/05_dpo.jpg\"><img loading=\"lazy\" class=\"alignnone size-medium wp-image-391\" src=\"https:\/\/2015.ostravskamuzejninoc.cz\/wp-content\/uploads\/2015\/05\/05_dpo-300x237.jpg\" alt=\"05_dpo\" width=\"300\" height=\"237\" srcset=\"https:\/\/2015.ostravskamuzejninoc.cz\/wp-content\/uploads\/2015\/05\/05_dpo-300x237.jpg 300w, https:\/\/2015.ostravskamuzejninoc.cz\/wp-content\/uploads\/2015\/05\/05_dpo.jpg 800w\" sizes=\"(max-width: 300px) 100vw, 300px\" \/><\/a> <a href=\"https:\/\/2015.ostravskamuzejninoc.cz\/wp-content\/uploads\/2015\/05\/06_dpo.jpg\"><img loading=\"lazy\" class=\"alignnone size-medium wp-image-392\" src=\"https:\/\/2015.ostravskamuzejninoc.cz\/wp-content\/uploads\/2015\/05\/06_dpo-300x231.jpg\" alt=\"06_dpo\" width=\"300\" height=\"231\" srcset=\"https:\/\/2015.ostravskamuzejninoc.cz\/wp-content\/uploads\/2015\/05\/06_dpo-300x231.jpg 300w, https:\/\/2015.ostravskamuzejninoc.cz\/wp-content\/uploads\/2015\/05\/06_dpo.jpg 800w\" sizes=\"(max-width: 300px) 100vw, 300px\" \/><\/a><\/td>\n<\/tr>\n<\/tbody>\n<\/table>\n<p><\/p>","protected":false},"excerpt":{"rendered":"<p>Zak\u0142ad Komunikacji Miejskiej Ostrawa s.a. Warsztaty Martinov W czasie Ostrawskiej Nocy Muze\u00f3w Zak\u0142ad Komunikacji Miejskiej Ostrawa tradycyjnie udost\u0119pni depozyt wi\u0119kszo\u015bci zabytkowych tramwaj\u00f3w, kt\u00f3re znajduj\u0105 si\u0119 na terenie Warsztat\u00f3w ZKM Ostrawa w Martinowie. Przy tej okazji pokazane zostan\u0105 i inne zabytkowe \u015brodki transportu oraz przedmioty zwi\u0105zane tematycznie z transportem ze zbior\u00f3w zak\u0142adu komunikacji miejskiej. 16.00\u201323.00 Otwarcie [&hellip;]<\/p>\n","protected":false},"author":1,"featured_media":0,"parent":0,"menu_order":0,"comment_status":"closed","ping_status":"closed","template":"","meta":[],"_links":{"self":[{"href":"https:\/\/2015.ostravskamuzejninoc.cz\/pl\/wp-json\/wp\/v2\/pages\/201"}],"collection":[{"href":"https:\/\/2015.ostravskamuzejninoc.cz\/pl\/wp-json\/wp\/v2\/pages"}],"about":[{"href":"https:\/\/2015.ostravskamuzejninoc.cz\/pl\/wp-json\/wp\/v2\/types\/page"}],"author":[{"embeddable":true,"href":"https:\/\/2015.ostravskamuzejninoc.cz\/pl\/wp-json\/wp\/v2\/users\/1"}],"replies":[{"embeddable":true,"href":"https:\/\/2015.ostravskamuzejninoc.cz\/pl\/wp-json\/wp\/v2\/comments?post=201"}],"version-history":[{"count":15,"href":"https:\/\/2015.ostravskamuzejninoc.cz\/pl\/wp-json\/wp\/v2\/pages\/201\/revisions"}],"predecessor-version":[{"id":811,"href":"https:\/\/2015.ostravskamuzejninoc.cz\/pl\/wp-json\/wp\/v2\/pages\/201\/revisions\/811"}],"wp:attachment":[{"href":"https:\/\/2015.ostravskamuzejninoc.cz\/pl\/wp-json\/wp\/v2\/media?parent=201"}],"curies":[{"name":"wp","href":"https:\/\/api.w.org\/{rel}","templated":true}]}}