{"id":208,"date":"2015-05-01T09:24:53","date_gmt":"2015-05-01T08:24:53","guid":{"rendered":"http:\/\/2015.ostravskamuzejninoc.cz\/?page_id=208"},"modified":"2015-05-28T11:19:30","modified_gmt":"2015-05-28T10:19:30","slug":"the-moravian-silesian-railway-museum-o-p-s","status":"publish","type":"page","link":"https:\/\/2015.ostravskamuzejninoc.cz\/pl\/the-moravian-silesian-railway-museum-o-p-s\/","title":{"rendered":"Muzeum Kolejnictwa Morawsko-\u015bl\u0105skiego"},"content":{"rendered":"<p><\/p>\n<table class=\"alignleft\" border=\"0\" width=\"700\" cellspacing=\"0\" cellpadding=\"0\">\n<tbody>\n<tr>\n<td valign=\"top\" width=\"380\">\n<h1>Muzeum Kolejnictwa Morawsko-\u015bl\u0105skiego, organizacja po\u017cytku spo\u0142ecznego.<\/h1>\n<p>Podczas Ostrawskiej Nocy Muze\u00f3w zostan\u0105 udost\u0119pnione sale wystawowe z now\u0105 ekspozycj\u0105 (otwart\u0105 w kwietniu 2015), dalej model kolei oraz zabytkowe urz\u0105dzenia kolejowe.<\/p>\n<h5>17.00\u201323.00<\/h5>\n<h3>Wyj\u0105tkowe zwiedzanie<\/h3>\n<p>Najm\u0142odsze dzieci b\u0119d\u0105 mia\u0142y do dyspozycji drewniany model konstrukcyjny kolejki, dzieci starsze mog\u0105 na modelu kolei wypr\u00f3bowa\u0107 kierowanie jazd\u0105 poci\u0105g\u00f3w i przestawianie zwrotnic. Wszystkich zwiedzaj\u0105cych na pewno zainteresuje nowy model kolejki, na kt\u00f3rej na trzech p\u0119tlach \u015bcigaj\u0105 si\u0119 sk\u0142ady poci\u0105g\u00f3w osobowych i towarowych. Sale wystawowe s\u0105 wzbogacone o wi\u0119kszych rozmiar\u00f3w urz\u0105dzenia kolejowe, kt\u00f3re w czasach dawno minionych, ale i nie tak dawno, s\u0142u\u017cy\u0142y do utrzymania ruchu poci\u0105g\u00f3w.<\/p>\n<h3>Dalsze planowane imprezy:<\/h3>\n<p>Jazda poci\u0105giem ci\u0105gnionym przez lokomotyw\u0119 parow\u0105 28. 6. 2015 od stacji Ostrava st\u0159ed na trasie Ostrava st\u0159ed \u2013 Opavy v\u00fdchod \u2013 Hradec nad Moravic\u00ed.<\/td>\n<td width=\"20\"><\/td>\n<td valign=\"top\" width=\"300\">\n<div>\n<h2><img loading=\"lazy\" class=\"size-full wp-image-616 aligncenter\" src=\"https:\/\/2014.ostravskamuzejninoc.cz\/wp-content\/uploads\/2014\/05\/logo_zeleznicni_muzeum.jpg\" alt=\"logo_zeleznicni_muzeum\" width=\"200\" height=\"132\" \/><\/h2>\n<\/div>\n<div>\n<h2>Kontakt:<\/h2>\n<\/div>\n<div>\n<p>\u017delezni\u010dn\u00ed muzeum moravskoslezsk\u00e9, o.\u2009p.\u2009s.<br \/>\nbudova n\u00e1dra\u017e\u00ed Ostrava st\u0159ed<br \/>\nFr\u00fddlantsk\u00e1 499\/5, Moravsk\u00e1 Ostrava<br \/>\nE-mail:\u00a0<a title=\"\u017delezni\u010dn\u00ed muzeum  moravskoslezsk\u00e9\" href=\"mailto:zmms@zmms.cz\">zmms@zmms.cz<br \/>\n<\/a>Web: <a href=\"https:\/\/www.zmms.cz\/\" target=\"blank\">www.zmms.cz<br \/>\n<\/a>Tel.: 972 765\u00a0600, 723 283 735<\/p>\n<\/div>\n<div>\n<p><a href=\"https:\/\/2015.ostravskamuzejninoc.cz\/wp-content\/uploads\/2015\/05\/01_zeleznicni_muzeum.jpg\"><img loading=\"lazy\" class=\"alignnone size-medium wp-image-394\" src=\"https:\/\/2015.ostravskamuzejninoc.cz\/wp-content\/uploads\/2015\/05\/01_zeleznicni_muzeum-300x225.jpg\" alt=\"01_zeleznicni_muzeum\" width=\"300\" height=\"225\" srcset=\"https:\/\/2015.ostravskamuzejninoc.cz\/wp-content\/uploads\/2015\/05\/01_zeleznicni_muzeum-300x225.jpg 300w, https:\/\/2015.ostravskamuzejninoc.cz\/wp-content\/uploads\/2015\/05\/01_zeleznicni_muzeum.jpg 800w\" sizes=\"(max-width: 300px) 100vw, 300px\" \/><\/a> <a href=\"https:\/\/2015.ostravskamuzejninoc.cz\/wp-content\/uploads\/2015\/05\/02_zeleznicni_muzeum.jpg\"><img loading=\"lazy\" class=\"alignnone size-medium wp-image-395\" src=\"https:\/\/2015.ostravskamuzejninoc.cz\/wp-content\/uploads\/2015\/05\/02_zeleznicni_muzeum-300x225.jpg\" alt=\"02_zeleznicni_muzeum\" width=\"300\" height=\"225\" srcset=\"https:\/\/2015.ostravskamuzejninoc.cz\/wp-content\/uploads\/2015\/05\/02_zeleznicni_muzeum-300x225.jpg 300w, https:\/\/2015.ostravskamuzejninoc.cz\/wp-content\/uploads\/2015\/05\/02_zeleznicni_muzeum.jpg 800w\" sizes=\"(max-width: 300px) 100vw, 300px\" \/><\/a> <a href=\"https:\/\/2015.ostravskamuzejninoc.cz\/wp-content\/uploads\/2015\/05\/03_zeleznicni_muzeum.jpg\"><img loading=\"lazy\" class=\"alignnone size-medium wp-image-396\" src=\"https:\/\/2015.ostravskamuzejninoc.cz\/wp-content\/uploads\/2015\/05\/03_zeleznicni_muzeum-300x225.jpg\" alt=\"03_zeleznicni_muzeum\" width=\"300\" height=\"225\" srcset=\"https:\/\/2015.ostravskamuzejninoc.cz\/wp-content\/uploads\/2015\/05\/03_zeleznicni_muzeum-300x225.jpg 300w, https:\/\/2015.ostravskamuzejninoc.cz\/wp-content\/uploads\/2015\/05\/03_zeleznicni_muzeum.jpg 800w\" sizes=\"(max-width: 300px) 100vw, 300px\" \/><\/a><\/p>\n<h2><\/h2>\n<\/div>\n<\/td>\n<\/tr>\n<\/tbody>\n<\/table>\n<p><\/p>","protected":false},"excerpt":{"rendered":"<p>Muzeum Kolejnictwa Morawsko-\u015bl\u0105skiego, organizacja po\u017cytku spo\u0142ecznego. Podczas Ostrawskiej Nocy Muze\u00f3w zostan\u0105 udost\u0119pnione sale wystawowe z now\u0105 ekspozycj\u0105 (otwart\u0105 w kwietniu 2015), dalej model kolei oraz zabytkowe urz\u0105dzenia kolejowe. 17.00\u201323.00 Wyj\u0105tkowe zwiedzanie Najm\u0142odsze dzieci b\u0119d\u0105 mia\u0142y do dyspozycji drewniany model konstrukcyjny kolejki, dzieci starsze mog\u0105 na modelu kolei wypr\u00f3bowa\u0107 kierowanie jazd\u0105 poci\u0105g\u00f3w i przestawianie zwrotnic. Wszystkich [&hellip;]<\/p>\n","protected":false},"author":1,"featured_media":0,"parent":0,"menu_order":0,"comment_status":"closed","ping_status":"closed","template":"","meta":[],"_links":{"self":[{"href":"https:\/\/2015.ostravskamuzejninoc.cz\/pl\/wp-json\/wp\/v2\/pages\/208"}],"collection":[{"href":"https:\/\/2015.ostravskamuzejninoc.cz\/pl\/wp-json\/wp\/v2\/pages"}],"about":[{"href":"https:\/\/2015.ostravskamuzejninoc.cz\/pl\/wp-json\/wp\/v2\/types\/page"}],"author":[{"embeddable":true,"href":"https:\/\/2015.ostravskamuzejninoc.cz\/pl\/wp-json\/wp\/v2\/users\/1"}],"replies":[{"embeddable":true,"href":"https:\/\/2015.ostravskamuzejninoc.cz\/pl\/wp-json\/wp\/v2\/comments?post=208"}],"version-history":[{"count":9,"href":"https:\/\/2015.ostravskamuzejninoc.cz\/pl\/wp-json\/wp\/v2\/pages\/208\/revisions"}],"predecessor-version":[{"id":812,"href":"https:\/\/2015.ostravskamuzejninoc.cz\/pl\/wp-json\/wp\/v2\/pages\/208\/revisions\/812"}],"wp:attachment":[{"href":"https:\/\/2015.ostravskamuzejninoc.cz\/pl\/wp-json\/wp\/v2\/media?parent=208"}],"curies":[{"name":"wp","href":"https:\/\/api.w.org\/{rel}","templated":true}]}}