{"id":214,"date":"2015-05-01T09:28:41","date_gmt":"2015-05-01T08:28:41","guid":{"rendered":"http:\/\/2015.ostravskamuzejninoc.cz\/?page_id=214"},"modified":"2015-05-28T11:22:35","modified_gmt":"2015-05-28T10:22:35","slug":"cesky-planetarium-ostrava","status":"publish","type":"page","link":"https:\/\/2015.ostravskamuzejninoc.cz\/pl\/cesky-planetarium-ostrava\/","title":{"rendered":"Planetarium Ostrawa"},"content":{"rendered":"<p><\/p>\n<table class=\"alignleft\" border=\"0\" width=\"700\" cellspacing=\"0\" cellpadding=\"0\">\n<tbody>\n<tr>\n<td valign=\"top\" width=\"380\">\n<h1><strong>Planetarium Ostrawa<\/strong><\/h1>\n<p><strong>Wy\u017csza Szko\u0142a G\u00f3rnicza \u2013 Uniwersytet Techniczny Ostrawa<\/strong><\/p>\n<p>Pozw\u00f3lcie sobie na zapatrzenie si\u0119 w kosmos \u2013 czy to podczas projekcji w sali planetarium czy te\u017c przy obserwacji nieba przez astronomiczne teleskopy. Zawitajcie do w\u0142a\u015bnie zmodernizowanego ostrawskiego planetarium.<\/p>\n<h5>17.00\u201322.30<\/h5>\n<h3>Zwiedzanie bez przewodnika \u201eExperiment\u00e1ria\u201c<\/h3>\n<p>Obserwacja nieba przez astronomiczne teleskopy w obserwatorium lub w amfiteatrze.<\/p>\n<h5>17.00\u201322.00<\/h5>\n<h3>Przyk\u0142ady projekcji w sali planetarium (co 30 minut)<\/h3>\n<p>Konieczne wcze\u015bniejsze zarezerwowanie miejsca.<\/p>\n<p>Quizy i konkursy \u2013 imprezy towarzysz\u0105ce.<\/p>\n<h2>Kontakt:<\/h2>\n<p>Planet\u00e1rium Ostrava<\/p>\n<p>K\u00a0Planet\u00e1riu 502, Ostrava \u2013 Kr\u00e1sn\u00e9 Pole<br \/>\nE-mail: <a href=\"mailto:planetarium@vsb.cz\">planetarium@vsb.cz<\/a><br \/>\nWeb: <a href=\"https:\/\/www.planetariumostrava.cz\" target=\"_blank\">www.planetariumostrava.cz<\/a><br \/>\nTel.: 596\u00a0994 950<\/td>\n<td width=\"20\"><\/td>\n<td valign=\"top\" width=\"300\"><img loading=\"lazy\" class=\"alignleft size-medium wp-image-451\" src=\"https:\/\/2014.ostravskamuzejninoc.cz\/wp-content\/uploads\/2014\/05\/planetarium_logo-300x243.png\" alt=\"planetarium_logo\" width=\"300\" height=\"243\" \/>\u00a0<a href=\"https:\/\/2015.ostravskamuzejninoc.cz\/wp-content\/uploads\/2015\/05\/01_planetarium.jpg\"><img loading=\"lazy\" class=\"alignnone size-medium wp-image-398\" src=\"https:\/\/2015.ostravskamuzejninoc.cz\/wp-content\/uploads\/2015\/05\/01_planetarium-300x142.jpg\" alt=\"01_planetarium\" width=\"300\" height=\"142\" srcset=\"https:\/\/2015.ostravskamuzejninoc.cz\/wp-content\/uploads\/2015\/05\/01_planetarium-300x142.jpg 300w, https:\/\/2015.ostravskamuzejninoc.cz\/wp-content\/uploads\/2015\/05\/01_planetarium.jpg 800w\" sizes=\"(max-width: 300px) 100vw, 300px\" \/><\/a> <a href=\"https:\/\/2015.ostravskamuzejninoc.cz\/wp-content\/uploads\/2015\/05\/02_planetarium.jpg\"><img loading=\"lazy\" class=\"alignnone size-medium wp-image-399\" src=\"https:\/\/2015.ostravskamuzejninoc.cz\/wp-content\/uploads\/2015\/05\/02_planetarium-300x200.jpg\" alt=\"02_planetarium\" width=\"300\" height=\"200\" srcset=\"https:\/\/2015.ostravskamuzejninoc.cz\/wp-content\/uploads\/2015\/05\/02_planetarium-300x200.jpg 300w, https:\/\/2015.ostravskamuzejninoc.cz\/wp-content\/uploads\/2015\/05\/02_planetarium.jpg 800w\" sizes=\"(max-width: 300px) 100vw, 300px\" \/><\/a><\/td>\n<\/tr>\n<\/tbody>\n<\/table>\n<p><\/p>","protected":false},"excerpt":{"rendered":"<p>Planetarium Ostrawa Wy\u017csza Szko\u0142a G\u00f3rnicza \u2013 Uniwersytet Techniczny Ostrawa Pozw\u00f3lcie sobie na zapatrzenie si\u0119 w kosmos \u2013 czy to podczas projekcji w sali planetarium czy te\u017c przy obserwacji nieba przez astronomiczne teleskopy. Zawitajcie do w\u0142a\u015bnie zmodernizowanego ostrawskiego planetarium. 17.00\u201322.30 Zwiedzanie bez przewodnika \u201eExperiment\u00e1ria\u201c Obserwacja nieba przez astronomiczne teleskopy w obserwatorium lub w amfiteatrze. 17.00\u201322.00 Przyk\u0142ady [&hellip;]<\/p>\n","protected":false},"author":1,"featured_media":0,"parent":0,"menu_order":0,"comment_status":"closed","ping_status":"closed","template":"","meta":[],"_links":{"self":[{"href":"https:\/\/2015.ostravskamuzejninoc.cz\/pl\/wp-json\/wp\/v2\/pages\/214"}],"collection":[{"href":"https:\/\/2015.ostravskamuzejninoc.cz\/pl\/wp-json\/wp\/v2\/pages"}],"about":[{"href":"https:\/\/2015.ostravskamuzejninoc.cz\/pl\/wp-json\/wp\/v2\/types\/page"}],"author":[{"embeddable":true,"href":"https:\/\/2015.ostravskamuzejninoc.cz\/pl\/wp-json\/wp\/v2\/users\/1"}],"replies":[{"embeddable":true,"href":"https:\/\/2015.ostravskamuzejninoc.cz\/pl\/wp-json\/wp\/v2\/comments?post=214"}],"version-history":[{"count":15,"href":"https:\/\/2015.ostravskamuzejninoc.cz\/pl\/wp-json\/wp\/v2\/pages\/214\/revisions"}],"predecessor-version":[{"id":813,"href":"https:\/\/2015.ostravskamuzejninoc.cz\/pl\/wp-json\/wp\/v2\/pages\/214\/revisions\/813"}],"wp:attachment":[{"href":"https:\/\/2015.ostravskamuzejninoc.cz\/pl\/wp-json\/wp\/v2\/media?parent=214"}],"curies":[{"name":"wp","href":"https:\/\/api.w.org\/{rel}","templated":true}]}}