{"id":225,"date":"2015-05-01T09:39:35","date_gmt":"2015-05-01T08:39:35","guid":{"rendered":"http:\/\/2015.ostravskamuzejninoc.cz\/?page_id=225"},"modified":"2015-05-28T11:26:24","modified_gmt":"2015-05-28T10:26:24","slug":"cesky-dolni-vitkovice","status":"publish","type":"page","link":"https:\/\/2015.ostravskamuzejninoc.cz\/pl\/cesky-dolni-vitkovice\/","title":{"rendered":"Dolne Witkowice"},"content":{"rendered":"<p><\/p>\n<table class=\"alignleft\" border=\"0\" width=\"700\" cellspacing=\"0\" cellpadding=\"0\">\n<tbody>\n<tr>\n<td valign=\"top\" width=\"380\">\n<h1>Dolne Witkowice<\/h1>\n<h5>18.00\u201324.00<\/h5>\n<h3>Zorganizowane zwiedzanie z przewodnikiem tras\u0105 Szlakiem W\u0119gla<\/h3>\n<p>Zwiedzanie z przewodnikiem unikatowego europejskiego terenu poprzemys\u0142owego, gdzie produkcj\u0119 sur\u00f3wki \u017celaza zast\u0105piono nietradycyjn\u0105 form\u0105 edukacji, kultury, sztuki i zabawy.<\/p>\n<p>Mo\u017cecie si\u0119 Pa\u0144stwo cieszy\u0107 na zwiedzanie terenu witkowickich wielkich piec\u00f3w, kopalni Hlubina oraz baterii koksowniczych, kt\u00f3re razem tworzy\u0142y proces produkcji sur\u00f3wki \u017celaza. Czekaj\u0105 na Pa\u0144stwa szczeg\u00f3\u0142owe informacje o historii tego miejsca, procesach produkcyjnych i przysz\u0142ych przemianach tego terenu. W Wielkim \u015awiecie Techniki mog\u0105 Pa\u0144stwo za darmo skorzysta\u0107 z jazdy w \u017cyroskopie oraz wczu\u0107 si\u0119 w po\u0142o\u017cenie pilota my\u015bliwca prze\u017cywaj\u0105cego przeci\u0105\u017cenie 3G.<\/p>\n<p>Istnieje mo\u017cliwo\u015b\u0107 skorzystania tak\u017ce z p\u0142atnego zwiedzania<\/p>\n<h5>18.00\u201324.00<\/h5>\n<h3>Zwiedzanie Wielkiego Pieca nr 1 (VP1)<\/h3>\n<p>Wjazd d\u017awigiem osobowym, budz\u0105cy emocje widok nocnej panoramy Ostrawy, zwiedzanie dyspozytorni i samego wn\u0119trza wielkiego pieca. Ostatnia sprzeda\u017c wej\u015bci\u00f3wek o godz. 23.<\/p>\n<p>Wej\u015bci\u00f3wka VP 1 bez nadbud\u00f3wki: 150,- koron na osob\u0119 doros\u0142\u0105, 90,- koron bilet ulgowy.<\/p>\n<p>Wej\u015bci\u00f3wka VP1 w wyjazdem na nadbud\u00f3wk\u0119 190,- koron na osob\u0119 doros\u0142\u0105, 130,- koron bilet ulgowy.<\/p>\n<h5>18.00\u201324.00<\/h5>\n<h3>Zwiedzanie Ma\u0142ego \u015awiata Techniki (U 6)<\/h3>\n<p>Wystawy techniki dla ma\u0142ych i du\u017cych zwiedzaj\u0105cych. Sprzeda\u017c wej\u015bci\u00f3wek do godz. 23 na recepcji w budynku U 6.<\/p>\n<p>Wej\u015bci\u00f3wka: 110, &#8211; koron na osob\u0119 doros\u0142\u0105, 70,- koron na osob\u0119 bilet ulgowy.<\/p>\n<h5>18.00\u201324.00<\/h5>\n<h3>Zwiedzanie Wielkiego \u015awiata Techniki<\/h3>\n<p>Zapraszamy Pa\u0144stwa na setki zabawnych atrakcji, kt\u00f3re bawi\u0105 i ucz\u0105 w najr\u00f3\u017cniejszych dziadzinach \u017cycia, naukach przyrodniczych i technicznych. Sprzeda\u017c wej\u015bci\u00f3wek do godz. 23 na recepcji w budynku \u015awiata Techniki.<\/p>\n<p>Wej\u015bci\u00f3wka: 190,- koron na osob\u0119 doros\u0142\u0105, 130,- koron na osob\u0119 &#8211; bilet ulgowy<\/p>\n<h2>Kontakt:<\/h2>\n<p align=\"left\">Doln\u00ed oblast V\u00edtkovice<br \/>\nRusk\u00e1 2993<br \/>\n706 02 Ostrava-V\u00edtkovice<br \/>\nE-mail: <a href=\"mailto:nkp@vitkovice.cz\">nkp@vitkovice.cz<\/a><br \/>\nWeb: <a href=\"https:\/\/www.dolnioblastvitkovice.cz\/\" target=\"_blank\">www.dolnioblastvitkovice.cz<\/a><br \/>\nTel.: 724 955 121<\/p>\n<\/td>\n<td width=\"20\"><\/td>\n<td valign=\"top\" width=\"300\">\n<h2><img loading=\"lazy\" class=\"alignnone size-full wp-image-449\" src=\"https:\/\/2013.ostravskamuzejninoc.cz\/wp-content\/uploads\/2013\/04\/logo_dolni_vitkovice.png\" alt=\"logo_dolni_vitkovice\" width=\"250\" height=\"215\" \/><\/h2>\n<h2><a href=\"https:\/\/2015.ostravskamuzejninoc.cz\/wp-content\/uploads\/2015\/05\/01_dov.jpg\"><img loading=\"lazy\" class=\"alignnone size-medium wp-image-411\" src=\"https:\/\/2015.ostravskamuzejninoc.cz\/wp-content\/uploads\/2015\/05\/01_dov-300x200.jpg\" alt=\"DOM\u00c1C\u00cd- OSTRAVA-V\u00cdTKOVICE- KULTURA- VYSOK\u00c1 PEC- OSV\u011aTLEN\u00cd\" width=\"300\" height=\"200\" srcset=\"https:\/\/2015.ostravskamuzejninoc.cz\/wp-content\/uploads\/2015\/05\/01_dov-300x200.jpg 300w, https:\/\/2015.ostravskamuzejninoc.cz\/wp-content\/uploads\/2015\/05\/01_dov.jpg 800w\" sizes=\"(max-width: 300px) 100vw, 300px\" \/><\/a> <a href=\"https:\/\/2015.ostravskamuzejninoc.cz\/wp-content\/uploads\/2015\/05\/02_dov.jpg\"><img loading=\"lazy\" class=\"alignnone size-medium wp-image-412\" src=\"https:\/\/2015.ostravskamuzejninoc.cz\/wp-content\/uploads\/2015\/05\/02_dov-300x200.jpg\" alt=\"02_dov\" width=\"300\" height=\"200\" srcset=\"https:\/\/2015.ostravskamuzejninoc.cz\/wp-content\/uploads\/2015\/05\/02_dov-300x200.jpg 300w, https:\/\/2015.ostravskamuzejninoc.cz\/wp-content\/uploads\/2015\/05\/02_dov.jpg 800w\" sizes=\"(max-width: 300px) 100vw, 300px\" \/><\/a> <a href=\"https:\/\/2015.ostravskamuzejninoc.cz\/wp-content\/uploads\/2015\/05\/04_dov.jpg\"><img loading=\"lazy\" class=\"alignnone size-medium wp-image-414\" src=\"https:\/\/2015.ostravskamuzejninoc.cz\/wp-content\/uploads\/2015\/05\/04_dov-300x203.jpg\" alt=\"04_dov\" width=\"300\" height=\"203\" srcset=\"https:\/\/2015.ostravskamuzejninoc.cz\/wp-content\/uploads\/2015\/05\/04_dov-300x203.jpg 300w, https:\/\/2015.ostravskamuzejninoc.cz\/wp-content\/uploads\/2015\/05\/04_dov.jpg 800w\" sizes=\"(max-width: 300px) 100vw, 300px\" \/><\/a><\/h2>\n<h2><a href=\"https:\/\/2015.ostravskamuzejninoc.cz\/wp-content\/uploads\/2015\/05\/03_dov.jpg\"><img loading=\"lazy\" class=\"alignnone size-medium wp-image-413\" src=\"https:\/\/2015.ostravskamuzejninoc.cz\/wp-content\/uploads\/2015\/05\/03_dov-200x300.jpg\" alt=\"03_dov\" width=\"200\" height=\"300\" srcset=\"https:\/\/2015.ostravskamuzejninoc.cz\/wp-content\/uploads\/2015\/05\/03_dov-200x300.jpg 200w, https:\/\/2015.ostravskamuzejninoc.cz\/wp-content\/uploads\/2015\/05\/03_dov.jpg 533w\" sizes=\"(max-width: 200px) 100vw, 200px\" \/><\/a><\/h2>\n<h2><\/h2>\n<h2><\/h2>\n<\/td>\n<\/tr>\n<\/tbody>\n<\/table>\n<p><\/p>","protected":false},"excerpt":{"rendered":"<p>Dolne Witkowice 18.00\u201324.00 Zorganizowane zwiedzanie z przewodnikiem tras\u0105 Szlakiem W\u0119gla Zwiedzanie z przewodnikiem unikatowego europejskiego terenu poprzemys\u0142owego, gdzie produkcj\u0119 sur\u00f3wki \u017celaza zast\u0105piono nietradycyjn\u0105 form\u0105 edukacji, kultury, sztuki i zabawy. Mo\u017cecie si\u0119 Pa\u0144stwo cieszy\u0107 na zwiedzanie terenu witkowickich wielkich piec\u00f3w, kopalni Hlubina oraz baterii koksowniczych, kt\u00f3re razem tworzy\u0142y proces produkcji sur\u00f3wki \u017celaza. Czekaj\u0105 na Pa\u0144stwa szczeg\u00f3\u0142owe [&hellip;]<\/p>\n","protected":false},"author":1,"featured_media":0,"parent":0,"menu_order":0,"comment_status":"closed","ping_status":"closed","template":"","meta":[],"_links":{"self":[{"href":"https:\/\/2015.ostravskamuzejninoc.cz\/pl\/wp-json\/wp\/v2\/pages\/225"}],"collection":[{"href":"https:\/\/2015.ostravskamuzejninoc.cz\/pl\/wp-json\/wp\/v2\/pages"}],"about":[{"href":"https:\/\/2015.ostravskamuzejninoc.cz\/pl\/wp-json\/wp\/v2\/types\/page"}],"author":[{"embeddable":true,"href":"https:\/\/2015.ostravskamuzejninoc.cz\/pl\/wp-json\/wp\/v2\/users\/1"}],"replies":[{"embeddable":true,"href":"https:\/\/2015.ostravskamuzejninoc.cz\/pl\/wp-json\/wp\/v2\/comments?post=225"}],"version-history":[{"count":12,"href":"https:\/\/2015.ostravskamuzejninoc.cz\/pl\/wp-json\/wp\/v2\/pages\/225\/revisions"}],"predecessor-version":[{"id":814,"href":"https:\/\/2015.ostravskamuzejninoc.cz\/pl\/wp-json\/wp\/v2\/pages\/225\/revisions\/814"}],"wp:attachment":[{"href":"https:\/\/2015.ostravskamuzejninoc.cz\/pl\/wp-json\/wp\/v2\/media?parent=225"}],"curies":[{"name":"wp","href":"https:\/\/api.w.org\/{rel}","templated":true}]}}