{"id":230,"date":"2015-05-01T09:42:39","date_gmt":"2015-05-01T08:42:39","guid":{"rendered":"http:\/\/2015.ostravskamuzejninoc.cz\/?page_id=230"},"modified":"2015-05-28T11:28:14","modified_gmt":"2015-05-28T10:28:14","slug":"landek-park","status":"publish","type":"page","link":"https:\/\/2015.ostravskamuzejninoc.cz\/pl\/landek-park\/","title":{"rendered":"Landek Park"},"content":{"rendered":"<p><\/p>\n<table class=\"alignleft\" border=\"0\" width=\"700\" cellspacing=\"0\" cellpadding=\"0\">\n<tbody>\n<tr>\n<td valign=\"top\" width=\"380\">\n<h1>Landek Park<\/h1>\n<h5>18.00\u201324.00<\/h5>\n<h3>Landek Park z najwi\u0119ksz\u0105 ekspozycj\u0105 techniki wydobywczej w RC<\/h3>\n<p>Wyj\u0105tkowy Landek Park oferuje zwiedzaj\u0105cym unikatow\u0105 wystaw\u0119 ratownictwa g\u00f3rniczego oraz <em>lapidarium<\/em> ci\u0119\u017ckich maszyn wydobywczych. Ostatnia tura zwiedzania rozpoczyna si\u0119 o godzinie 23.<\/p>\n<p>Istnieje mo\u017cliwo\u015b\u0107 skorzystania z p\u0142atnego zwiedzania podziemnej ekspozycji.<\/p>\n<p>Do\u015bwiadczeni g\u00f3rnicy oprowadz\u0105 Pa\u0144stwa 250 metrow\u0105 tras\u0105 kopalnianych wyrobisk i zaznajomi\u0105 zwiedzaj\u0105cych ze sposobami wydobywania w\u0119gla. Ostatnie zwiedzanie rozpoczyna si\u0119 o godz. 23.00<\/p>\n<p>Wej\u015bci\u00f3wka: 90, &#8211; koron bilet dla doros\u0142ego, 50,- koron bilet ulgowy.<\/p>\n<h2>Kontakt:<\/h2>\n<p>Landek Park<br \/>\nPod Landekem 64, 725 29 Ostrava-Pet\u0159kovice<br \/>\nE-mail: <a href=\"mailto:landekpark@vitkovice.cz\">landekpark@vitkovice.cz<\/a><br \/>\nWeb: <a href=\"https:\/\/www.landekpark.cz\/\" target=\"_blank\">www.landekpark.cz<\/a><br \/>\nTel.: 596 131\u00a0804<\/td>\n<td width=\"20\"><\/td>\n<td valign=\"top\" width=\"300\">\u00a0\u00a0<img loading=\"lazy\" class=\"alignnone size-full wp-image-541\" src=\"https:\/\/2013.ostravskamuzejninoc.cz\/wp-content\/uploads\/2013\/05\/logo_LANDEKPARK.png\" alt=\"logo_LANDEKPARK\" width=\"183\" height=\"167\" \/><a href=\"https:\/\/2015.ostravskamuzejninoc.cz\/wp-content\/uploads\/2015\/05\/01_landek_2015.jpg\"><img loading=\"lazy\" class=\"alignnone size-medium wp-image-418\" src=\"https:\/\/2015.ostravskamuzejninoc.cz\/wp-content\/uploads\/2015\/05\/01_landek_2015-300x200.jpg\" alt=\"01_landek_2015\" width=\"300\" height=\"200\" srcset=\"https:\/\/2015.ostravskamuzejninoc.cz\/wp-content\/uploads\/2015\/05\/01_landek_2015-300x200.jpg 300w, https:\/\/2015.ostravskamuzejninoc.cz\/wp-content\/uploads\/2015\/05\/01_landek_2015.jpg 800w\" sizes=\"(max-width: 300px) 100vw, 300px\" \/><\/a><\/p>\n<p><img loading=\"lazy\" class=\"alignnone size-full wp-image-538\" src=\"https:\/\/2013.ostravskamuzejninoc.cz\/wp-content\/uploads\/2013\/05\/landek_2012_01.jpg\" alt=\"landek_2012_01\" width=\"280\" height=\"187\" \/><\/td>\n<\/tr>\n<\/tbody>\n<\/table>\n<p><\/p>","protected":false},"excerpt":{"rendered":"<p>Landek Park 18.00\u201324.00 Landek Park z najwi\u0119ksz\u0105 ekspozycj\u0105 techniki wydobywczej w RC Wyj\u0105tkowy Landek Park oferuje zwiedzaj\u0105cym unikatow\u0105 wystaw\u0119 ratownictwa g\u00f3rniczego oraz lapidarium ci\u0119\u017ckich maszyn wydobywczych. Ostatnia tura zwiedzania rozpoczyna si\u0119 o godzinie 23. Istnieje mo\u017cliwo\u015b\u0107 skorzystania z p\u0142atnego zwiedzania podziemnej ekspozycji. Do\u015bwiadczeni g\u00f3rnicy oprowadz\u0105 Pa\u0144stwa 250 metrow\u0105 tras\u0105 kopalnianych wyrobisk i zaznajomi\u0105 zwiedzaj\u0105cych ze [&hellip;]<\/p>\n","protected":false},"author":1,"featured_media":0,"parent":0,"menu_order":0,"comment_status":"closed","ping_status":"closed","template":"","meta":[],"_links":{"self":[{"href":"https:\/\/2015.ostravskamuzejninoc.cz\/pl\/wp-json\/wp\/v2\/pages\/230"}],"collection":[{"href":"https:\/\/2015.ostravskamuzejninoc.cz\/pl\/wp-json\/wp\/v2\/pages"}],"about":[{"href":"https:\/\/2015.ostravskamuzejninoc.cz\/pl\/wp-json\/wp\/v2\/types\/page"}],"author":[{"embeddable":true,"href":"https:\/\/2015.ostravskamuzejninoc.cz\/pl\/wp-json\/wp\/v2\/users\/1"}],"replies":[{"embeddable":true,"href":"https:\/\/2015.ostravskamuzejninoc.cz\/pl\/wp-json\/wp\/v2\/comments?post=230"}],"version-history":[{"count":7,"href":"https:\/\/2015.ostravskamuzejninoc.cz\/pl\/wp-json\/wp\/v2\/pages\/230\/revisions"}],"predecessor-version":[{"id":816,"href":"https:\/\/2015.ostravskamuzejninoc.cz\/pl\/wp-json\/wp\/v2\/pages\/230\/revisions\/816"}],"wp:attachment":[{"href":"https:\/\/2015.ostravskamuzejninoc.cz\/pl\/wp-json\/wp\/v2\/media?parent=230"}],"curies":[{"name":"wp","href":"https:\/\/api.w.org\/{rel}","templated":true}]}}