{"id":233,"date":"2015-05-01T09:47:15","date_gmt":"2015-05-01T08:47:15","guid":{"rendered":"http:\/\/2015.ostravskamuzejninoc.cz\/?page_id=233"},"modified":"2015-05-28T11:30:00","modified_gmt":"2015-05-28T10:30:00","slug":"coal-mine-michal","status":"publish","type":"page","link":"https:\/\/2015.ostravskamuzejninoc.cz\/pl\/coal-mine-michal\/","title":{"rendered":"Kopalnia Micha\u0142"},"content":{"rendered":"<p><\/p>\n<table class=\"alignleft\" border=\"0\" width=\"700\" cellspacing=\"0\" cellpadding=\"0\">\n<tbody>\n<tr>\n<td valign=\"top\" width=\"380\">\n<h1>Kopalnia Micha\u0142 \u2013 zabytek kultury narodowej<\/h1>\n<h5>17.00\u201323.45<\/h5>\n<h3>Zwiedzanie wystawy<\/h3>\n<p>Ale\u0161 Havl\u00e1sek przedstawi Pa\u0144stwu swoje fotografie o tematyce industrialnej wzbogacone o komentarz w stylizowanej gwarze ostrawskiej. Podczas \u201ePrysznica literackiego\u201d wej\u015bcie b\u0119dzie ograniczone tylko do widz\u00f3w tego programu (tj. 22.00\u201324.00).<\/p>\n<h5>18.30\u201323.45<\/h5>\n<h3>Warsztaty konserwatorskie i restauratorskie \u2013 program edukacyjny<\/h3>\n<p>W autentycznych pomieszczeniach Kopalni Micha\u0142 i pod nadzorem konserwatora zapoznamy Pa\u0144stwa\u00a0 nie tylko z poj\u0119ciami zwi\u0105zanymi z konserwacj\u0105 i restaurowaniem zabytk\u00f3w, ale tak\u017ce poka\u017cemy Pa\u0144stwu, jak przyk\u0142adowo w warunkach domowych troskliwie odnowi\u0107 stare metalowe przedmioty. Program jest przeznaczony dla doros\u0142ych i rodzin z dzie\u0107mi. Konieczna jest wcze\u015bniejsza rezerwacja miejsca.<\/p>\n<h5>22.00\u201324.00<\/h5>\n<h3>Prysznic literacki<\/h3>\n<p>Cykliczne spotkanie literat\u00f3w. Go\u015bci swojego programu przedstawi Jan\u00a0 Nem\u010dek. Tym razem Prysznic Literacki zostanie wzbogacony w atmosfer\u0119 smaku Ostrawskiej Nocy Muze\u00f3w.<\/td>\n<td width=\"20\"><\/td>\n<td valign=\"top\" width=\"300\">\n<h2><img loading=\"lazy\" class=\"alignleft  wp-image-374\" src=\"https:\/\/2014.ostravskamuzejninoc.cz\/wp-content\/uploads\/2014\/05\/logo_dul_michal.png\" alt=\"logo_dul_michal\" width=\"280\" height=\"280\" \/><\/h2>\n<p><a href=\"https:\/\/2015.ostravskamuzejninoc.cz\/wp-content\/uploads\/2015\/05\/01_dul_michal.jpg\"><img loading=\"lazy\" class=\"alignnone size-medium wp-image-421\" src=\"https:\/\/2015.ostravskamuzejninoc.cz\/wp-content\/uploads\/2015\/05\/01_dul_michal-300x200.jpg\" alt=\"01_dul_michal\" width=\"300\" height=\"200\" srcset=\"https:\/\/2015.ostravskamuzejninoc.cz\/wp-content\/uploads\/2015\/05\/01_dul_michal-300x200.jpg 300w, https:\/\/2015.ostravskamuzejninoc.cz\/wp-content\/uploads\/2015\/05\/01_dul_michal.jpg 800w\" sizes=\"(max-width: 300px) 100vw, 300px\" \/><\/a> <a href=\"https:\/\/2015.ostravskamuzejninoc.cz\/wp-content\/uploads\/2015\/05\/02_dul_michal.jpg\"><img loading=\"lazy\" class=\"alignnone size-medium wp-image-422\" src=\"https:\/\/2015.ostravskamuzejninoc.cz\/wp-content\/uploads\/2015\/05\/02_dul_michal-300x200.jpg\" alt=\"02_dul_michal\" width=\"300\" height=\"200\" srcset=\"https:\/\/2015.ostravskamuzejninoc.cz\/wp-content\/uploads\/2015\/05\/02_dul_michal-300x200.jpg 300w, https:\/\/2015.ostravskamuzejninoc.cz\/wp-content\/uploads\/2015\/05\/02_dul_michal.jpg 800w\" sizes=\"(max-width: 300px) 100vw, 300px\" \/><\/a> <a href=\"https:\/\/2015.ostravskamuzejninoc.cz\/wp-content\/uploads\/2015\/05\/03_dul_michal.jpg\"><img loading=\"lazy\" class=\"alignnone size-medium wp-image-423\" src=\"https:\/\/2015.ostravskamuzejninoc.cz\/wp-content\/uploads\/2015\/05\/03_dul_michal-300x225.jpg\" alt=\"03_dul_michal\" width=\"300\" height=\"225\" srcset=\"https:\/\/2015.ostravskamuzejninoc.cz\/wp-content\/uploads\/2015\/05\/03_dul_michal-300x225.jpg 300w, https:\/\/2015.ostravskamuzejninoc.cz\/wp-content\/uploads\/2015\/05\/03_dul_michal.jpg 800w\" sizes=\"(max-width: 300px) 100vw, 300px\" \/><\/a> <a href=\"https:\/\/2015.ostravskamuzejninoc.cz\/wp-content\/uploads\/2015\/05\/04_dul_michal.jpg\"><img loading=\"lazy\" class=\"alignnone size-medium wp-image-424\" src=\"https:\/\/2015.ostravskamuzejninoc.cz\/wp-content\/uploads\/2015\/05\/04_dul_michal-300x225.jpg\" alt=\"04_dul_michal\" width=\"300\" height=\"225\" srcset=\"https:\/\/2015.ostravskamuzejninoc.cz\/wp-content\/uploads\/2015\/05\/04_dul_michal-300x225.jpg 300w, https:\/\/2015.ostravskamuzejninoc.cz\/wp-content\/uploads\/2015\/05\/04_dul_michal.jpg 800w\" sizes=\"(max-width: 300px) 100vw, 300px\" \/><\/a> <a href=\"https:\/\/2015.ostravskamuzejninoc.cz\/wp-content\/uploads\/2015\/05\/05_dul_michal.jpg\"><img loading=\"lazy\" class=\"alignnone size-medium wp-image-425\" src=\"https:\/\/2015.ostravskamuzejninoc.cz\/wp-content\/uploads\/2015\/05\/05_dul_michal-300x208.jpg\" alt=\"05_dul_michal\" width=\"300\" height=\"208\" srcset=\"https:\/\/2015.ostravskamuzejninoc.cz\/wp-content\/uploads\/2015\/05\/05_dul_michal-300x208.jpg 300w, https:\/\/2015.ostravskamuzejninoc.cz\/wp-content\/uploads\/2015\/05\/05_dul_michal.jpg 800w\" sizes=\"(max-width: 300px) 100vw, 300px\" \/><\/a> <a href=\"https:\/\/2015.ostravskamuzejninoc.cz\/wp-content\/uploads\/2015\/05\/06_dul_michal.jpg\"><img loading=\"lazy\" class=\"alignnone size-medium wp-image-426\" src=\"https:\/\/2015.ostravskamuzejninoc.cz\/wp-content\/uploads\/2015\/05\/06_dul_michal-300x200.jpg\" alt=\"06_dul_michal\" width=\"300\" height=\"200\" srcset=\"https:\/\/2015.ostravskamuzejninoc.cz\/wp-content\/uploads\/2015\/05\/06_dul_michal-300x200.jpg 300w, https:\/\/2015.ostravskamuzejninoc.cz\/wp-content\/uploads\/2015\/05\/06_dul_michal.jpg 800w\" sizes=\"(max-width: 300px) 100vw, 300px\" \/><\/a><\/p>\n<h2>Kontakt:<\/h2>\n<p>D\u016fl Michal<br \/>\n\u010cSA 95\/413<br \/>\n715 00 Ostrava-Mich\u00e1lkovice<br \/>\nE-mail:\u00a0<a href=\"mailto:dulmichal@npu.cz\">dulmichal@npu.cz<\/a><br \/>\nWeb:\u00a0<a href=\"https:\/\/www.dul-michal.cz\/\" target=\"_blank\">www.dul-michal.cz<\/a><br \/>\nTel.: 724\u00a0664\u00a0010<\/td>\n<\/tr>\n<\/tbody>\n<\/table>\n<p><\/p>","protected":false},"excerpt":{"rendered":"<p>Kopalnia Micha\u0142 \u2013 zabytek kultury narodowej 17.00\u201323.45 Zwiedzanie wystawy Ale\u0161 Havl\u00e1sek przedstawi Pa\u0144stwu swoje fotografie o tematyce industrialnej wzbogacone o komentarz w stylizowanej gwarze ostrawskiej. Podczas \u201ePrysznica literackiego\u201d wej\u015bcie b\u0119dzie ograniczone tylko do widz\u00f3w tego programu (tj. 22.00\u201324.00). 18.30\u201323.45 Warsztaty konserwatorskie i restauratorskie \u2013 program edukacyjny W autentycznych pomieszczeniach Kopalni Micha\u0142 i pod nadzorem konserwatora [&hellip;]<\/p>\n","protected":false},"author":1,"featured_media":0,"parent":0,"menu_order":0,"comment_status":"closed","ping_status":"closed","template":"","meta":[],"_links":{"self":[{"href":"https:\/\/2015.ostravskamuzejninoc.cz\/pl\/wp-json\/wp\/v2\/pages\/233"}],"collection":[{"href":"https:\/\/2015.ostravskamuzejninoc.cz\/pl\/wp-json\/wp\/v2\/pages"}],"about":[{"href":"https:\/\/2015.ostravskamuzejninoc.cz\/pl\/wp-json\/wp\/v2\/types\/page"}],"author":[{"embeddable":true,"href":"https:\/\/2015.ostravskamuzejninoc.cz\/pl\/wp-json\/wp\/v2\/users\/1"}],"replies":[{"embeddable":true,"href":"https:\/\/2015.ostravskamuzejninoc.cz\/pl\/wp-json\/wp\/v2\/comments?post=233"}],"version-history":[{"count":11,"href":"https:\/\/2015.ostravskamuzejninoc.cz\/pl\/wp-json\/wp\/v2\/pages\/233\/revisions"}],"predecessor-version":[{"id":817,"href":"https:\/\/2015.ostravskamuzejninoc.cz\/pl\/wp-json\/wp\/v2\/pages\/233\/revisions\/817"}],"wp:attachment":[{"href":"https:\/\/2015.ostravskamuzejninoc.cz\/pl\/wp-json\/wp\/v2\/media?parent=233"}],"curies":[{"name":"wp","href":"https:\/\/api.w.org\/{rel}","templated":true}]}}