{"id":44,"date":"2015-04-28T14:22:51","date_gmt":"2015-04-28T13:22:51","guid":{"rendered":"http:\/\/2015.ostravskamuzejninoc.cz\/?page_id=44"},"modified":"2015-06-02T18:50:12","modified_gmt":"2015-06-02T17:50:12","slug":"polski-galerie-vytvarneho-umeni-v-ostrave","status":"publish","type":"page","link":"https:\/\/2015.ostravskamuzejninoc.cz\/pl\/polski-galerie-vytvarneho-umeni-v-ostrave\/","title":{"rendered":"Galeria Sztuk Plastycznych"},"content":{"rendered":"<p><\/p>\n<table class=\"alignleft\" border=\"0\" width=\"700\" cellspacing=\"0\" cellpadding=\"0\">\n<tbody>\n<tr>\n<td valign=\"top\" width=\"380\">\n<h1>Galeria Sztuk Plastycznych w Ostrawie, organizacja bud\u017cetowa<\/h1>\n<h5>17.00\u201323.45<\/h5>\n<h3>Indywidualne zwiedzanie wystawy FRANTA i Wojny cloud<\/h3>\n<h5>17.00\u201323.45<\/h5>\n<h3>Rysunek, Ruch, Przestrze\u0144 \u2013 otwarta pracownia GVUO<\/h3>\n<h5>17.00\u201318.30<\/h5>\n<h3>Wyst\u0119p i warsztaty grania na instrumentach etnicznych. Jana Hinkov\u00e1 (djembe, dijeridoo, misy tybeta\u0144skie<strong>)<\/strong><\/h3>\n<h5>17.00\u201319.00<\/h5>\n<h3>Monotypy \u2013 warsztaty grafiki Pavly Ly\u010dkowej<\/h3>\n<h5>17.00\u201319.00<\/h5>\n<h3>Na skrzyd\u0142ach<\/h3>\n<p>Warsztaty tw\u00f3rcze dla kreatywnych duszy wszystkich grup wiekowych. Za 30 koron mo\u017cecie Pa\u0144stwo wyprodukowa\u0107 z pi\u00f3rek, koralik\u00f3w oraz wisiork\u00f3w kolczyki, albo za 10 koron wytworzy\u0107 ptaszka, oryginaln\u0105 dekoracj\u0119.<\/p>\n<h5>18.00\u201320.00<\/h5>\n<h3>\u201eKalejdoskop\u201d \u2013 warsztaty tw\u00f3rcze<\/h3>\n<p>Zr\u00f3bcie sobie w\u0142astny kalejdoskop! Cena 70 koron za sztuk\u0119.<\/p>\n<h5>18.00\u201320.00<\/h5>\n<h3>\u00a0Warsztaty wytw\u00f3rcze przypinek<\/h3>\n<p>Zr\u00f3bcie sobie przypink\u0119 w\u0142astnego designu! Cena 20 lub 25 koron za sztuk\u0119 wg wielko\u015bci.<\/p>\n<h5>18.30\u201319.00<\/h5>\n<h3>Performance \u2013 rysunek cia\u0142em<\/h3>\n<p>Lucie Kurnick\u00e1, Terezie Ju\u0159\u00edkov\u00e1 \u2013 wiolonczela<\/p>\n<h5>18.30\u201319.20<\/h5>\n<h3>Kwak i Plums<\/h3>\n<p>Przedstawienie teatralne Theatr Ludem.<\/p>\n<h5>18.45\u201319.15<\/h5>\n<h3>Wyst\u0119p niewidomych tancerzy<\/h3>\n<h5>19.00\u201319.45<\/h5>\n<h3>Rysunek cia\u0142em Mark\u00e9ta Ondru\u0161kov\u00e1 \u2013 warsztaty emocjonalne<\/h3>\n<p>Konieczno\u015b\u0107 rezerwacji miejsca.<\/p>\n<h5>19.30\u201319.55<\/h5>\n<h3>Ciche rytmy \u2013 wyst\u0119p nies\u0142ysz\u0105cych perkusist\u00f3w<\/h3>\n<h5>20.15\u201320.45<\/h5>\n<h3>Droga przez labirynt Andrei Isabelli Solich przy akompaniamencie muzyki o w\u0142a\u015bciwo\u015bciach leczniczych<\/h3>\n<h5>20.00\u201321.30<\/h5>\n<h3>Erotyka w \u015bredniowieczu \u2013 prelekcja Marka Z\u00e1gory<\/h3>\n<h5>20.00\u201320.45<\/h5>\n<h3>Rysunek cia\u0142em Mark\u00e9ta Ondru\u0161kov\u00e1 \u2013 warsztaty emocjonalne<\/h3>\n<p>Konieczno\u015b\u0107 rezerwacji miejsca.<\/p>\n<h5>22.00\u201323.00<\/h5>\n<h3>Mamal\u00f6r (Alternative-world music \/ Ostrava)<\/h3>\n<p>Stoisko z instrumentami muzycznymi \u2013 Filip Jantula, Rostislav \u017d\u010f\u00e1rsk\u00fd (kije deszczowe-zaklinacze deszczu, grzechotki, flety)<\/p>\n<p>Bufet w kawiarni.<\/p>\n<p>W ogrodzie Galerii Sztuki mog\u0105 Pa\u0144stwo skosztowa\u0107 oryginalnych nale\u015bnik\u00f3w z Bretanii w wariancie s\u0142onym i s\u0142odkim, kt\u00f3re przygotuje Yves Gu\u00e9vellou.<\/p>\n<p>GVUO zastrzega zmian\u0119 programu.<\/td>\n<td width=\"20\"><\/td>\n<td valign=\"top\" width=\"300\"><img loading=\"lazy\" class=\"alignnone size-full wp-image-128\" src=\"https:\/\/2013.ostravskamuzejninoc.cz\/wp-content\/uploads\/2013\/04\/logo_gvuo.png\" alt=\"logo_gvuo\" width=\"300\" height=\"119\" \/><\/p>\n<h2>Kontakt:<\/h2>\n<p>Galeria Sztuk Plastycznych<br \/>\norganizacja bud\u017cetowa<\/p>\n<p>Jure\u010dkova 9, 702 00 Ostrava<br \/>\nE-mail:<span class=\"Apple-converted-space\">\u00a0<\/span><a href=\"mailto:info@gvuo.cz\">info@gvuo.cz<\/a><br \/>\nWeb:<span class=\"Apple-converted-space\">\u00a0<\/span><a href=\"https:\/\/www.gvuo.cz\/\" target=\"_blank\">www.gvuo.cz<\/a><br \/>\nTel.: 596 112 566, 596 115 425<\/p>\n<p><a class=\"cboxElement\" title=\"Galeria Sztuk Plastycznych\" href=\"https:\/\/www.2014.ostravskamuzejninoc.cz\/wp-content\/uploads\/2014\/05\/gvuo_budova.jpg\" rel=\"lightbox[105]\"><img loading=\"lazy\" class=\"alignleft size-medium wp-image-115\" src=\"https:\/\/2014.ostravskamuzejninoc.cz\/wp-content\/uploads\/2014\/05\/gvuo_budova-300x128.jpg\" alt=\"gvuo_budova\" width=\"300\" height=\"128\" \/><\/a><a href=\"https:\/\/2015.ostravskamuzejninoc.cz\/wp-content\/uploads\/2015\/04\/01_gvuo.jpg\"><img loading=\"lazy\" class=\"alignnone size-thumbnail wp-image-271\" src=\"https:\/\/2015.ostravskamuzejninoc.cz\/wp-content\/uploads\/2015\/04\/01_gvuo-150x150.jpg\" alt=\"01_gvuo\" width=\"150\" height=\"150\" \/><\/a> <a href=\"https:\/\/2015.ostravskamuzejninoc.cz\/wp-content\/uploads\/2015\/04\/02_gvuo.jpg\"><img loading=\"lazy\" class=\"alignnone size-thumbnail wp-image-272\" src=\"https:\/\/2015.ostravskamuzejninoc.cz\/wp-content\/uploads\/2015\/04\/02_gvuo-150x150.jpg\" alt=\"02_gvuo\" width=\"150\" height=\"150\" srcset=\"https:\/\/2015.ostravskamuzejninoc.cz\/wp-content\/uploads\/2015\/04\/02_gvuo-150x150.jpg 150w, https:\/\/2015.ostravskamuzejninoc.cz\/wp-content\/uploads\/2015\/04\/02_gvuo-300x300.jpg 300w, https:\/\/2015.ostravskamuzejninoc.cz\/wp-content\/uploads\/2015\/04\/02_gvuo.jpg 800w\" sizes=\"(max-width: 150px) 100vw, 150px\" \/><\/a> <a href=\"https:\/\/2015.ostravskamuzejninoc.cz\/wp-content\/uploads\/2015\/04\/03_gvuo.jpg\"><img loading=\"lazy\" class=\"alignnone size-thumbnail wp-image-273\" src=\"https:\/\/2015.ostravskamuzejninoc.cz\/wp-content\/uploads\/2015\/04\/03_gvuo-150x150.jpg\" alt=\"03_gvuo\" width=\"150\" height=\"150\" \/><\/a> <a href=\"https:\/\/2015.ostravskamuzejninoc.cz\/wp-content\/uploads\/2015\/04\/04_gvuo.jpg\"><img loading=\"lazy\" class=\"alignnone size-thumbnail wp-image-274\" src=\"https:\/\/2015.ostravskamuzejninoc.cz\/wp-content\/uploads\/2015\/04\/04_gvuo-150x150.jpg\" alt=\"04_gvuo\" width=\"150\" height=\"150\" \/><\/a> <a href=\"https:\/\/2015.ostravskamuzejninoc.cz\/wp-content\/uploads\/2015\/04\/05_gvuo.jpg\"><img loading=\"lazy\" class=\"alignnone size-thumbnail wp-image-275\" src=\"https:\/\/2015.ostravskamuzejninoc.cz\/wp-content\/uploads\/2015\/04\/05_gvuo-150x150.jpg\" alt=\"05_gvuo\" width=\"150\" height=\"150\" srcset=\"https:\/\/2015.ostravskamuzejninoc.cz\/wp-content\/uploads\/2015\/04\/05_gvuo-150x150.jpg 150w, https:\/\/2015.ostravskamuzejninoc.cz\/wp-content\/uploads\/2015\/04\/05_gvuo-300x300.jpg 300w, https:\/\/2015.ostravskamuzejninoc.cz\/wp-content\/uploads\/2015\/04\/05_gvuo.jpg 800w\" sizes=\"(max-width: 150px) 100vw, 150px\" \/><\/a><\/td>\n<\/tr>\n<\/tbody>\n<\/table>\n<table class=\"alignleft\" border=\"0\" width=\"700\" cellspacing=\"0\" cellpadding=\"0\">\n<tbody>\n<tr>\n<td valign=\"top\" width=\"380\"><\/td>\n<td width=\"20\"><\/td>\n<td valign=\"top\" width=\"300\"><\/td>\n<\/tr>\n<\/tbody>\n<\/table>\n<p><\/p>","protected":false},"excerpt":{"rendered":"<p>Galeria Sztuk Plastycznych w Ostrawie, organizacja bud\u017cetowa 17.00\u201323.45 Indywidualne zwiedzanie wystawy FRANTA i Wojny cloud 17.00\u201323.45 Rysunek, Ruch, Przestrze\u0144 \u2013 otwarta pracownia GVUO 17.00\u201318.30 Wyst\u0119p i warsztaty grania na instrumentach etnicznych. Jana Hinkov\u00e1 (djembe, dijeridoo, misy tybeta\u0144skie) 17.00\u201319.00 Monotypy \u2013 warsztaty grafiki Pavly Ly\u010dkowej 17.00\u201319.00 Na skrzyd\u0142ach Warsztaty tw\u00f3rcze dla kreatywnych duszy wszystkich grup wiekowych. [&hellip;]<\/p>\n","protected":false},"author":1,"featured_media":0,"parent":0,"menu_order":0,"comment_status":"closed","ping_status":"closed","template":"","meta":[],"_links":{"self":[{"href":"https:\/\/2015.ostravskamuzejninoc.cz\/pl\/wp-json\/wp\/v2\/pages\/44"}],"collection":[{"href":"https:\/\/2015.ostravskamuzejninoc.cz\/pl\/wp-json\/wp\/v2\/pages"}],"about":[{"href":"https:\/\/2015.ostravskamuzejninoc.cz\/pl\/wp-json\/wp\/v2\/types\/page"}],"author":[{"embeddable":true,"href":"https:\/\/2015.ostravskamuzejninoc.cz\/pl\/wp-json\/wp\/v2\/users\/1"}],"replies":[{"embeddable":true,"href":"https:\/\/2015.ostravskamuzejninoc.cz\/pl\/wp-json\/wp\/v2\/comments?post=44"}],"version-history":[{"count":33,"href":"https:\/\/2015.ostravskamuzejninoc.cz\/pl\/wp-json\/wp\/v2\/pages\/44\/revisions"}],"predecessor-version":[{"id":853,"href":"https:\/\/2015.ostravskamuzejninoc.cz\/pl\/wp-json\/wp\/v2\/pages\/44\/revisions\/853"}],"wp:attachment":[{"href":"https:\/\/2015.ostravskamuzejninoc.cz\/pl\/wp-json\/wp\/v2\/media?parent=44"}],"curies":[{"name":"wp","href":"https:\/\/api.w.org\/{rel}","templated":true}]}}