{"id":5,"date":"2015-04-21T15:43:41","date_gmt":"2015-04-21T14:43:41","guid":{"rendered":"http:\/\/2015.ostravskamuzejninoc.cz\/?page_id=5"},"modified":"2016-03-14T15:24:38","modified_gmt":"2016-03-14T14:24:38","slug":"program","status":"publish","type":"page","link":"https:\/\/2015.ostravskamuzejninoc.cz\/pl\/","title":{"rendered":"Program"},"content":{"rendered":"<p><\/code>W sobot\u0119 13 czerwca 2015 po zmroku ponownie zostan\u0105 otwarte liczne muzea, galerie i dalsze instytucje kulturalne w Ostrawie. Ju\u017c po raz si\u00f3dmy odb\u0119dzie si\u0119 mi\u0119dzynarodowy festiwal &#8211; w naszym przypadku Ostrawska Noc Muzealna.<\/p>\n<p>Od godz. 17.00 do p\u00f3\u0142nocy w ca\u0142ej Ostrawie przedstawi si\u0119 wsp\u00f3lnie 37 pa\u0144stwowych, pozarz\u0105dowych oraz prywatnych instytucji, kt\u00f3re uczestnicz\u0105 w \u017cyciu kulturalnym miasta i wojew\u00f3dztwa Morawsko-\u015bl\u0105skiego.<\/p>\n<p>R\u00f3wnie\u017c w tym roku przedstawi\u0105 si\u0119 nowi uczestnicy. Konserwatorium Powszechne ( Lidov\u00e1 konzervato\u0159) i Szko\u0142a Muzyczna Ostrava zapozna Pa\u0144stwa ze swoj\u0105 dzia\u0142alno\u015bci\u0105 i zaoferuje mo\u017cliwo\u015b\u0107 wypr\u00f3bowania kilku interesuj\u0105cych technik artystycznych.<\/p>\n<p>\u015arednia Szko\u0142a Plastyczna wraz z Gimnazjum (St\u0159edn\u00ed odborn\u00e1 \u0161kola um\u011bleck\u00e1 a gymn\u00e1zium) przygotowa\u0142a bogat\u0105 skal\u0119 dzia\u0142a\u0144 artystycznych w pracowniach poszczeg\u00f3lnych kierunk\u00f3w, przegl\u0105d film\u00f3w i animacji uczniowskich, zwiedzanie plac\u00f3wki, kt\u00f3rego zwie\u0144czeniem b\u0119dzie niespodzianka.<\/p>\n<p>Herbaciarnia Rashmi zaoferuje Pa\u0144stwu wernisa\u017c, wiecz\u00f3r publicznego czytania, improwizacje teatraln\u0105, recital oraz warsztaty tw\u00f3rcze dla najm\u0142odszych. Udost\u0119pniona b\u0119dzie tak\u017ce wystawa Magiczni Luksemburgowie w \u015awiecie Techniki, kt\u00f3ra przedstawia faksymile zbior\u00f3w s\u0142ynnej biblioteki Wac\u0142awa IV.<\/p>\n<p>Dzi\u0119ki systemowi rezerwacji on-line r\u00f3wnie\u017c w tym roku maj\u0105 Pa\u0144stwo szans\u0119 unikn\u0105\u0107 d\u0142ugiego czekania w kolejkach. Symbol <strong>REZERVACE <\/strong>(rezerwacja) znajd\u0105 Pa\u0144stwo przy imprezach, na kt\u00f3re jest lepiej zam\u00f3wi\u0107 miejsce zawczasu.<\/p>\n<p>Dalsze potrzebne informacje s\u0105 do dyspozycji na stronach webowych www.ostravskamuzejninoc.cz i na Facebooku.<\/p>\n<p>Warto skorzysta\u0107 z wyj\u0105tkowego bezp\u0142atnego programu kulturalnego i niecodziennej nocnej wyprawy po przygod\u0119 i zabaw\u0119. R\u00f3wnie\u017c i w tym roku b\u0119d\u0105 na Pa\u0144stwa czeka\u0107 specjalne linie autobusowe, kt\u00f3re mi\u0119dzy uczestnicz\u0105cymi w Nocy instytucjami przewioz\u0105 zwiedzaj\u0105cych gratis.<\/p>\n<p>Uroczyste otwarcie Ostrawskiej Nocy Muze\u00f3w odb\u0119dzie si\u0119 przed Nowym Ratuszem na placu Proke\u0161a ( Proke\u0161ov\u011b n\u00e1m\u011bst\u00ed) o godz\u00a018. W obecno\u015bci przedstawicieli w\u0142adz miejskich oraz instytucji organizator\u00f3w festiwal uroczy\u015bcie rozpoczniemy wsp\u00f3lnym wypuszczaniem balonik\u00f3w. Baloniki b\u0119dzie mo\u017cna pobra\u0107 za darmo na miejscu ju\u017c od godziny 17.30.<\/p>","protected":false},"excerpt":{"rendered":"<p>W sobot\u0119 13 czerwca 2015 po zmroku ponownie zostan\u0105 otwarte liczne muzea, galerie i dalsze instytucje kulturalne w Ostrawie. Ju\u017c po raz si\u00f3dmy odb\u0119dzie si\u0119 mi\u0119dzynarodowy festiwal &#8211; w naszym przypadku Ostrawska Noc Muzealna. Od godz. 17.00 do p\u00f3\u0142nocy w ca\u0142ej Ostrawie przedstawi si\u0119 wsp\u00f3lnie 37 pa\u0144stwowych, pozarz\u0105dowych oraz prywatnych instytucji, kt\u00f3re uczestnicz\u0105 w \u017cyciu [&hellip;]<\/p>\n","protected":false},"author":1,"featured_media":0,"parent":0,"menu_order":0,"comment_status":"open","ping_status":"open","template":"","meta":[],"_links":{"self":[{"href":"https:\/\/2015.ostravskamuzejninoc.cz\/pl\/wp-json\/wp\/v2\/pages\/5"}],"collection":[{"href":"https:\/\/2015.ostravskamuzejninoc.cz\/pl\/wp-json\/wp\/v2\/pages"}],"about":[{"href":"https:\/\/2015.ostravskamuzejninoc.cz\/pl\/wp-json\/wp\/v2\/types\/page"}],"author":[{"embeddable":true,"href":"https:\/\/2015.ostravskamuzejninoc.cz\/pl\/wp-json\/wp\/v2\/users\/1"}],"replies":[{"embeddable":true,"href":"https:\/\/2015.ostravskamuzejninoc.cz\/pl\/wp-json\/wp\/v2\/comments?post=5"}],"version-history":[{"count":9,"href":"https:\/\/2015.ostravskamuzejninoc.cz\/pl\/wp-json\/wp\/v2\/pages\/5\/revisions"}],"predecessor-version":[{"id":872,"href":"https:\/\/2015.ostravskamuzejninoc.cz\/pl\/wp-json\/wp\/v2\/pages\/5\/revisions\/872"}],"wp:attachment":[{"href":"https:\/\/2015.ostravskamuzejninoc.cz\/pl\/wp-json\/wp\/v2\/media?parent=5"}],"curies":[{"name":"wp","href":"https:\/\/api.w.org\/{rel}","templated":true}]}}