{"id":54,"date":"2015-04-28T14:57:10","date_gmt":"2015-04-28T13:57:10","guid":{"rendered":"http:\/\/2015.ostravskamuzejninoc.cz\/?page_id=54"},"modified":"2015-05-27T16:23:02","modified_gmt":"2015-05-27T15:23:02","slug":"polski-cesky-rozhlas-ostrava","status":"publish","type":"page","link":"https:\/\/2015.ostravskamuzejninoc.cz\/pl\/polski-cesky-rozhlas-ostrava\/","title":{"rendered":"Czeskie Radio Ostrawa"},"content":{"rendered":"<p><\/p>\n<table class=\"alignleft\" border=\"0\" width=\"700\" cellspacing=\"0\" cellpadding=\"0\">\n<tbody>\n<tr>\n<td valign=\"top\" width=\"380\">\n<h1>Czeskie Radio Ostrawa<\/h1>\n<h5>17.00\u201323.00<\/h5>\n<h3>Zwiedzanie siedziby Czeskiego Radia w Ostrawie<\/h3>\n<p>Zach\u0119camy do odwiedzin regionalnej radiostacji publicznej Czeskiego Radia z siedzib\u0105 w Ostrawie na ul. Dr. \u0160merala 2. Czeka na Pa\u0144stwa zwiedzanie studia muzycznego numer 1, w kt\u00f3rym powsta\u0142y legendarne nagrania V\u011bry \u0160pinarowej, Marii Rottrowej, Hany Zagorowej, Pavla Nov\u00e1ka, Jaroslava Wykrenta przy akompaniamencie Ostrawskiej Orkiestry Radiowej, ale tak\u017ce pie\u015bni Karela Kryla, zespo\u0142\u00f3w Buty czy Kry\u0161tof.<\/p>\n<p>R\u00f3wnie\u017c mo\u017cecie Pa\u0144stwo zwiedzi\u0107 dzia\u0142 emituj\u0105cy program do sieci oraz dowiedzie\u0107 si\u0119 czego\u015b na temat techniki radiowej.<\/p>\n<p>W studio muzycznym numer 1 b\u0119dzie dla Pa\u0144stwa przygotowana wystawa techniki radiowej oraz muzyczna niespodzianka. Tutaj tak\u017ce b\u0119d\u0105 Pa\u0144stwo mogli uczestniczy\u0107 w facebookowym konkursie fotograficznym \u2013 zaprosimy do sporz\u0105dzenia wsp\u00f3lnego z nami zdj\u0119cia, a to przy radiowym mikrofonie. Pa\u0144stwa fotografie opublikujemy na naszej stronie facebooka (<a href=\"https:\/\/www.facebook.com\/RozhlasOstrava\" target=\"_blank\">https:\/\/www.facebook.com\/RozhlasOstrava<\/a>), z kt\u00f3rej b\u0119d\u0105 mogli Pa\u0144stwo j\u0105 \u015bci\u0105gn\u0105\u0107 do domowego archiwum, a potem wydrukowa\u0107. Autor fotografii ciesz\u0105cej si\u0119 najwi\u0119ksz\u0105 liczb\u0105 lajk\u00f3w ( tzn. symbolem \u201e to mi si\u0119 podoba\u201d) otrzyma od nas prezent.<\/p>\n<h5>19.00\u201323.00<\/h5>\n<h3>Ekskluzywne zwiedzanie studi\u00f3w nagra\u0144<\/h3>\n<p>Specjalne zwiedzanie rozpocznie si\u0119 zawsze o pe\u0142nej godzinie. Ostatnia grupa wchodzi o 22.00 godzinie. Konieczne jest zarezerwowanie miejsca.<\/p>\n<p>Czeskie Radio Ostrawa 13 czerwca dostosuje sw\u00f3j popo\u0142udniowy oraz wieczorny program tak, by relacjonowa\u0107 to, co najciekawsze w Ostrawskiej Nocy Muze\u00f3w. Naszej stacji mo\u017cecie Pa\u0144stwo s\u0142ucha\u0107 na frekwencji: w regionie 99.0 FM, na czeskiej cz\u0119\u015bci \u015al\u0105ska Cieszy\u0144skiego 105.3 FM, w Opawskiem 102.6 we Frydecko-Misteckiem oraz w Bruntalskiem 95.5 FM.<\/p>\n<p><em>B\u0105d\u017acie uczestnikami Ostrawskiej Nocy Muze\u00f3w a r\u00f3wnocze\u015bnie s\u0142uchajcie ciekawostek z akcji przygotowanych przez naszych reporter\u00f3w w terenie na ostrawskiej frekwencji 107,3 FM.<\/em><\/p>\n<h2>Kontakt:<\/h2>\n<p align=\"left\">\u010cesk\u00fd rozhlas Ostrava<br \/>\nDr. \u0160merala 2, Ostrava<\/p>\n<p align=\"left\">E-mail: <a href=\"mailto: info.ostrava@rozhlas.cz\" target=\"_blank\">info.ostrava@rozhlas.cz<\/a><\/p>\n<p align=\"left\">Web: <a href=\"https:\/\/www.ostrava.rozhlas.cz\" target=\"_blank\">www.ostrava.rozhlas.cz<\/a><\/p>\n<p align=\"left\">Tel.: 596 203 111<\/p>\n<\/td>\n<td width=\"20\"><\/td>\n<td valign=\"top\" width=\"300\">\u00a0<a class=\"cboxElement\" title=\"Czech Radio Ostrava \" href=\"https:\/\/www.2014.ostravskamuzejninoc.cz\/wp-content\/uploads\/2014\/05\/cr_budova_ostrava_02.jpg\" rel=\"lightbox[391]\"><img loading=\"lazy\" src=\"https:\/\/2014.ostravskamuzejninoc.cz\/wp-content\/uploads\/2014\/05\/cr_budova_ostrava_02-300x225.jpg\" alt=\"cr_budova_ostrava_02\" width=\"300\" height=\"225\" \/><\/a><img loading=\"lazy\" src=\"https:\/\/2014.ostravskamuzejninoc.cz\/wp-content\/uploads\/2014\/05\/CRo-Ostrava-H-WHITE-300x110.png\" alt=\"CRo-Ostrava-H-WHITE\" width=\"300\" height=\"110\" \/><\/td>\n<\/tr>\n<\/tbody>\n<\/table>\n<p><\/p>","protected":false},"excerpt":{"rendered":"<p>Czeskie Radio Ostrawa 17.00\u201323.00 Zwiedzanie siedziby Czeskiego Radia w Ostrawie Zach\u0119camy do odwiedzin regionalnej radiostacji publicznej Czeskiego Radia z siedzib\u0105 w Ostrawie na ul. Dr. \u0160merala 2. Czeka na Pa\u0144stwa zwiedzanie studia muzycznego numer 1, w kt\u00f3rym powsta\u0142y legendarne nagrania V\u011bry \u0160pinarowej, Marii Rottrowej, Hany Zagorowej, Pavla Nov\u00e1ka, Jaroslava Wykrenta przy akompaniamencie Ostrawskiej Orkiestry Radiowej, [&hellip;]<\/p>\n","protected":false},"author":1,"featured_media":0,"parent":0,"menu_order":0,"comment_status":"closed","ping_status":"closed","template":"","meta":[],"_links":{"self":[{"href":"https:\/\/2015.ostravskamuzejninoc.cz\/pl\/wp-json\/wp\/v2\/pages\/54"}],"collection":[{"href":"https:\/\/2015.ostravskamuzejninoc.cz\/pl\/wp-json\/wp\/v2\/pages"}],"about":[{"href":"https:\/\/2015.ostravskamuzejninoc.cz\/pl\/wp-json\/wp\/v2\/types\/page"}],"author":[{"embeddable":true,"href":"https:\/\/2015.ostravskamuzejninoc.cz\/pl\/wp-json\/wp\/v2\/users\/1"}],"replies":[{"embeddable":true,"href":"https:\/\/2015.ostravskamuzejninoc.cz\/pl\/wp-json\/wp\/v2\/comments?post=54"}],"version-history":[{"count":26,"href":"https:\/\/2015.ostravskamuzejninoc.cz\/pl\/wp-json\/wp\/v2\/pages\/54\/revisions"}],"predecessor-version":[{"id":766,"href":"https:\/\/2015.ostravskamuzejninoc.cz\/pl\/wp-json\/wp\/v2\/pages\/54\/revisions\/766"}],"wp:attachment":[{"href":"https:\/\/2015.ostravskamuzejninoc.cz\/pl\/wp-json\/wp\/v2\/media?parent=54"}],"curies":[{"name":"wp","href":"https:\/\/api.w.org\/{rel}","templated":true}]}}