{"id":578,"date":"2015-05-19T08:41:56","date_gmt":"2015-05-19T07:41:56","guid":{"rendered":"http:\/\/2015.ostravskamuzejninoc.cz\/?page_id=578"},"modified":"2015-06-02T18:56:50","modified_gmt":"2015-06-02T17:56:50","slug":"narodni-divadlo-moravskoslezske","status":"publish","type":"page","link":"https:\/\/2015.ostravskamuzejninoc.cz\/pl\/narodni-divadlo-moravskoslezske\/","title":{"rendered":"Morawsko-\u015bl\u0105ski Teatr Narodowy"},"content":{"rendered":"<p><\/p>\n<table class=\"alignleft\" border=\"0\" width=\"700\" cellspacing=\"0\" cellpadding=\"5\">\n<tbody>\n<tr>\n<td valign=\"top\" width=\"380\">\n<h1>Morawsko-\u015bl\u0105ski Teatr Narodowy<br \/>\norganizacja bud\u017cetowa miasta wydzielonego Ostrawa<\/h1>\n<h5>22.00\u201300.30<\/h5>\n<p>Czy Pa\u0144stwo go znaj\u0105? Czy ju\u017c go kto\u015b gdzie\u015b widzia\u0142? Byli Pa\u0144stwo kiedy\u015b na jego wieczorku? Nie byli\u015bcie? Tak, teraz macie jedyn\u0105 okazj\u0119! Pan Gatsby w ramach Ostrawskiej Nocy Muze\u00f3w otwiera sw\u00f3j pa\u0142ac Teatru Ji\u0159\u00edho Myrona i organizuje jeden ze swoich niezapomnianych wieczork\u00f3w!<\/p>\n<p>Zapraszamy do nas, do zakosztowania szalonych lat dwudziestych! Foyer Teatru Ji\u0159\u00edho Myrona b\u0119dzie otwarte dla wszystkich.<\/p>\n<h5>22.00\u201322.30<\/h5>\n<h3>Od swingu do electro swingu z choreograf Ev\u0105 Burdow\u0105<\/h3>\n<h5>22.30\u201323.15<\/h5>\n<h3>Zwiedzanie Teatru J. Myrona z szefem ds. technicznych Stanislavem Munt\u00e1gem i jego ekip\u0105<\/h3>\n<p>Konieczne jest zarezerwowanie miejsca.<\/p>\n<h5>23.00\u201323.30<\/h5>\n<h3>Od swingu do electro swingu z choreograf Ev\u0105 Burdow\u0105<\/h3>\n<h5>23.30\u201300.15<\/h5>\n<h3>Zwiedzanie Teatru J. Myrona z szefem ds. technicznych Stanislavem Munt\u00e1gem i jego ekip\u0105<\/h3>\n<p>Konieczne jest zarezerwowanie miejsca.<\/td>\n<td width=\"20\"><\/td>\n<td valign=\"top\" width=\"300\"><img loading=\"lazy\" src=\"https:\/\/2013.ostravskamuzejninoc.cz\/wp-content\/uploads\/2013\/04\/logo_ndm.png\" alt=\"logo_ndm\" width=\"150\" height=\"138\" \/><\/p>\n<p><a href=\"https:\/\/2015.ostravskamuzejninoc.cz\/wp-content\/uploads\/2015\/05\/ndm_web.jpg\"><img loading=\"lazy\" class=\"alignnone size-medium wp-image-580\" src=\"https:\/\/2015.ostravskamuzejninoc.cz\/wp-content\/uploads\/2015\/05\/ndm_web-300x200.jpg\" alt=\"ndm_web\" width=\"300\" height=\"200\" srcset=\"https:\/\/2015.ostravskamuzejninoc.cz\/wp-content\/uploads\/2015\/05\/ndm_web-300x200.jpg 300w, https:\/\/2015.ostravskamuzejninoc.cz\/wp-content\/uploads\/2015\/05\/ndm_web.jpg 800w\" sizes=\"(max-width: 300px) 100vw, 300px\" \/><\/a><\/p>\n<h2>Kontakt:<\/h2>\n<p>N\u00e1rodn\u00ed divadlo moravskoslezsk\u00e9<br \/>\nul. \u010cs. legi\u00ed 148\/14<br \/>\n701 04 Ostrava \u2014 Moravsk\u00e1 Ostrava<\/p>\n<p>E-mail: <a href=\"https:\/\/www.2014.ostravskamuzejninoc.cz\/narodni-divadlo-moravskoslezske\/sekretariat@ndm.cz\" target=\"_blank\">sekretariat@ndm.cz<\/a><br \/>\nWeb: <a href=\"https:\/\/www.ndm.cz\" target=\"_blank\">www.ndm.cz<\/a><br \/>\nTel.: 596\u00a0276 201<\/td>\n<\/tr>\n<\/tbody>\n<\/table>\n<p><\/p>","protected":false},"excerpt":{"rendered":"<p>Morawsko-\u015bl\u0105ski Teatr Narodowy organizacja bud\u017cetowa miasta wydzielonego Ostrawa 22.00\u201300.30 Czy Pa\u0144stwo go znaj\u0105? Czy ju\u017c go kto\u015b gdzie\u015b widzia\u0142? Byli Pa\u0144stwo kiedy\u015b na jego wieczorku? Nie byli\u015bcie? Tak, teraz macie jedyn\u0105 okazj\u0119! Pan Gatsby w ramach Ostrawskiej Nocy Muze\u00f3w otwiera sw\u00f3j pa\u0142ac Teatru Ji\u0159\u00edho Myrona i organizuje jeden ze swoich niezapomnianych wieczork\u00f3w! Zapraszamy do nas, [&hellip;]<\/p>\n","protected":false},"author":1,"featured_media":0,"parent":0,"menu_order":0,"comment_status":"closed","ping_status":"closed","template":"","meta":[],"_links":{"self":[{"href":"https:\/\/2015.ostravskamuzejninoc.cz\/pl\/wp-json\/wp\/v2\/pages\/578"}],"collection":[{"href":"https:\/\/2015.ostravskamuzejninoc.cz\/pl\/wp-json\/wp\/v2\/pages"}],"about":[{"href":"https:\/\/2015.ostravskamuzejninoc.cz\/pl\/wp-json\/wp\/v2\/types\/page"}],"author":[{"embeddable":true,"href":"https:\/\/2015.ostravskamuzejninoc.cz\/pl\/wp-json\/wp\/v2\/users\/1"}],"replies":[{"embeddable":true,"href":"https:\/\/2015.ostravskamuzejninoc.cz\/pl\/wp-json\/wp\/v2\/comments?post=578"}],"version-history":[{"count":14,"href":"https:\/\/2015.ostravskamuzejninoc.cz\/pl\/wp-json\/wp\/v2\/pages\/578\/revisions"}],"predecessor-version":[{"id":856,"href":"https:\/\/2015.ostravskamuzejninoc.cz\/pl\/wp-json\/wp\/v2\/pages\/578\/revisions\/856"}],"wp:attachment":[{"href":"https:\/\/2015.ostravskamuzejninoc.cz\/pl\/wp-json\/wp\/v2\/media?parent=578"}],"curies":[{"name":"wp","href":"https:\/\/api.w.org\/{rel}","templated":true}]}}