{"id":59,"date":"2015-04-28T15:02:41","date_gmt":"2015-04-28T14:02:41","guid":{"rendered":"http:\/\/2015.ostravskamuzejninoc.cz\/?page_id=59"},"modified":"2015-05-25T19:47:08","modified_gmt":"2015-05-25T18:47:08","slug":"cesky-vystavni-sin-sokolska-26","status":"publish","type":"page","link":"https:\/\/2015.ostravskamuzejninoc.cz\/pl\/cesky-vystavni-sin-sokolska-26\/","title":{"rendered":"Sala wystawowa Sokolsk\u00e1 26"},"content":{"rendered":"<p><\/p>\n<table class=\"alignleft\" border=\"0\" width=\"700\" cellspacing=\"0\" cellpadding=\"0\">\n<tbody>\n<tr>\n<td valign=\"top\" width=\"380\">\n<h1>Sala wystawowa Sokolsk\u00e1 26<\/h1>\n<h3>Centrum Kultury i\u00a0Edukacji Morawska Ostrawa, organizacja bud\u017cetowa<\/h3>\n<h3>Sala wystawowa Sokolska 26<\/h3>\n<p>Sala wystawowa Sokolska 26, administrowana przez Centrum Kultury i Kszta\u0142cenia Morawska Ostrawa, organizacj\u0119 bud\u017cetow\u0105 dzielnicy Morawska Ostrawa i Przyw\u00f3z rozpocz\u0119\u0142a swoj\u0105 dzia\u0142alno\u015b\u0107 w 1993 roku. Znajduje si\u0119, jak ju\u017c sama nazwa wskazuje, na pierwszym pi\u0119trze zabytkowej willi przy Alei Sokolskiej 26. Prezentuje wyra\u017ane i bezsprzeczne osobowo\u015bci artystyczne, kt\u00f3re tworz\u0105 poj\u0119cie nowoczesnej czeskiej sceny artystycznej. Prezentowane s\u0105 nie tylko dzie\u0142a czo\u0142owych czeskich i niekt\u00f3rych zagranicznych artyst\u00f3w, ale tak\u017ce organizowane s\u0105 wystawy zbiorowe, przewa\u017cnie m\u0142odych artyst\u00f3w z r\u00f3\u017cnych region\u00f3w. Kuratorem wystaw jest in\u017c. Milan Weber.<\/p>\n<h5>17.00\u201323.00<\/h5>\n<h3>Indywidualne zwiedzanie wystaw<\/h3>\n<h5>18.00\u201320.00<\/h5>\n<h3>Malowanie twarzy (sala wystawowa)<\/h3>\n<p>Wymalujemy siebie, a potem hajda na karnawa\u0142&#8230;<\/p>\n<h5>18.00\u201320.00<\/h5>\n<h3>Malowany bajkowy karnawa\u0142 (Klub Parnik)<\/h3>\n<p>Wielki bajkowy show z klaunem Hopsalinem i ilustratorem ksi\u0105\u017cek dla dzieci Adolfem Dudkiem<\/p>\n<h5>18.00\u201321.00<\/h5>\n<h3>Udajemy artyst\u00f3w (sala wystawowa)<\/h3>\n<p>Zaj\u0119cia malarskie dla dzieci pod nadzorem zespo\u0142u animator\u00f3w<\/p>\n<h5>21.30\u201322.30<\/h5>\n<h3>Fiddler on the roof (Klub Parnik)<\/h3>\n<p>Piosenki ze s\u0142ynnego musicalu w wykonaniu piosenkarzy Pop Academy.<\/p>\n<p>Aktualne wystawy:<\/p>\n<p>PAVEL \u0160M\u00cdD (1964) Malarz Pavel \u0160m\u00edd pochodz\u0105cy z regionu Ostrawy jest absolwentem pracowni malarstwa Ji\u0159\u00edho Sopka ASP w Pradze (1997). Dla jego tw\u00f3rczo\u015bci charakterystyczny jest spo\u0142eczny krytycyzm potraktowany z przymru\u017ceniem oka. W wi\u0119kszo\u015bci przypadk\u00f3w u\u017cywa matryc z fotografii, zwi\u0105zanych z nasz\u0105 przesz\u0142o\u015bci\u0105, interesuje go ideologiczna manipulacja cz\u0142owiekiem i jego \u015bwiatem, kiedy to m\u0142yny historii potrafi\u0105 ludzi zetrze\u0107 w py\u0142.<\/td>\n<td width=\"20\"><\/td>\n<td valign=\"top\" width=\"300\"><img loading=\"lazy\" src=\"https:\/\/2013.ostravskamuzejninoc.cz\/wp-content\/uploads\/2013\/04\/ckv_dlouhy_napis_white-300x36.png\" alt=\"ckv_dlouhy_napis_white\" width=\"300\" height=\"36\" \/><img loading=\"lazy\" class=\"alignnone size-full wp-image-152\" src=\"https:\/\/2013.ostravskamuzejninoc.cz\/wp-content\/uploads\/2013\/04\/vilackv.gif\" alt=\"vilackv\" width=\"274\" height=\"209\" \/><img loading=\"lazy\" src=\"https:\/\/2011.ostravskamuzejninoc.cz\/sokolska\/foto_vystavka.jpg\" alt=\"\" width=\"280\" height=\"215\" \/><\/p>\n<p><img loading=\"lazy\" src=\"https:\/\/2011.ostravskamuzejninoc.cz\/sokolska\/foto_arch.jpg\" alt=\"\" width=\"280\" height=\"215\" \/><\/p>\n<h2>Kontakt:<\/h2>\n<p>Centrum Kultury i\u00a0Edukacji Morawska Ostrawa, Organizacja bud\u017cetowa<\/p>\n<p>V\u00fdstavn\u00ed s\u00ed\u0148 Sokolsk\u00e1 26<br \/>\nSokolsk\u00e1 t\u0159\u00edda 26<br \/>\n702 00 Ostrava<br \/>\nWeb:<span class=\"Apple-converted-space\">\u00a0<\/span><a href=\"https:\/\/www.ckv-ostrava.cz\/\" target=\"_blank\">www.ckv-ostrava.cz<\/a><br \/>\nWeb:<span class=\"Apple-converted-space\">\u00a0<\/span><a href=\"https:\/\/www.sokolska26.cz\/\" target=\"_blank\">www.sokolska26.cz<\/a><br \/>\nE-mail:<span class=\"Apple-converted-space\">\u00a0<\/span><a href=\"mailto:sokolska26@ckv-ostrava.cz\" target=\"_blank\">sokolska26@ckv-ostrava.cz<\/a><br \/>\nTel.:\u00a0 596 138 937<\/td>\n<\/tr>\n<\/tbody>\n<\/table>\n<p><\/p>","protected":false},"excerpt":{"rendered":"<p>Sala wystawowa Sokolsk\u00e1 26 Centrum Kultury i\u00a0Edukacji Morawska Ostrawa, organizacja bud\u017cetowa Sala wystawowa Sokolska 26 Sala wystawowa Sokolska 26, administrowana przez Centrum Kultury i Kszta\u0142cenia Morawska Ostrawa, organizacj\u0119 bud\u017cetow\u0105 dzielnicy Morawska Ostrawa i Przyw\u00f3z rozpocz\u0119\u0142a swoj\u0105 dzia\u0142alno\u015b\u0107 w 1993 roku. Znajduje si\u0119, jak ju\u017c sama nazwa wskazuje, na pierwszym pi\u0119trze zabytkowej willi przy Alei Sokolskiej [&hellip;]<\/p>\n","protected":false},"author":1,"featured_media":0,"parent":0,"menu_order":0,"comment_status":"closed","ping_status":"closed","template":"","meta":[],"_links":{"self":[{"href":"https:\/\/2015.ostravskamuzejninoc.cz\/pl\/wp-json\/wp\/v2\/pages\/59"}],"collection":[{"href":"https:\/\/2015.ostravskamuzejninoc.cz\/pl\/wp-json\/wp\/v2\/pages"}],"about":[{"href":"https:\/\/2015.ostravskamuzejninoc.cz\/pl\/wp-json\/wp\/v2\/types\/page"}],"author":[{"embeddable":true,"href":"https:\/\/2015.ostravskamuzejninoc.cz\/pl\/wp-json\/wp\/v2\/users\/1"}],"replies":[{"embeddable":true,"href":"https:\/\/2015.ostravskamuzejninoc.cz\/pl\/wp-json\/wp\/v2\/comments?post=59"}],"version-history":[{"count":17,"href":"https:\/\/2015.ostravskamuzejninoc.cz\/pl\/wp-json\/wp\/v2\/pages\/59\/revisions"}],"predecessor-version":[{"id":651,"href":"https:\/\/2015.ostravskamuzejninoc.cz\/pl\/wp-json\/wp\/v2\/pages\/59\/revisions\/651"}],"wp:attachment":[{"href":"https:\/\/2015.ostravskamuzejninoc.cz\/pl\/wp-json\/wp\/v2\/media?parent=59"}],"curies":[{"name":"wp","href":"https:\/\/api.w.org\/{rel}","templated":true}]}}