{"id":64,"date":"2015-04-28T15:08:50","date_gmt":"2015-04-28T14:08:50","guid":{"rendered":"http:\/\/2015.ostravskamuzejninoc.cz\/?page_id=64"},"modified":"2015-05-25T19:48:24","modified_gmt":"2015-05-25T18:48:24","slug":"minikino-cafe","status":"publish","type":"page","link":"https:\/\/2015.ostravskamuzejninoc.cz\/pl\/minikino-cafe\/","title":{"rendered":"Minikinokawiarnia"},"content":{"rendered":"<p><\/p>\n<table class=\"alignleft\" border=\"0\" width=\"700\" cellspacing=\"0\" cellpadding=\"0\">\n<tbody>\n<tr>\n<td valign=\"top\" width=\"380\">\n<h1>Minikinokawiarnia<\/h1>\n<h2>Centrum kultury i edukacji Morawska Ostrawa, organizacja bud\u017cetowa<\/h2>\n<h5>22.00<\/h5>\n<h3>Koncert przy \u015bwiecach w kawiarni wraz z niespodziank\u0105<\/h3>\n<p>Otwarte od godz. 13<\/td>\n<td width=\"20\"><\/td>\n<td valign=\"top\" width=\"300\">\n<h2><img loading=\"lazy\" class=\"alignnone size-full wp-image-409\" src=\"https:\/\/2013.ostravskamuzejninoc.cz\/wp-content\/uploads\/2013\/05\/minikino_white1.png\" alt=\"minikino_white1\" width=\"241\" height=\"106\" \/><\/h2>\n<h2 align=\"left\"><img loading=\"lazy\" class=\"alignnone size-full wp-image-723\" src=\"https:\/\/2013.ostravskamuzejninoc.cz\/wp-content\/uploads\/2013\/05\/mini_zahradka.jpg\" alt=\"mini_zahradka\" width=\"300\" height=\"225\" \/><\/h2>\n<h2 align=\"left\"><img loading=\"lazy\" class=\"alignnone size-full wp-image-722\" src=\"https:\/\/2013.ostravskamuzejninoc.cz\/wp-content\/uploads\/2013\/05\/OBRZEK_mini_interier.jpg\" alt=\"OBRZEK_mini_interier\" width=\"300\" height=\"175\" \/><\/h2>\n<h2>Kontakt:<\/h2>\n<p>Centrum Kultury i\u00a0Edukacji Morawska Ostrawa, Organizacja bud\u017cetowa<\/p>\n<p align=\"left\">Minikino Kav\u00e1rna<br \/>\nKosteln\u00ed 3, 702 00<br \/>\nMoravsk\u00e1 Ostrava<br \/>\nE-mail:<span class=\"Apple-converted-space\">\u00a0<\/span><a href=\"mailto:minikino@atlas.cz\">minikino@atlas.cz<\/a><br \/>\nWeb:<span class=\"Apple-converted-space\">\u00a0<\/span><a href=\"https:\/\/www.minikino.cz\/\" target=\"_blank\">www.minikino.cz<\/a><br \/>\nTel.: 604 777 537<\/p>\n<\/td>\n<\/tr>\n<\/tbody>\n<tbody>\n<tr>\n<td valign=\"top\" width=\"380\"><\/td>\n<td width=\"20\"><\/td>\n<td valign=\"top\" width=\"300\"><\/td>\n<\/tr>\n<\/tbody>\n<\/table>\n<p><\/p>","protected":false},"excerpt":{"rendered":"<p>Minikinokawiarnia Centrum kultury i edukacji Morawska Ostrawa, organizacja bud\u017cetowa 22.00 Koncert przy \u015bwiecach w kawiarni wraz z niespodziank\u0105 Otwarte od godz. 13 Kontakt: Centrum Kultury i\u00a0Edukacji Morawska Ostrawa, Organizacja bud\u017cetowa Minikino Kav\u00e1rna Kosteln\u00ed 3, 702 00 Moravsk\u00e1 Ostrava E-mail:\u00a0minikino@atlas.cz Web:\u00a0www.minikino.cz Tel.: 604 777 537<\/p>\n","protected":false},"author":1,"featured_media":0,"parent":0,"menu_order":0,"comment_status":"closed","ping_status":"closed","template":"","meta":[],"_links":{"self":[{"href":"https:\/\/2015.ostravskamuzejninoc.cz\/pl\/wp-json\/wp\/v2\/pages\/64"}],"collection":[{"href":"https:\/\/2015.ostravskamuzejninoc.cz\/pl\/wp-json\/wp\/v2\/pages"}],"about":[{"href":"https:\/\/2015.ostravskamuzejninoc.cz\/pl\/wp-json\/wp\/v2\/types\/page"}],"author":[{"embeddable":true,"href":"https:\/\/2015.ostravskamuzejninoc.cz\/pl\/wp-json\/wp\/v2\/users\/1"}],"replies":[{"embeddable":true,"href":"https:\/\/2015.ostravskamuzejninoc.cz\/pl\/wp-json\/wp\/v2\/comments?post=64"}],"version-history":[{"count":9,"href":"https:\/\/2015.ostravskamuzejninoc.cz\/pl\/wp-json\/wp\/v2\/pages\/64\/revisions"}],"predecessor-version":[{"id":654,"href":"https:\/\/2015.ostravskamuzejninoc.cz\/pl\/wp-json\/wp\/v2\/pages\/64\/revisions\/654"}],"wp:attachment":[{"href":"https:\/\/2015.ostravskamuzejninoc.cz\/pl\/wp-json\/wp\/v2\/media?parent=64"}],"curies":[{"name":"wp","href":"https:\/\/api.w.org\/{rel}","templated":true}]}}