{"id":74,"date":"2015-04-28T15:33:02","date_gmt":"2015-04-28T14:33:02","guid":{"rendered":"http:\/\/2015.ostravskamuzejninoc.cz\/?page_id=74"},"modified":"2015-05-27T16:24:42","modified_gmt":"2015-05-27T15:24:42","slug":"polski-hasicske-muzeum-mesta-ostravy","status":"publish","type":"page","link":"https:\/\/2015.ostravskamuzejninoc.cz\/pl\/polski-hasicske-muzeum-mesta-ostravy\/","title":{"rendered":"Muzeum Stra\u017cackie miasta Ostrawy"},"content":{"rendered":"<p><\/p>\n<table class=\"alignleft\" border=\"0\" width=\"700\" cellspacing=\"0\" cellpadding=\"0\">\n<tbody>\n<tr>\n<td valign=\"top\" width=\"380\">\n<h1>Muzeum Stra\u017cackie miasta Ostrawy<\/h1>\n<p>Muzeum Stra\u017cy Po\u017carnej miasta Ostrawy<\/p>\n<h5>16.00\u201324.00<\/h5>\n<h3>Historia i dzie\u0144 dzisiejszy stra\u017cak\u00f3w w Ostrawie i okolicach.<\/h3>\n<ul>\n<li>Wystawa zabytkowych urz\u0105dze\u0144 technicznych u\u017cywanych przez stra\u017c po\u017carn\u0105<\/li>\n<li>Projekcje film\u00f3w zwi\u0105zanych z tematyk\u0105 stra\u017cy po\u017carnej.<\/li>\n<li>Pokaz obecnego wyposa\u017cenia stra\u017cak\u00f3w wojew\u00f3dztwa Morawsko-\u015bl\u0105skiego.<\/li>\n<li>Konkursy dla dzieci w pompowaniu wody w zabytkowych sikawkach, celowanie do tarczy ga\u015bnic\u0105 wodn\u0105<\/li>\n<li>Pokaz pracy dyspozytorni obs\u0142ugiwanej przez profesjonalnego dyspozytora.<\/li>\n<\/ul>\n<h5>18.00, 19.00, 20.00, 21.00, 22.00<\/h5>\n<h3>Pokazy gaszenia po\u017caru za pomoc\u0105 zabytkowych urz\u0105dze\u0144 i w historycznych mundurach.<\/h3>\n<h5>18.00, 19.00, 20.00, 21.00, 22.00<\/h5>\n<h3>Przeja\u017cd\u017cki w zabytkowym samochodzie stra\u017cackim.<\/h3>\n<h5>17.00\u201319.00<\/h5>\n<h3>Wyst\u0119p muzyczny: trio dziewcz\u0119ce gra na fletach \u2013 Wydzia\u0142 Artystyczny Uniwersytetu Ostrawskiego.<\/h3>\n<p>Wszystkie pokazy i konkursy b\u0119d\u0105 opatrzone komentarzem. Przewidziane s\u0105 drobne upominki dla dzieci uczestnicz\u0105cych w konkursach.<\/p>\n<h2>Kontakt:<\/h2>\n<p>Hasi\u010dsk\u00e9 muzeum m\u011bsta Ostravy<br \/>\nZ\u00e1krejsova 3\/53<br \/>\n702 00 Ostrava<br \/>\nE-mail:<span class=\"Apple-converted-space\">\u00a0<\/span><a href=\"mailto:muzeum@hzsmsk.cz\">muzeum@hzsmsk.cz<\/a><br \/>\nWeb:<span class=\"Apple-converted-space\">\u00a0<\/span><a href=\"https:\/\/muzeum.hzsmsk.cz\/\" target=\"_blank\">https:\/\/muzeum.hzsmsk.cz\/<\/a><br \/>\nTel.: 596 136 841<\/td>\n<td width=\"20\"><\/td>\n<td valign=\"top\" width=\"300\"><img loading=\"lazy\" src=\"https:\/\/2013.ostravskamuzejninoc.cz\/wp-content\/uploads\/2013\/04\/logo_hasici.png\" alt=\"logo_hasici\" width=\"212\" height=\"215\" \/><\/p>\n<p><a class=\"cboxElement\" title=\"Muzeum Stra\u017cackie miasta Ostrawy\" href=\"https:\/\/www.2014.ostravskamuzejninoc.cz\/wp-content\/uploads\/2014\/05\/hasicske_01.jpg\" rel=\"lightbox[139]\"><img loading=\"lazy\" class=\"alignleft size-medium wp-image-174\" src=\"https:\/\/2014.ostravskamuzejninoc.cz\/wp-content\/uploads\/2014\/05\/hasicske_01-300x216.jpg\" alt=\"hasicske_01\" width=\"300\" height=\"216\" \/><\/a><\/p>\n<p><a class=\"cboxElement\" title=\"Muzeum Stra\u017cackie miasta Ostrawy\" href=\"https:\/\/www.2014.ostravskamuzejninoc.cz\/wp-content\/uploads\/2014\/05\/hasicske_02.jpg\" rel=\"lightbox[139]\"><img loading=\"lazy\" class=\"alignleft size-medium wp-image-175\" src=\"https:\/\/2014.ostravskamuzejninoc.cz\/wp-content\/uploads\/2014\/05\/hasicske_02-300x215.jpg\" alt=\"hasicske_02\" width=\"300\" height=\"215\" \/><\/a><\/p>\n<p><a class=\"cboxElement\" title=\"Muzeum Stra\u017cackie miasta Ostrawy\" href=\"https:\/\/www.2014.ostravskamuzejninoc.cz\/wp-content\/uploads\/2014\/05\/hasicske_03.jpg\" rel=\"lightbox[139]\"><img loading=\"lazy\" class=\"alignleft size-medium wp-image-176\" src=\"https:\/\/2014.ostravskamuzejninoc.cz\/wp-content\/uploads\/2014\/05\/hasicske_03-300x216.jpg\" alt=\"hasicske_03\" width=\"300\" height=\"216\" \/><\/a><\/td>\n<\/tr>\n<\/tbody>\n<\/table>\n<p><\/p>","protected":false},"excerpt":{"rendered":"<p>Muzeum Stra\u017cackie miasta Ostrawy Muzeum Stra\u017cy Po\u017carnej miasta Ostrawy 16.00\u201324.00 Historia i dzie\u0144 dzisiejszy stra\u017cak\u00f3w w Ostrawie i okolicach. Wystawa zabytkowych urz\u0105dze\u0144 technicznych u\u017cywanych przez stra\u017c po\u017carn\u0105 Projekcje film\u00f3w zwi\u0105zanych z tematyk\u0105 stra\u017cy po\u017carnej. Pokaz obecnego wyposa\u017cenia stra\u017cak\u00f3w wojew\u00f3dztwa Morawsko-\u015bl\u0105skiego. Konkursy dla dzieci w pompowaniu wody w zabytkowych sikawkach, celowanie do tarczy ga\u015bnic\u0105 wodn\u0105 Pokaz [&hellip;]<\/p>\n","protected":false},"author":1,"featured_media":0,"parent":0,"menu_order":0,"comment_status":"closed","ping_status":"closed","template":"","meta":[],"_links":{"self":[{"href":"https:\/\/2015.ostravskamuzejninoc.cz\/pl\/wp-json\/wp\/v2\/pages\/74"}],"collection":[{"href":"https:\/\/2015.ostravskamuzejninoc.cz\/pl\/wp-json\/wp\/v2\/pages"}],"about":[{"href":"https:\/\/2015.ostravskamuzejninoc.cz\/pl\/wp-json\/wp\/v2\/types\/page"}],"author":[{"embeddable":true,"href":"https:\/\/2015.ostravskamuzejninoc.cz\/pl\/wp-json\/wp\/v2\/users\/1"}],"replies":[{"embeddable":true,"href":"https:\/\/2015.ostravskamuzejninoc.cz\/pl\/wp-json\/wp\/v2\/comments?post=74"}],"version-history":[{"count":20,"href":"https:\/\/2015.ostravskamuzejninoc.cz\/pl\/wp-json\/wp\/v2\/pages\/74\/revisions"}],"predecessor-version":[{"id":769,"href":"https:\/\/2015.ostravskamuzejninoc.cz\/pl\/wp-json\/wp\/v2\/pages\/74\/revisions\/769"}],"wp:attachment":[{"href":"https:\/\/2015.ostravskamuzejninoc.cz\/pl\/wp-json\/wp\/v2\/media?parent=74"}],"curies":[{"name":"wp","href":"https:\/\/api.w.org\/{rel}","templated":true}]}}