{"id":82,"date":"2015-04-28T16:04:37","date_gmt":"2015-04-28T15:04:37","guid":{"rendered":"http:\/\/2015.ostravskamuzejninoc.cz\/?page_id=82"},"modified":"2015-05-27T16:30:19","modified_gmt":"2015-05-27T15:30:19","slug":"cesky-industrial-gallery","status":"publish","type":"page","link":"https:\/\/2015.ostravskamuzejninoc.cz\/pl\/cesky-industrial-gallery\/","title":{"rendered":"INDUSTRIAL Gallery"},"content":{"rendered":"<p><\/p>\n<table class=\"alignleft\" border=\"0\" width=\"700\" cellspacing=\"0\" cellpadding=\"0\">\n<tbody>\n<tr>\n<td valign=\"top\" width=\"380\">\n<h2>INDUSTRIAL Gallery<\/h2>\n<p>INDUSTRIAL Gallery ma swoj\u0105 siedzib\u0119 w centrum Ostrawy na ul. Zahradni 10. Galeria prezentuje autor\u00f3w nowej generacji oraz absolwent\u00f3w szk\u00f3\u0142 wy\u017cszych i ma na celu rozwija\u0107 ich koncepcje na pocz\u0105tku kariery artystycznej. Obok dzie\u0142 dobrze zapowiadaj\u0105cych si\u0119 artyst\u00f3w galeria koncentruje si\u0119 na tw\u00f3rczo\u015bci artyst\u00f3w o ustabilizowanej pozycji. Oferuje zatem przegl\u0105d tw\u00f3rczo\u015bci mi\u0119dzynarodowej najwy\u017cszych lot\u00f3w od najm\u0142odszej generacji, przez \u015bredni\u0105, a\u017c po najstarszych tworz\u0105cych artyst\u00f3w. Prezentuje ca\u0142\u0105 skal\u0119 medi\u00f3w kultury wizualnej, sztuki tak\u017ce u\u017cytkowej o rozmaitym podej\u015bciu.<\/p>\n<h5>17.00\u201324.00<\/h5>\n<h3>Jan Vytiska w INDUSTRIAL Gallery<\/h3>\n<p>W czasie Ostrawskiej Nocy Muze\u00f3w zapraszamy Pa\u0144stwa na wystaw\u0119 Jana Vytisky. Jan Vytiska (*1985) nale\u017cy do grona najbardziej charakterystycznych artyst\u00f3w nadchodz\u0105cej generacji. Studiowa\u0142 w Ostrawie u doc. Ji\u0159\u00edgo Sur\u016fvki w pracowni Nowe Media. Studia sko\u0144czy\u0142 w 2010 roku.<\/p>\n<p>W styczniu 2012 by\u0142 finalist\u0105 Nagrody Krytyk\u00f3w M\u0142ode Malarstwo (Ceny kritiky za mladou malbu), w roku 2011 na Art Prague zyska\u0142 nagrod\u0119 UniCredit Bank Prague Photo Young Award, kt\u00f3ra przyznawana jest artystom do 30 lat \u017cycia.<\/p>\n<p>W czasie wieczoru wyst\u0105pi tak\u017ce Dj\u00b4s.<\/p>\n<p>Do p\u00f3\u017anych godzin wieczornych widz\u00f3w Nocy b\u0119dzie go\u015bci\u0107 Industrial Cafe, w kt\u00f3rej mi\u0142o\u015bnicy sztuki mog\u0105 spr\u00f3bowa\u0107 s\u0142onych i s\u0142odkich smakowito\u015bci, mog\u0105 te\u017c zabra\u0107 je ze sob\u0105 na w\u0119dr\u00f3wki w Ostrawsk\u0105 Noc Muze\u00f3w.<\/p>\n<h2>Kontakt:<\/h2>\n<p>Industrial Gallery<br \/>\nZahradn\u00ed 10<br \/>\n702 00 Moravsk\u00e1 Ostrava<br \/>\nE-mail:<span class=\"Apple-converted-space\">\u00a0<\/span><a href=\"mailto:info@industrialgallery.cz\">info@industrialgallery.cz<\/a><br \/>\nWeb:<span class=\"Apple-converted-space\">\u00a0<\/span><a href=\"https:\/\/www.industrialgallery.cz\/\" target=\"_blank\">www.industrialgallery.cz<\/a><br \/>\nTel.: 725 951 904<\/td>\n<td width=\"20\"><\/td>\n<td valign=\"top\" width=\"300\">\n<h2><img loading=\"lazy\" src=\"https:\/\/2013.ostravskamuzejninoc.cz\/wp-content\/uploads\/2013\/05\/logo_industiral_gallery.png\" alt=\"logo_industiral_gallery\" width=\"280\" height=\"101\" \/><\/h2>\n<h2><a class=\"cboxElement\" title=\"INDUSTRIAL Gallery\" href=\"https:\/\/www.2014.ostravskamuzejninoc.cz\/wp-content\/uploads\/2014\/05\/industrial_03.jpg\" rel=\"lightbox[146]\"><img loading=\"lazy\" class=\"alignleft size-medium wp-image-167\" src=\"https:\/\/2014.ostravskamuzejninoc.cz\/wp-content\/uploads\/2014\/05\/industrial_03-300x198.jpg\" alt=\"industrial_03\" width=\"300\" height=\"198\" \/><\/a><\/h2>\n<h2><\/h2>\n<h2><a href=\"https:\/\/2015.ostravskamuzejninoc.cz\/wp-content\/uploads\/2015\/04\/01_industrial_gallery.jpg\"><img loading=\"lazy\" class=\"alignnone size-thumbnail wp-image-298\" src=\"https:\/\/2015.ostravskamuzejninoc.cz\/wp-content\/uploads\/2015\/04\/01_industrial_gallery-150x150.jpg\" alt=\"01_industrial_gallery\" width=\"150\" height=\"150\" \/><\/a> <a href=\"https:\/\/2015.ostravskamuzejninoc.cz\/wp-content\/uploads\/2015\/04\/02_industrial_gallery.jpg\"><img loading=\"lazy\" class=\"alignnone size-thumbnail wp-image-299\" src=\"https:\/\/2015.ostravskamuzejninoc.cz\/wp-content\/uploads\/2015\/04\/02_industrial_gallery-150x150.jpg\" alt=\"02_industrial_gallery\" width=\"150\" height=\"150\" \/><\/a> <a href=\"https:\/\/2015.ostravskamuzejninoc.cz\/wp-content\/uploads\/2015\/04\/03_industrial_gallery.jpg\"><img loading=\"lazy\" class=\"alignnone size-thumbnail wp-image-300\" src=\"https:\/\/2015.ostravskamuzejninoc.cz\/wp-content\/uploads\/2015\/04\/03_industrial_gallery-150x150.jpg\" alt=\"03_industrial_gallery\" width=\"150\" height=\"150\" \/><\/a> <a href=\"https:\/\/2015.ostravskamuzejninoc.cz\/wp-content\/uploads\/2015\/04\/04_industrial_gallery.jpg\"><img loading=\"lazy\" class=\"alignnone size-thumbnail wp-image-301\" src=\"https:\/\/2015.ostravskamuzejninoc.cz\/wp-content\/uploads\/2015\/04\/04_industrial_gallery-150x150.jpg\" alt=\"04_industrial_gallery\" width=\"150\" height=\"150\" \/><\/a><\/h2>\n<\/td>\n<\/tr>\n<\/tbody>\n<\/table>\n<p><\/p>","protected":false},"excerpt":{"rendered":"<p>INDUSTRIAL Gallery INDUSTRIAL Gallery ma swoj\u0105 siedzib\u0119 w centrum Ostrawy na ul. Zahradni 10. Galeria prezentuje autor\u00f3w nowej generacji oraz absolwent\u00f3w szk\u00f3\u0142 wy\u017cszych i ma na celu rozwija\u0107 ich koncepcje na pocz\u0105tku kariery artystycznej. Obok dzie\u0142 dobrze zapowiadaj\u0105cych si\u0119 artyst\u00f3w galeria koncentruje si\u0119 na tw\u00f3rczo\u015bci artyst\u00f3w o ustabilizowanej pozycji. Oferuje zatem przegl\u0105d tw\u00f3rczo\u015bci mi\u0119dzynarodowej najwy\u017cszych [&hellip;]<\/p>\n","protected":false},"author":1,"featured_media":0,"parent":0,"menu_order":0,"comment_status":"closed","ping_status":"closed","template":"","meta":[],"_links":{"self":[{"href":"https:\/\/2015.ostravskamuzejninoc.cz\/pl\/wp-json\/wp\/v2\/pages\/82"}],"collection":[{"href":"https:\/\/2015.ostravskamuzejninoc.cz\/pl\/wp-json\/wp\/v2\/pages"}],"about":[{"href":"https:\/\/2015.ostravskamuzejninoc.cz\/pl\/wp-json\/wp\/v2\/types\/page"}],"author":[{"embeddable":true,"href":"https:\/\/2015.ostravskamuzejninoc.cz\/pl\/wp-json\/wp\/v2\/users\/1"}],"replies":[{"embeddable":true,"href":"https:\/\/2015.ostravskamuzejninoc.cz\/pl\/wp-json\/wp\/v2\/comments?post=82"}],"version-history":[{"count":13,"href":"https:\/\/2015.ostravskamuzejninoc.cz\/pl\/wp-json\/wp\/v2\/pages\/82\/revisions"}],"predecessor-version":[{"id":773,"href":"https:\/\/2015.ostravskamuzejninoc.cz\/pl\/wp-json\/wp\/v2\/pages\/82\/revisions\/773"}],"wp:attachment":[{"href":"https:\/\/2015.ostravskamuzejninoc.cz\/pl\/wp-json\/wp\/v2\/media?parent=82"}],"curies":[{"name":"wp","href":"https:\/\/api.w.org\/{rel}","templated":true}]}}