{"id":94,"date":"2015-04-28T16:15:55","date_gmt":"2015-04-28T15:15:55","guid":{"rendered":"http:\/\/2015.ostravskamuzejninoc.cz\/?page_id=94"},"modified":"2015-05-25T19:59:13","modified_gmt":"2015-05-25T18:59:13","slug":"cesky-muzeum-a-galerie-mlejn","status":"publish","type":"page","link":"https:\/\/2015.ostravskamuzejninoc.cz\/pl\/cesky-muzeum-a-galerie-mlejn\/","title":{"rendered":"Muzeum i galeria Mlejn"},"content":{"rendered":"<p><\/p>\n<table class=\"alignleft\" border=\"0\" width=\"700\" cellspacing=\"0\" cellpadding=\"0\">\n<tbody>\n<tr>\n<td valign=\"top\" width=\"380\">\n<h1>Muzeum i\u00a0galeria Mlejn (M\u0142yn)<\/h1>\n<h5>18.00\u201323.00<\/h5>\n<h3>Zwiedzanie wystawy bez przewodnika (Muzeum M\u0142yn)<\/h3>\n<h5>18.30\u201321.30<\/h5>\n<h3>Zwiedzanie z przewodnikiem (Muzeum M\u0142yn)<\/h3>\n<p>Zwiedzanie ekspozycji trwa blisko godzin\u0119. Ostatnie zaczyna si\u0119 o godzinie 21.30.<\/p>\n<p>Historia m\u0142yna w Morawskiej Ostrawie, historia m\u0142yna Samuely &#038; Wechsberg, zabytkowe przyrz\u0105dy, ekspozycja metalowych m\u0142ynk\u00f3w oraz pokaz mielenia na m\u0142y\u0144skich kamieniach i m\u0142ynkach.<\/p>\n<h5>18.00\u201323.00<\/h5>\n<h3>Zwiedzanie bez przewodnika wystawy Jaroslavy Saidlowej i Ond\u0159eje Tka\u010d\u00edka (Galeria M\u0142yn)<\/h3>\n<h2>Kontakt:<\/h2>\n<p align=\"left\">Muzeum a Galerie Mlejn<br \/>\nN\u00e1dra\u017en\u00ed 3136\/138 A<br \/>\n702 00 Moravsk\u00e1 Ostrava<br \/>\nE-mail:<span class=\"Apple-converted-space\">\u00a0<\/span><a href=\"mailto:galeriemlejn@gmail.com\" target=\"_blank\">galeriemlejn@gmail.com<\/a><br \/>\nWeb:<span class=\"Apple-converted-space\">\u00a0<\/span><a href=\"https:\/\/www.mlejn.com\/\" target=\"_blank\">www.mlejn.com<\/a><br \/>\nTel.: 596 136 033<\/p>\n<\/td>\n<td width=\"20\"><\/td>\n<td valign=\"top\" width=\"300\"><img loading=\"lazy\" src=\"https:\/\/2013.ostravskamuzejninoc.cz\/wp-content\/uploads\/2013\/04\/meljn.png\" alt=\"meljn\" width=\"233\" height=\"200\" \/><\/p>\n<p><img loading=\"lazy\" class=\"alignnone size-full wp-image-313\" src=\"https:\/\/2015.ostravskamuzejninoc.cz\/wp-content\/uploads\/2015\/04\/Muzeum-a-Galerie-Mlejn-malerazitko.jpg\" alt=\"Muzeum a Galerie  Mlejn malerazitko\" width=\"250\" height=\"151\" \/> <img loading=\"lazy\" class=\"alignnone size-medium wp-image-314\" src=\"https:\/\/2015.ostravskamuzejninoc.cz\/wp-content\/uploads\/2015\/04\/Muzeum-a-Galerie-Mlejn-300x96.jpg\" alt=\"Muzeum a Galerie Mlejn\" width=\"300\" height=\"96\" srcset=\"https:\/\/2015.ostravskamuzejninoc.cz\/wp-content\/uploads\/2015\/04\/Muzeum-a-Galerie-Mlejn-300x96.jpg 300w, https:\/\/2015.ostravskamuzejninoc.cz\/wp-content\/uploads\/2015\/04\/Muzeum-a-Galerie-Mlejn-1024x326.jpg 1024w, https:\/\/2015.ostravskamuzejninoc.cz\/wp-content\/uploads\/2015\/04\/Muzeum-a-Galerie-Mlejn.jpg 1448w\" sizes=\"(max-width: 300px) 100vw, 300px\" \/><\/p>\n<p><img loading=\"lazy\" class=\"aligncenter size-full wp-image-373\" src=\"https:\/\/2013.ostravskamuzejninoc.cz\/wp-content\/uploads\/2013\/04\/foto_mlejn02.jpg\" alt=\"foto_mlejn02\" width=\"300\" height=\"225\" \/><a class=\"cboxElement\" title=\"Muzeum a galerie Mlejn\" href=\"https:\/\/www.2013.ostravskamuzejninoc.cz\/wp-content\/uploads\/2013\/04\/melejn_foto2.jpg\" rel=\"lightbox[170]\"><img loading=\"lazy\" class=\"aligncenter size-full wp-image-374\" src=\"https:\/\/2013.ostravskamuzejninoc.cz\/wp-content\/uploads\/2013\/04\/melejn_foto2.jpg\" alt=\"OLYMPUS DIGITAL CAMERA\" width=\"300\" height=\"400\" \/><\/a><\/td>\n<\/tr>\n<\/tbody>\n<\/table>\n<p><\/p>","protected":false},"excerpt":{"rendered":"<p>Muzeum i\u00a0galeria Mlejn (M\u0142yn) 18.00\u201323.00 Zwiedzanie wystawy bez przewodnika (Muzeum M\u0142yn) 18.30\u201321.30 Zwiedzanie z przewodnikiem (Muzeum M\u0142yn) Zwiedzanie ekspozycji trwa blisko godzin\u0119. Ostatnie zaczyna si\u0119 o godzinie 21.30. Historia m\u0142yna w Morawskiej Ostrawie, historia m\u0142yna Samuely &#038; Wechsberg, zabytkowe przyrz\u0105dy, ekspozycja metalowych m\u0142ynk\u00f3w oraz pokaz mielenia na m\u0142y\u0144skich kamieniach i m\u0142ynkach. 18.00\u201323.00 Zwiedzanie bez przewodnika [&hellip;]<\/p>\n","protected":false},"author":1,"featured_media":0,"parent":0,"menu_order":0,"comment_status":"closed","ping_status":"closed","template":"","meta":[],"_links":{"self":[{"href":"https:\/\/2015.ostravskamuzejninoc.cz\/pl\/wp-json\/wp\/v2\/pages\/94"}],"collection":[{"href":"https:\/\/2015.ostravskamuzejninoc.cz\/pl\/wp-json\/wp\/v2\/pages"}],"about":[{"href":"https:\/\/2015.ostravskamuzejninoc.cz\/pl\/wp-json\/wp\/v2\/types\/page"}],"author":[{"embeddable":true,"href":"https:\/\/2015.ostravskamuzejninoc.cz\/pl\/wp-json\/wp\/v2\/users\/1"}],"replies":[{"embeddable":true,"href":"https:\/\/2015.ostravskamuzejninoc.cz\/pl\/wp-json\/wp\/v2\/comments?post=94"}],"version-history":[{"count":18,"href":"https:\/\/2015.ostravskamuzejninoc.cz\/pl\/wp-json\/wp\/v2\/pages\/94\/revisions"}],"predecessor-version":[{"id":674,"href":"https:\/\/2015.ostravskamuzejninoc.cz\/pl\/wp-json\/wp\/v2\/pages\/94\/revisions\/674"}],"wp:attachment":[{"href":"https:\/\/2015.ostravskamuzejninoc.cz\/pl\/wp-json\/wp\/v2\/media?parent=94"}],"curies":[{"name":"wp","href":"https:\/\/api.w.org\/{rel}","templated":true}]}}